{"id":46066,"date":"2026-01-02T18:50:49","date_gmt":"2026-01-02T21:50:49","guid":{"rendered":"https:\/\/terezaxavier.com.br\/?post_type=product&#038;p=46066"},"modified":"2026-01-07T16:50:34","modified_gmt":"2026-01-07T19:50:34","slug":"pingente-smile-medio-verde-limao","status":"publish","type":"product","link":"https:\/\/terezaxavier.com.br\/en\/product\/pingente-smile-medio-verde-limao\/","title":{"rendered":"Pingente Smile M\u00e9dio Verde Lim\u00e3o"},"content":{"rendered":"<p>Pingente Smile confeccionado em Prata 925 e esmalte na cor verde lim\u00e3o. Este pingente Smile pode ser confeccionado por encomenda em Ouro 18k.<\/p>","protected":false},"excerpt":{"rendered":"<p>Pingente Smile confeccionado em Prata 925 e esmalte na cor verde lim\u00e3o. Este pingente Smile pode ser confeccionado por encomenda em Ouro 18k.<\/p>","protected":false},"featured_media":46061,"comment_status":"open","ping_status":"closed","template":"","meta":{"_joinchat":[]},"product_brand":[],"product_cat":[219],"product_tag":[],"class_list":{"0":"post-46066","1":"product","2":"type-product","3":"status-publish","4":"has-post-thumbnail","6":"product_cat-alta-joalheria","8":"first","9":"instock","10":"shipping-taxable","11":"purchasable","12":"product-type-simple"},"_links":{"self":[{"href":"https:\/\/terezaxavier.com.br\/en\/wp-json\/wp\/v2\/product\/46066","targetHints":{"allow":["GET"]}}],"collection":[{"href":"https:\/\/terezaxavier.com.br\/en\/wp-json\/wp\/v2\/product"}],"about":[{"href":"https:\/\/terezaxavier.com.br\/en\/wp-json\/wp\/v2\/types\/product"}],"replies":[{"embeddable":true,"href":"https:\/\/terezaxavier.com.br\/en\/wp-json\/wp\/v2\/comments?post=46066"}],"wp:featuredmedia":[{"embeddable":true,"href":"https:\/\/terezaxavier.com.br\/en\/wp-json\/wp\/v2\/media\/46061"}],"wp:attachment":[{"href":"https:\/\/terezaxavier.com.br\/en\/wp-json\/wp\/v2\/media?parent=46066"}],"wp:term":[{"taxonomy":"product_brand","embeddable":true,"href":"https:\/\/terezaxavier.com.br\/en\/wp-json\/wp\/v2\/product_brand?post=46066"},{"taxonomy":"product_cat","embeddable":true,"href":"https:\/\/terezaxavier.com.br\/en\/wp-json\/wp\/v2\/product_cat?post=46066"},{"taxonomy":"product_tag","embeddable":true,"href":"https:\/\/terezaxavier.com.br\/en\/wp-json\/wp\/v2\/product_tag?post=46066"}],"curies":[{"name":"wp","href":"https:\/\/api.w.org\/{rel}","templated":true}]}}