{"id":45872,"date":"2025-12-17T13:56:49","date_gmt":"2025-12-17T16:56:49","guid":{"rendered":"https:\/\/terezaxavier.com.br\/?post_type=product&#038;p=45872"},"modified":"2026-04-01T19:05:26","modified_gmt":"2026-04-01T22:05:26","slug":"pulseira-longa-alto-jurua-54","status":"publish","type":"product","link":"https:\/\/terezaxavier.com.br\/en\/product\/pulseira-longa-alto-jurua-54\/","title":{"rendered":"Pulseira Longa Alto Juru\u00e1 54"},"content":{"rendered":"<p>Pulseira Cole\u00e7\u00e3o Alto Juru\u00e1 54 confeccionada em tear manual com puras l\u00e3s coloridas, por mulheres ind\u00edgenas da Amaz\u00f4nia e bordada a m\u00e3o Turmalinas Rosas e mi\u00e7angas brancas, logo em Prata 925. Pe\u00e7a \u00fanica e aproximadamente 112 cent\u00edmetros.<\/p>","protected":false},"excerpt":{"rendered":"<p>Pulseira Cole\u00e7\u00e3o Alto Juru\u00e1 54 confeccionada em tear manual com puras l\u00e3s coloridas, por mulheres ind\u00edgenas da Amaz\u00f4nia e bordada a m\u00e3o Turmalinas Rosas e mi\u00e7angas brancas, logo em Prata 925. Pe\u00e7a \u00fanica e aproximadamente 112 cent\u00edmetros.<\/p>","protected":false},"featured_media":45873,"comment_status":"open","ping_status":"closed","template":"","meta":{"_joinchat":[]},"product_brand":[],"product_cat":[219],"product_tag":[],"class_list":{"0":"post-45872","1":"product","2":"type-product","3":"status-publish","4":"has-post-thumbnail","6":"product_cat-alta-joalheria","8":"first","9":"instock","10":"shipping-taxable","11":"purchasable","12":"product-type-simple"},"_links":{"self":[{"href":"https:\/\/terezaxavier.com.br\/en\/wp-json\/wp\/v2\/product\/45872","targetHints":{"allow":["GET"]}}],"collection":[{"href":"https:\/\/terezaxavier.com.br\/en\/wp-json\/wp\/v2\/product"}],"about":[{"href":"https:\/\/terezaxavier.com.br\/en\/wp-json\/wp\/v2\/types\/product"}],"replies":[{"embeddable":true,"href":"https:\/\/terezaxavier.com.br\/en\/wp-json\/wp\/v2\/comments?post=45872"}],"wp:featuredmedia":[{"embeddable":true,"href":"https:\/\/terezaxavier.com.br\/en\/wp-json\/wp\/v2\/media\/45873"}],"wp:attachment":[{"href":"https:\/\/terezaxavier.com.br\/en\/wp-json\/wp\/v2\/media?parent=45872"}],"wp:term":[{"taxonomy":"product_brand","embeddable":true,"href":"https:\/\/terezaxavier.com.br\/en\/wp-json\/wp\/v2\/product_brand?post=45872"},{"taxonomy":"product_cat","embeddable":true,"href":"https:\/\/terezaxavier.com.br\/en\/wp-json\/wp\/v2\/product_cat?post=45872"},{"taxonomy":"product_tag","embeddable":true,"href":"https:\/\/terezaxavier.com.br\/en\/wp-json\/wp\/v2\/product_tag?post=45872"}],"curies":[{"name":"wp","href":"https:\/\/api.w.org\/{rel}","templated":true}]}}