{"id":45052,"date":"2025-03-14T18:53:18","date_gmt":"2025-03-14T21:53:18","guid":{"rendered":"https:\/\/terezaxavier.com.br\/?post_type=product&#038;p=45052"},"modified":"2025-10-23T10:50:13","modified_gmt":"2025-10-23T13:50:13","slug":"fio-primavera-2","status":"publish","type":"product","link":"https:\/\/terezaxavier.com.br\/en\/product\/fio-primavera-2\/","title":{"rendered":"Fio Primavera"},"content":{"rendered":"<p>O Fio Primavera da Cole\u00e7\u00e3o Primavera \u00e9 confeccionado \u00e0 m\u00e3o com puras l\u00e3s coloridas fin\u00edssimas e Gotas de Olho de Tigre Vermelho, bordado \u00e0 m\u00e3o com mi\u00e7angas multicoloridas e logo em Prata 925.<\/p>","protected":false},"excerpt":{"rendered":"<p>O Fio Primavera da Cole\u00e7\u00e3o Primavera \u00e9 confeccionado \u00e0 m\u00e3o com puras l\u00e3s coloridas fin\u00edssimas e Gotas de Olho de Tigre Vermelho, bordado \u00e0 m\u00e3o com mi\u00e7angas multicoloridas e logo em Prata 925.<\/p>","protected":false},"featured_media":45049,"comment_status":"open","ping_status":"closed","template":"","meta":{"_joinchat":[]},"product_brand":[],"product_cat":[218],"product_tag":[],"class_list":{"0":"post-45052","1":"product","2":"type-product","3":"status-publish","4":"has-post-thumbnail","6":"product_cat-alta-joalheria-textil","8":"first","9":"instock","10":"shipping-taxable","11":"product-type-simple"},"_links":{"self":[{"href":"https:\/\/terezaxavier.com.br\/en\/wp-json\/wp\/v2\/product\/45052","targetHints":{"allow":["GET"]}}],"collection":[{"href":"https:\/\/terezaxavier.com.br\/en\/wp-json\/wp\/v2\/product"}],"about":[{"href":"https:\/\/terezaxavier.com.br\/en\/wp-json\/wp\/v2\/types\/product"}],"replies":[{"embeddable":true,"href":"https:\/\/terezaxavier.com.br\/en\/wp-json\/wp\/v2\/comments?post=45052"}],"wp:featuredmedia":[{"embeddable":true,"href":"https:\/\/terezaxavier.com.br\/en\/wp-json\/wp\/v2\/media\/45049"}],"wp:attachment":[{"href":"https:\/\/terezaxavier.com.br\/en\/wp-json\/wp\/v2\/media?parent=45052"}],"wp:term":[{"taxonomy":"product_brand","embeddable":true,"href":"https:\/\/terezaxavier.com.br\/en\/wp-json\/wp\/v2\/product_brand?post=45052"},{"taxonomy":"product_cat","embeddable":true,"href":"https:\/\/terezaxavier.com.br\/en\/wp-json\/wp\/v2\/product_cat?post=45052"},{"taxonomy":"product_tag","embeddable":true,"href":"https:\/\/terezaxavier.com.br\/en\/wp-json\/wp\/v2\/product_tag?post=45052"}],"curies":[{"name":"wp","href":"https:\/\/api.w.org\/{rel}","templated":true}]}}