{"id":44920,"date":"2025-03-14T12:09:29","date_gmt":"2025-03-14T15:09:29","guid":{"rendered":"https:\/\/terezaxavier.com.br\/?post_type=product&#038;p=44920"},"modified":"2025-10-23T10:51:20","modified_gmt":"2025-10-23T13:51:20","slug":"fio-copacabana-34","status":"publish","type":"product","link":"https:\/\/terezaxavier.com.br\/en\/product\/fio-copacabana-34\/","title":{"rendered":"Fio Copacabana 34"},"content":{"rendered":"<p>Fio Copacabana 34 Alta Joalheria T\u00eaxtil confeccionado \u00e0 m\u00e3o com puras l\u00e3s coloridas por artes\u00e3s brasileiras e bordadas com mi\u00e7angas coloridas, 2\u00a0 gotas de Olho de Tigre Vermelho. Pe\u00e7a \u00fanica com aproximadamente 106 cent\u00edmetros e logo em prata 950 rhodium negro.<\/p>","protected":false},"excerpt":{"rendered":"<p>Fio Copacabana 34 Alta Joalheria T\u00eaxtil confeccionado \u00e0 m\u00e3o com puras l\u00e3s coloridas por artes\u00e3s brasileiras e bordadas com mi\u00e7angas coloridas, 2\u00a0 gotas de Olho de Tigre Vermelho. Pe\u00e7a \u00fanica com aproximadamente 106 cent\u00edmetros e logo em prata 950 rhodium negro.<\/p>","protected":false},"featured_media":0,"comment_status":"open","ping_status":"closed","template":"","meta":{"_joinchat":[]},"product_brand":[],"product_cat":[218],"product_tag":[],"class_list":{"0":"post-44920","1":"product","2":"type-product","3":"status-publish","5":"product_cat-alta-joalheria-textil","7":"first","8":"instock","9":"shipping-taxable","10":"purchasable","11":"product-type-simple"},"_links":{"self":[{"href":"https:\/\/terezaxavier.com.br\/en\/wp-json\/wp\/v2\/product\/44920","targetHints":{"allow":["GET"]}}],"collection":[{"href":"https:\/\/terezaxavier.com.br\/en\/wp-json\/wp\/v2\/product"}],"about":[{"href":"https:\/\/terezaxavier.com.br\/en\/wp-json\/wp\/v2\/types\/product"}],"replies":[{"embeddable":true,"href":"https:\/\/terezaxavier.com.br\/en\/wp-json\/wp\/v2\/comments?post=44920"}],"wp:attachment":[{"href":"https:\/\/terezaxavier.com.br\/en\/wp-json\/wp\/v2\/media?parent=44920"}],"wp:term":[{"taxonomy":"product_brand","embeddable":true,"href":"https:\/\/terezaxavier.com.br\/en\/wp-json\/wp\/v2\/product_brand?post=44920"},{"taxonomy":"product_cat","embeddable":true,"href":"https:\/\/terezaxavier.com.br\/en\/wp-json\/wp\/v2\/product_cat?post=44920"},{"taxonomy":"product_tag","embeddable":true,"href":"https:\/\/terezaxavier.com.br\/en\/wp-json\/wp\/v2\/product_tag?post=44920"}],"curies":[{"name":"wp","href":"https:\/\/api.w.org\/{rel}","templated":true}]}}