{"id":44784,"date":"2025-03-12T17:52:08","date_gmt":"2025-03-12T20:52:08","guid":{"rendered":"https:\/\/terezaxavier.com.br\/?post_type=product&#038;p=44784"},"modified":"2025-10-23T10:52:41","modified_gmt":"2025-10-23T13:52:41","slug":"pulseira-talisma-20","status":"publish","type":"product","link":"https:\/\/terezaxavier.com.br\/en\/product\/pulseira-talisma-20\/","title":{"rendered":"Pulseira Talism\u00e3"},"content":{"rendered":"<p>Pulseira Talism\u00e3 cor natural confeccionada com Palha Ind\u00edgena, bordada \u00e0 m\u00e3o com \u00c1guas Marinhas e fecho em Prata 925.<\/p>","protected":false},"excerpt":{"rendered":"<p>Pulseira Talism\u00e3 cor natural confeccionada com Palha Ind\u00edgena, bordada \u00e0 m\u00e3o com \u00c1guas Marinhas e fecho em Prata 925.<\/p>","protected":false},"featured_media":44769,"comment_status":"open","ping_status":"closed","template":"","meta":{"_joinchat":[]},"product_brand":[],"product_cat":[219],"product_tag":[],"class_list":{"0":"post-44784","1":"product","2":"type-product","3":"status-publish","4":"has-post-thumbnail","6":"product_cat-alta-joalheria","8":"first","9":"instock","10":"shipping-taxable","11":"purchasable","12":"product-type-simple"},"_links":{"self":[{"href":"https:\/\/terezaxavier.com.br\/en\/wp-json\/wp\/v2\/product\/44784","targetHints":{"allow":["GET"]}}],"collection":[{"href":"https:\/\/terezaxavier.com.br\/en\/wp-json\/wp\/v2\/product"}],"about":[{"href":"https:\/\/terezaxavier.com.br\/en\/wp-json\/wp\/v2\/types\/product"}],"replies":[{"embeddable":true,"href":"https:\/\/terezaxavier.com.br\/en\/wp-json\/wp\/v2\/comments?post=44784"}],"wp:featuredmedia":[{"embeddable":true,"href":"https:\/\/terezaxavier.com.br\/en\/wp-json\/wp\/v2\/media\/44769"}],"wp:attachment":[{"href":"https:\/\/terezaxavier.com.br\/en\/wp-json\/wp\/v2\/media?parent=44784"}],"wp:term":[{"taxonomy":"product_brand","embeddable":true,"href":"https:\/\/terezaxavier.com.br\/en\/wp-json\/wp\/v2\/product_brand?post=44784"},{"taxonomy":"product_cat","embeddable":true,"href":"https:\/\/terezaxavier.com.br\/en\/wp-json\/wp\/v2\/product_cat?post=44784"},{"taxonomy":"product_tag","embeddable":true,"href":"https:\/\/terezaxavier.com.br\/en\/wp-json\/wp\/v2\/product_tag?post=44784"}],"curies":[{"name":"wp","href":"https:\/\/api.w.org\/{rel}","templated":true}]}}