{"id":44504,"date":"2025-01-29T18:39:43","date_gmt":"2025-01-29T21:39:43","guid":{"rendered":"https:\/\/terezaxavier.com.br\/?post_type=product&#038;p=44504"},"modified":"2025-10-23T11:00:24","modified_gmt":"2025-10-23T14:00:24","slug":"colar-alto-jurua-6","status":"publish","type":"product","link":"https:\/\/terezaxavier.com.br\/en\/product\/colar-alto-jurua-6\/","title":{"rendered":"Colar Alto Juru\u00e1 6"},"content":{"rendered":"<p>Colar 6 Cole\u00e7\u00e3o Alto Juru\u00e1 confeccionado em tear manual em puras l\u00e3s de diferentes cores, por mulheres ind\u00edgenas da Amaz\u00f4nia e bordado \u00e0 m\u00e3o com Turquesas e pingente confeccionado \u00e0 m\u00e3o com Rubis, L\u00e1pis Lazuli, Turquesa, Citrinos e logo em Ouro Amarelo 18k.<\/p>","protected":false},"excerpt":{"rendered":"<p>Colar 6 Cole\u00e7\u00e3o Alto Juru\u00e1 confeccionado em tear manual em puras l\u00e3s de diferentes cores, por mulheres ind\u00edgenas da Amaz\u00f4nia e bordado \u00e0 m\u00e3o com Turquesas e pingente confeccionado \u00e0 m\u00e3o com Rubis, L\u00e1pis Lazuli, Turquesa, Citrinos e logo em Ouro Amarelo 18k.<\/p>","protected":false},"featured_media":44498,"comment_status":"open","ping_status":"closed","template":"","meta":{"_joinchat":[]},"product_brand":[],"product_cat":[218],"product_tag":[],"class_list":{"0":"post-44504","1":"product","2":"type-product","3":"status-publish","4":"has-post-thumbnail","6":"product_cat-alta-joalheria-textil","8":"first","9":"instock","10":"shipping-taxable","11":"purchasable","12":"product-type-simple"},"_links":{"self":[{"href":"https:\/\/terezaxavier.com.br\/en\/wp-json\/wp\/v2\/product\/44504","targetHints":{"allow":["GET"]}}],"collection":[{"href":"https:\/\/terezaxavier.com.br\/en\/wp-json\/wp\/v2\/product"}],"about":[{"href":"https:\/\/terezaxavier.com.br\/en\/wp-json\/wp\/v2\/types\/product"}],"replies":[{"embeddable":true,"href":"https:\/\/terezaxavier.com.br\/en\/wp-json\/wp\/v2\/comments?post=44504"}],"wp:featuredmedia":[{"embeddable":true,"href":"https:\/\/terezaxavier.com.br\/en\/wp-json\/wp\/v2\/media\/44498"}],"wp:attachment":[{"href":"https:\/\/terezaxavier.com.br\/en\/wp-json\/wp\/v2\/media?parent=44504"}],"wp:term":[{"taxonomy":"product_brand","embeddable":true,"href":"https:\/\/terezaxavier.com.br\/en\/wp-json\/wp\/v2\/product_brand?post=44504"},{"taxonomy":"product_cat","embeddable":true,"href":"https:\/\/terezaxavier.com.br\/en\/wp-json\/wp\/v2\/product_cat?post=44504"},{"taxonomy":"product_tag","embeddable":true,"href":"https:\/\/terezaxavier.com.br\/en\/wp-json\/wp\/v2\/product_tag?post=44504"}],"curies":[{"name":"wp","href":"https:\/\/api.w.org\/{rel}","templated":true}]}}