{"id":44342,"date":"2025-01-08T18:40:25","date_gmt":"2025-01-08T21:40:25","guid":{"rendered":"https:\/\/terezaxavier.com.br\/?post_type=product&#038;p=44342"},"modified":"2025-10-23T11:00:44","modified_gmt":"2025-10-23T14:00:44","slug":"pulseira-malca-curta-colorida-2","status":"publish","type":"product","link":"https:\/\/terezaxavier.com.br\/en\/product\/pulseira-malca-curta-colorida-2\/","title":{"rendered":"Pulseira Malca Curta Colorida"},"content":{"rendered":"<p>Pulseira curta 1 confeccionada \u00e0 m\u00e3o com finas l\u00e3s coloridas e mi\u00e7angas multicoloridas por artes\u00e3s brasileiras e logo em Prata 925.<\/p>","protected":false},"excerpt":{"rendered":"<p>Pulseira curta confeccionada \u00e0 m\u00e3o com finas l\u00e3s coloridas e mi\u00e7angas multicoloridas por artes\u00e3s brasileiras e logo em Prata 925.<\/p>","protected":false},"featured_media":44337,"comment_status":"open","ping_status":"closed","template":"","meta":{"_joinchat":[]},"product_brand":[],"product_cat":[218],"product_tag":[],"class_list":{"0":"post-44342","1":"product","2":"type-product","3":"status-publish","4":"has-post-thumbnail","6":"product_cat-alta-joalheria-textil","8":"first","9":"instock","10":"shipping-taxable","11":"purchasable","12":"product-type-simple"},"_links":{"self":[{"href":"https:\/\/terezaxavier.com.br\/en\/wp-json\/wp\/v2\/product\/44342","targetHints":{"allow":["GET"]}}],"collection":[{"href":"https:\/\/terezaxavier.com.br\/en\/wp-json\/wp\/v2\/product"}],"about":[{"href":"https:\/\/terezaxavier.com.br\/en\/wp-json\/wp\/v2\/types\/product"}],"replies":[{"embeddable":true,"href":"https:\/\/terezaxavier.com.br\/en\/wp-json\/wp\/v2\/comments?post=44342"}],"wp:featuredmedia":[{"embeddable":true,"href":"https:\/\/terezaxavier.com.br\/en\/wp-json\/wp\/v2\/media\/44337"}],"wp:attachment":[{"href":"https:\/\/terezaxavier.com.br\/en\/wp-json\/wp\/v2\/media?parent=44342"}],"wp:term":[{"taxonomy":"product_brand","embeddable":true,"href":"https:\/\/terezaxavier.com.br\/en\/wp-json\/wp\/v2\/product_brand?post=44342"},{"taxonomy":"product_cat","embeddable":true,"href":"https:\/\/terezaxavier.com.br\/en\/wp-json\/wp\/v2\/product_cat?post=44342"},{"taxonomy":"product_tag","embeddable":true,"href":"https:\/\/terezaxavier.com.br\/en\/wp-json\/wp\/v2\/product_tag?post=44342"}],"curies":[{"name":"wp","href":"https:\/\/api.w.org\/{rel}","templated":true}]}}