{"id":44332,"date":"2025-01-08T18:07:46","date_gmt":"2025-01-08T21:07:46","guid":{"rendered":"https:\/\/terezaxavier.com.br\/?post_type=product&#038;p=44332"},"modified":"2025-10-23T11:02:52","modified_gmt":"2025-10-23T14:02:52","slug":"pulseira-malca-longa-7","status":"publish","type":"product","link":"https:\/\/terezaxavier.com.br\/en\/product\/pulseira-malca-longa-7\/","title":{"rendered":"Pulseira Malca Longa"},"content":{"rendered":"<p>Pulseira confeccionada \u00e0 m\u00e3o com finas l\u00e3s e mi\u00e7angas coloridas por artes\u00e3s brasileiras e logo em Prata 925.<\/p>","protected":false},"excerpt":{"rendered":"<p>Pulseira confeccionada \u00e0 m\u00e3o com finas l\u00e3s e mi\u00e7angas coloridas por artes\u00e3s brasileiras e logo em Prata 925.<\/p>","protected":false},"featured_media":44316,"comment_status":"open","ping_status":"closed","template":"","meta":{"_joinchat":[]},"product_brand":[],"product_cat":[218],"product_tag":[],"class_list":{"0":"post-44332","1":"product","2":"type-product","3":"status-publish","4":"has-post-thumbnail","6":"product_cat-alta-joalheria-textil","8":"first","9":"instock","10":"shipping-taxable","11":"purchasable","12":"product-type-simple"},"_links":{"self":[{"href":"https:\/\/terezaxavier.com.br\/en\/wp-json\/wp\/v2\/product\/44332","targetHints":{"allow":["GET"]}}],"collection":[{"href":"https:\/\/terezaxavier.com.br\/en\/wp-json\/wp\/v2\/product"}],"about":[{"href":"https:\/\/terezaxavier.com.br\/en\/wp-json\/wp\/v2\/types\/product"}],"replies":[{"embeddable":true,"href":"https:\/\/terezaxavier.com.br\/en\/wp-json\/wp\/v2\/comments?post=44332"}],"wp:featuredmedia":[{"embeddable":true,"href":"https:\/\/terezaxavier.com.br\/en\/wp-json\/wp\/v2\/media\/44316"}],"wp:attachment":[{"href":"https:\/\/terezaxavier.com.br\/en\/wp-json\/wp\/v2\/media?parent=44332"}],"wp:term":[{"taxonomy":"product_brand","embeddable":true,"href":"https:\/\/terezaxavier.com.br\/en\/wp-json\/wp\/v2\/product_brand?post=44332"},{"taxonomy":"product_cat","embeddable":true,"href":"https:\/\/terezaxavier.com.br\/en\/wp-json\/wp\/v2\/product_cat?post=44332"},{"taxonomy":"product_tag","embeddable":true,"href":"https:\/\/terezaxavier.com.br\/en\/wp-json\/wp\/v2\/product_tag?post=44332"}],"curies":[{"name":"wp","href":"https:\/\/api.w.org\/{rel}","templated":true}]}}