{"id":44289,"date":"2025-01-08T16:35:12","date_gmt":"2025-01-08T19:35:12","guid":{"rendered":"https:\/\/terezaxavier.com.br\/?post_type=product&#038;p=44289"},"modified":"2025-10-23T11:06:01","modified_gmt":"2025-10-23T14:06:01","slug":"choker-fita-bordado","status":"publish","type":"product","link":"https:\/\/terezaxavier.com.br\/en\/product\/choker-fita-bordado\/","title":{"rendered":"Choker Fita Bordado"},"content":{"rendered":"<p>Choker Fita bordado Alto Juru\u00e1 confeccionado por mulheres ind\u00edgenas da Amaz\u00f4nia em tear manual com finas l\u00e3s coloridas, bordado \u00e0 m\u00e3o com Quartzos rosas, Granadas, Rodocrositas, Kunzitas, Turmalinas rosas, P\u00e9rolas, mi\u00e7angas coloridas e logo em Prata 925.<\/p>","protected":false},"excerpt":{"rendered":"<p>Choker Fita bordado Alto Juru\u00e1 confeccionado por mulheres ind\u00edgenas da Amaz\u00f4nia em tear manual com finas l\u00e3s coloridas, bordado \u00e0 m\u00e3o com Quartzos rosas, Granadas, Rodocrositas, Kunzitas, Turmalinas rosas, P\u00e9rolas, mi\u00e7angas coloridas e logo em Prata 925.<\/p>","protected":false},"featured_media":44290,"comment_status":"open","ping_status":"closed","template":"","meta":{"_joinchat":[]},"product_brand":[],"product_cat":[218],"product_tag":[],"class_list":{"0":"post-44289","1":"product","2":"type-product","3":"status-publish","4":"has-post-thumbnail","6":"product_cat-alta-joalheria-textil","8":"first","9":"instock","10":"shipping-taxable","11":"purchasable","12":"product-type-simple"},"_links":{"self":[{"href":"https:\/\/terezaxavier.com.br\/en\/wp-json\/wp\/v2\/product\/44289","targetHints":{"allow":["GET"]}}],"collection":[{"href":"https:\/\/terezaxavier.com.br\/en\/wp-json\/wp\/v2\/product"}],"about":[{"href":"https:\/\/terezaxavier.com.br\/en\/wp-json\/wp\/v2\/types\/product"}],"replies":[{"embeddable":true,"href":"https:\/\/terezaxavier.com.br\/en\/wp-json\/wp\/v2\/comments?post=44289"}],"wp:featuredmedia":[{"embeddable":true,"href":"https:\/\/terezaxavier.com.br\/en\/wp-json\/wp\/v2\/media\/44290"}],"wp:attachment":[{"href":"https:\/\/terezaxavier.com.br\/en\/wp-json\/wp\/v2\/media?parent=44289"}],"wp:term":[{"taxonomy":"product_brand","embeddable":true,"href":"https:\/\/terezaxavier.com.br\/en\/wp-json\/wp\/v2\/product_brand?post=44289"},{"taxonomy":"product_cat","embeddable":true,"href":"https:\/\/terezaxavier.com.br\/en\/wp-json\/wp\/v2\/product_cat?post=44289"},{"taxonomy":"product_tag","embeddable":true,"href":"https:\/\/terezaxavier.com.br\/en\/wp-json\/wp\/v2\/product_tag?post=44289"}],"curies":[{"name":"wp","href":"https:\/\/api.w.org\/{rel}","templated":true}]}}