{"id":41580,"date":"2024-06-26T20:10:09","date_gmt":"2024-06-26T23:10:09","guid":{"rendered":"https:\/\/terezaxavier.com.br\/?post_type=product&#038;p=41580"},"modified":"2025-10-23T11:10:54","modified_gmt":"2025-10-23T14:10:54","slug":"bolsa-vesica-piscis-9","status":"publish","type":"product","link":"https:\/\/terezaxavier.com.br\/en\/product\/bolsa-vesica-piscis-9\/","title":{"rendered":"Bolsa Vesica Piscis"},"content":{"rendered":"<p>Bolsa Vesica Piscis com tampa pequena bordada com P\u00e9rolas brancas, logo em Prata 925. Al\u00e7a em puro algod\u00e3o branco. Dimens\u00f5es: Comprimento 23 cm, Largura 13 cm e Altura 16 cm.<\/p>","protected":false},"excerpt":{"rendered":"<p>Bolsa Vesica Piscis com tampa pequena bordada com P\u00e9rolas brancas, logo em Prata 925. Al\u00e7a em puro algod\u00e3o branco. Dimens\u00f5es: Comprimento 23 cm, Largura 13 cm e Altura 16 cm.<\/p>","protected":false},"featured_media":42372,"comment_status":"open","ping_status":"closed","template":"","meta":{"_joinchat":[]},"product_brand":[],"product_cat":[218],"product_tag":[],"class_list":{"0":"post-41580","1":"product","2":"type-product","3":"status-publish","4":"has-post-thumbnail","6":"product_cat-alta-joalheria-textil","8":"first","9":"instock","10":"shipping-taxable","11":"product-type-simple"},"_links":{"self":[{"href":"https:\/\/terezaxavier.com.br\/en\/wp-json\/wp\/v2\/product\/41580","targetHints":{"allow":["GET"]}}],"collection":[{"href":"https:\/\/terezaxavier.com.br\/en\/wp-json\/wp\/v2\/product"}],"about":[{"href":"https:\/\/terezaxavier.com.br\/en\/wp-json\/wp\/v2\/types\/product"}],"replies":[{"embeddable":true,"href":"https:\/\/terezaxavier.com.br\/en\/wp-json\/wp\/v2\/comments?post=41580"}],"wp:featuredmedia":[{"embeddable":true,"href":"https:\/\/terezaxavier.com.br\/en\/wp-json\/wp\/v2\/media\/42372"}],"wp:attachment":[{"href":"https:\/\/terezaxavier.com.br\/en\/wp-json\/wp\/v2\/media?parent=41580"}],"wp:term":[{"taxonomy":"product_brand","embeddable":true,"href":"https:\/\/terezaxavier.com.br\/en\/wp-json\/wp\/v2\/product_brand?post=41580"},{"taxonomy":"product_cat","embeddable":true,"href":"https:\/\/terezaxavier.com.br\/en\/wp-json\/wp\/v2\/product_cat?post=41580"},{"taxonomy":"product_tag","embeddable":true,"href":"https:\/\/terezaxavier.com.br\/en\/wp-json\/wp\/v2\/product_tag?post=41580"}],"curies":[{"name":"wp","href":"https:\/\/api.w.org\/{rel}","templated":true}]}}