{"id":41543,"date":"2024-06-26T17:58:45","date_gmt":"2024-06-26T20:58:45","guid":{"rendered":"https:\/\/terezaxavier.com.br\/?post_type=product&#038;p=41543"},"modified":"2025-10-23T11:14:07","modified_gmt":"2025-10-23T14:14:07","slug":"bolsa-vesica-piscis","status":"publish","type":"product","link":"https:\/\/terezaxavier.com.br\/en\/product\/bolsa-vesica-piscis\/","title":{"rendered":"Bolsa Vesica Piscis"},"content":{"rendered":"<p>Bolsa Vesica Piscis pequena com tampa confeccionada em palha de Buriti, bordada com P\u00e9rolas brancas, logo em Prata 925. Al\u00e7a em puro algod\u00e3o branco. Dimens\u00f5es: Comprimento 23 cm, Largura 13 cm e Altura 16 cm.<\/p>","protected":false},"excerpt":{"rendered":"<p>Bolsa Vesica Piscis pequena com tampa confeccionada em palha de Buriti, bordada com P\u00e9rolas brancas, logo em Prata 925. Al\u00e7a em puro algod\u00e3o branco. Dimens\u00f5es: Comprimento 23 cm, Largura 13&hellip;<\/p>","protected":false},"featured_media":41544,"comment_status":"open","ping_status":"closed","template":"","meta":{"_joinchat":[]},"product_brand":[],"product_cat":[219],"product_tag":[],"class_list":{"0":"post-41543","1":"product","2":"type-product","3":"status-publish","4":"has-post-thumbnail","6":"product_cat-alta-joalheria","8":"first","9":"instock","10":"shipping-taxable","11":"product-type-simple"},"_links":{"self":[{"href":"https:\/\/terezaxavier.com.br\/en\/wp-json\/wp\/v2\/product\/41543","targetHints":{"allow":["GET"]}}],"collection":[{"href":"https:\/\/terezaxavier.com.br\/en\/wp-json\/wp\/v2\/product"}],"about":[{"href":"https:\/\/terezaxavier.com.br\/en\/wp-json\/wp\/v2\/types\/product"}],"replies":[{"embeddable":true,"href":"https:\/\/terezaxavier.com.br\/en\/wp-json\/wp\/v2\/comments?post=41543"}],"wp:featuredmedia":[{"embeddable":true,"href":"https:\/\/terezaxavier.com.br\/en\/wp-json\/wp\/v2\/media\/41544"}],"wp:attachment":[{"href":"https:\/\/terezaxavier.com.br\/en\/wp-json\/wp\/v2\/media?parent=41543"}],"wp:term":[{"taxonomy":"product_brand","embeddable":true,"href":"https:\/\/terezaxavier.com.br\/en\/wp-json\/wp\/v2\/product_brand?post=41543"},{"taxonomy":"product_cat","embeddable":true,"href":"https:\/\/terezaxavier.com.br\/en\/wp-json\/wp\/v2\/product_cat?post=41543"},{"taxonomy":"product_tag","embeddable":true,"href":"https:\/\/terezaxavier.com.br\/en\/wp-json\/wp\/v2\/product_tag?post=41543"}],"curies":[{"name":"wp","href":"https:\/\/api.w.org\/{rel}","templated":true}]}}