{"id":41531,"date":"2024-06-26T17:26:45","date_gmt":"2024-06-26T20:26:45","guid":{"rendered":"https:\/\/terezaxavier.com.br\/?post_type=product&#038;p=41531"},"modified":"2025-10-23T11:14:23","modified_gmt":"2025-10-23T14:14:23","slug":"pulseira-darcy-ribeiro","status":"publish","type":"product","link":"https:\/\/terezaxavier.com.br\/en\/product\/pulseira-darcy-ribeiro\/","title":{"rendered":"Pulseira Darcy Ribeiro"},"content":{"rendered":"<p>Pulseira Darcy Ribeiro confeccionada \u00e0 m\u00e3o em Prata 925 com Turqueza, palha ind\u00edgena.<\/p>","protected":false},"excerpt":{"rendered":"<p>Pulseira Darcy Ribeiro confeccionada \u00e0 m\u00e3o em Prata 925 com Turqueza, palha ind\u00edgena.<\/p>","protected":false},"featured_media":43499,"comment_status":"open","ping_status":"closed","template":"","meta":{"_joinchat":[]},"product_brand":[],"product_cat":[219],"product_tag":[],"class_list":{"0":"post-41531","1":"product","2":"type-product","3":"status-publish","4":"has-post-thumbnail","6":"product_cat-alta-joalheria","8":"first","9":"instock","10":"shipping-taxable","11":"product-type-simple"},"_links":{"self":[{"href":"https:\/\/terezaxavier.com.br\/en\/wp-json\/wp\/v2\/product\/41531","targetHints":{"allow":["GET"]}}],"collection":[{"href":"https:\/\/terezaxavier.com.br\/en\/wp-json\/wp\/v2\/product"}],"about":[{"href":"https:\/\/terezaxavier.com.br\/en\/wp-json\/wp\/v2\/types\/product"}],"replies":[{"embeddable":true,"href":"https:\/\/terezaxavier.com.br\/en\/wp-json\/wp\/v2\/comments?post=41531"}],"wp:featuredmedia":[{"embeddable":true,"href":"https:\/\/terezaxavier.com.br\/en\/wp-json\/wp\/v2\/media\/43499"}],"wp:attachment":[{"href":"https:\/\/terezaxavier.com.br\/en\/wp-json\/wp\/v2\/media?parent=41531"}],"wp:term":[{"taxonomy":"product_brand","embeddable":true,"href":"https:\/\/terezaxavier.com.br\/en\/wp-json\/wp\/v2\/product_brand?post=41531"},{"taxonomy":"product_cat","embeddable":true,"href":"https:\/\/terezaxavier.com.br\/en\/wp-json\/wp\/v2\/product_cat?post=41531"},{"taxonomy":"product_tag","embeddable":true,"href":"https:\/\/terezaxavier.com.br\/en\/wp-json\/wp\/v2\/product_tag?post=41531"}],"curies":[{"name":"wp","href":"https:\/\/api.w.org\/{rel}","templated":true}]}}