{"id":41043,"date":"2024-06-11T18:03:36","date_gmt":"2024-06-11T21:03:36","guid":{"rendered":"https:\/\/terezaxavier.com.br\/?post_type=product&#038;p=41043"},"modified":"2025-10-23T11:15:26","modified_gmt":"2025-10-23T14:15:26","slug":"pulseira-talisma-8","status":"publish","type":"product","link":"https:\/\/terezaxavier.com.br\/en\/product\/pulseira-talisma-8\/","title":{"rendered":"Pulseira Talism\u00e3"},"content":{"rendered":"<p>Pulseira Talism\u00e3 cor natural bordada a m\u00e3o com pequenas P\u00e9rolas brancas.<\/p>","protected":false},"excerpt":{"rendered":"<p>Pulseira Talism\u00e3 cor natural bordada a m\u00e3o com pequenas P\u00e9rolas brancas.<\/p>","protected":false},"featured_media":41036,"comment_status":"open","ping_status":"closed","template":"","meta":{"_joinchat":[]},"product_brand":[],"product_cat":[219],"product_tag":[],"class_list":{"0":"post-41043","1":"product","2":"type-product","3":"status-publish","4":"has-post-thumbnail","6":"product_cat-alta-joalheria","8":"first","9":"instock","10":"shipping-taxable","11":"purchasable","12":"product-type-simple"},"_links":{"self":[{"href":"https:\/\/terezaxavier.com.br\/en\/wp-json\/wp\/v2\/product\/41043","targetHints":{"allow":["GET"]}}],"collection":[{"href":"https:\/\/terezaxavier.com.br\/en\/wp-json\/wp\/v2\/product"}],"about":[{"href":"https:\/\/terezaxavier.com.br\/en\/wp-json\/wp\/v2\/types\/product"}],"replies":[{"embeddable":true,"href":"https:\/\/terezaxavier.com.br\/en\/wp-json\/wp\/v2\/comments?post=41043"}],"wp:featuredmedia":[{"embeddable":true,"href":"https:\/\/terezaxavier.com.br\/en\/wp-json\/wp\/v2\/media\/41036"}],"wp:attachment":[{"href":"https:\/\/terezaxavier.com.br\/en\/wp-json\/wp\/v2\/media?parent=41043"}],"wp:term":[{"taxonomy":"product_brand","embeddable":true,"href":"https:\/\/terezaxavier.com.br\/en\/wp-json\/wp\/v2\/product_brand?post=41043"},{"taxonomy":"product_cat","embeddable":true,"href":"https:\/\/terezaxavier.com.br\/en\/wp-json\/wp\/v2\/product_cat?post=41043"},{"taxonomy":"product_tag","embeddable":true,"href":"https:\/\/terezaxavier.com.br\/en\/wp-json\/wp\/v2\/product_tag?post=41043"}],"curies":[{"name":"wp","href":"https:\/\/api.w.org\/{rel}","templated":true}]}}