{"id":41030,"date":"2024-06-11T17:52:33","date_gmt":"2024-06-11T20:52:33","guid":{"rendered":"https:\/\/terezaxavier.com.br\/?post_type=product&#038;p=41030"},"modified":"2025-10-23T12:11:47","modified_gmt":"2025-10-23T15:11:47","slug":"pulseira-talisma-2","status":"publish","type":"product","link":"https:\/\/terezaxavier.com.br\/en\/product\/pulseira-talisma-2\/","title":{"rendered":"Pulseira Talism\u00e3"},"content":{"rendered":"<p>Pulseira Talism\u00e3\u00a0 da Cole\u00e7\u00e3o Talism\u00e3 confeccionada em palha ind\u00edgena, bordada \u00e0 m\u00e3o com Rubis e fecho em Ouro Amarelo 18k.<\/p>","protected":false},"excerpt":{"rendered":"<p>Pulseira Talism\u00e3\u00a0 da Cole\u00e7\u00e3o Talism\u00e3 confeccionada em palha ind\u00edgena, bordada \u00e0 m\u00e3o com Rubis e fecho em Ouro Amarelo 18k.<\/p>","protected":false},"featured_media":44770,"comment_status":"open","ping_status":"closed","template":"","meta":{"_joinchat":[]},"product_brand":[],"product_cat":[219],"product_tag":[],"class_list":{"0":"post-41030","1":"product","2":"type-product","3":"status-publish","4":"has-post-thumbnail","6":"product_cat-alta-joalheria","8":"first","9":"instock","10":"shipping-taxable","11":"purchasable","12":"product-type-simple"},"_links":{"self":[{"href":"https:\/\/terezaxavier.com.br\/en\/wp-json\/wp\/v2\/product\/41030","targetHints":{"allow":["GET"]}}],"collection":[{"href":"https:\/\/terezaxavier.com.br\/en\/wp-json\/wp\/v2\/product"}],"about":[{"href":"https:\/\/terezaxavier.com.br\/en\/wp-json\/wp\/v2\/types\/product"}],"replies":[{"embeddable":true,"href":"https:\/\/terezaxavier.com.br\/en\/wp-json\/wp\/v2\/comments?post=41030"}],"wp:featuredmedia":[{"embeddable":true,"href":"https:\/\/terezaxavier.com.br\/en\/wp-json\/wp\/v2\/media\/44770"}],"wp:attachment":[{"href":"https:\/\/terezaxavier.com.br\/en\/wp-json\/wp\/v2\/media?parent=41030"}],"wp:term":[{"taxonomy":"product_brand","embeddable":true,"href":"https:\/\/terezaxavier.com.br\/en\/wp-json\/wp\/v2\/product_brand?post=41030"},{"taxonomy":"product_cat","embeddable":true,"href":"https:\/\/terezaxavier.com.br\/en\/wp-json\/wp\/v2\/product_cat?post=41030"},{"taxonomy":"product_tag","embeddable":true,"href":"https:\/\/terezaxavier.com.br\/en\/wp-json\/wp\/v2\/product_tag?post=41030"}],"curies":[{"name":"wp","href":"https:\/\/api.w.org\/{rel}","templated":true}]}}