{"id":40921,"date":"2024-06-05T18:07:59","date_gmt":"2024-06-05T21:07:59","guid":{"rendered":"https:\/\/terezaxavier.com.br\/?post_type=product&#038;p=40921"},"modified":"2025-10-23T12:17:06","modified_gmt":"2025-10-23T15:17:06","slug":"bracelete","status":"publish","type":"product","link":"https:\/\/terezaxavier.com.br\/en\/product\/bracelete\/","title":{"rendered":"Bracelete"},"content":{"rendered":"<p>Bracelete Flor da Vida confeccionado \u00e0 m\u00e3o em Ouro 18k.<\/p>\n<p>Este Bracelete pode ser confeccionado em Ouro Branco ou em Ouro Amarelo 18k. O pre\u00e7o do Bracelete em Ouro oscila com a cota\u00e7\u00e3o do Ouro.<\/p>\n<p>&nbsp;<\/p>","protected":false},"excerpt":{"rendered":"<p>Bracelete Flor da Vida confeccionado \u00e0 m\u00e3o em Ouro 18k.<\/p>\n<p>Este Bracelete pode ser confeccionado em Ouro Branco ou em Ouro Amarelo 18k. O pre\u00e7o do Bracelete em Ouro oscila com a cota\u00e7\u00e3o do Ouro.<\/p>\n<p>&nbsp;<\/p>","protected":false},"featured_media":22812,"comment_status":"open","ping_status":"closed","template":"","meta":{"_joinchat":[]},"product_brand":[],"product_cat":[219],"product_tag":[],"class_list":{"0":"post-40921","1":"product","2":"type-product","3":"status-publish","4":"has-post-thumbnail","6":"product_cat-alta-joalheria","8":"first","9":"instock","10":"shipping-taxable","11":"product-type-simple"},"_links":{"self":[{"href":"https:\/\/terezaxavier.com.br\/en\/wp-json\/wp\/v2\/product\/40921","targetHints":{"allow":["GET"]}}],"collection":[{"href":"https:\/\/terezaxavier.com.br\/en\/wp-json\/wp\/v2\/product"}],"about":[{"href":"https:\/\/terezaxavier.com.br\/en\/wp-json\/wp\/v2\/types\/product"}],"replies":[{"embeddable":true,"href":"https:\/\/terezaxavier.com.br\/en\/wp-json\/wp\/v2\/comments?post=40921"}],"wp:featuredmedia":[{"embeddable":true,"href":"https:\/\/terezaxavier.com.br\/en\/wp-json\/wp\/v2\/media\/22812"}],"wp:attachment":[{"href":"https:\/\/terezaxavier.com.br\/en\/wp-json\/wp\/v2\/media?parent=40921"}],"wp:term":[{"taxonomy":"product_brand","embeddable":true,"href":"https:\/\/terezaxavier.com.br\/en\/wp-json\/wp\/v2\/product_brand?post=40921"},{"taxonomy":"product_cat","embeddable":true,"href":"https:\/\/terezaxavier.com.br\/en\/wp-json\/wp\/v2\/product_cat?post=40921"},{"taxonomy":"product_tag","embeddable":true,"href":"https:\/\/terezaxavier.com.br\/en\/wp-json\/wp\/v2\/product_tag?post=40921"}],"curies":[{"name":"wp","href":"https:\/\/api.w.org\/{rel}","templated":true}]}}