{"id":40920,"date":"2024-06-05T18:07:24","date_gmt":"2024-06-05T21:07:24","guid":{"rendered":"https:\/\/terezaxavier.com.br\/?post_type=product&#038;p=40920"},"modified":"2025-10-23T12:20:50","modified_gmt":"2025-10-23T15:20:50","slug":"pulseira","status":"publish","type":"product","link":"https:\/\/terezaxavier.com.br\/en\/product\/pulseira\/","title":{"rendered":"Pulseira"},"content":{"rendered":"<p>Pulseira Flor da Vida confeccionado \u00e0 m\u00e3o em Ouro 18k.<\/p>\n<p>A Pulseira Flor da Vida pode ser confeccionado em Ouro Amarelo ou em Ouro Branco 18k por encomenda. O pre\u00e7o Pulseira em Ouro oscila com a cota\u00e7\u00e3o do Ouro.<\/p>\n<p>&nbsp;<\/p>","protected":false},"excerpt":{"rendered":"<p>Pulseira Flor da Vida confeccionado \u00e0 m\u00e3o em Ouro 18k.<\/p>\n<p>A Pulseira Flor da Vida pode ser confeccionado em Ouro Amarelo ou em Ouro Branco 18k por encomenda. O pre\u00e7o Pulseira em Ouro oscila com a cota\u00e7\u00e3o do Ouro.<\/p>\n<p>&nbsp;<\/p>","protected":false},"featured_media":22796,"comment_status":"open","ping_status":"closed","template":"","meta":{"_joinchat":[]},"product_brand":[],"product_cat":[219],"product_tag":[],"class_list":{"0":"post-40920","1":"product","2":"type-product","3":"status-publish","4":"has-post-thumbnail","6":"product_cat-alta-joalheria","8":"first","9":"instock","10":"shipping-taxable","11":"product-type-simple"},"_links":{"self":[{"href":"https:\/\/terezaxavier.com.br\/en\/wp-json\/wp\/v2\/product\/40920","targetHints":{"allow":["GET"]}}],"collection":[{"href":"https:\/\/terezaxavier.com.br\/en\/wp-json\/wp\/v2\/product"}],"about":[{"href":"https:\/\/terezaxavier.com.br\/en\/wp-json\/wp\/v2\/types\/product"}],"replies":[{"embeddable":true,"href":"https:\/\/terezaxavier.com.br\/en\/wp-json\/wp\/v2\/comments?post=40920"}],"wp:featuredmedia":[{"embeddable":true,"href":"https:\/\/terezaxavier.com.br\/en\/wp-json\/wp\/v2\/media\/22796"}],"wp:attachment":[{"href":"https:\/\/terezaxavier.com.br\/en\/wp-json\/wp\/v2\/media?parent=40920"}],"wp:term":[{"taxonomy":"product_brand","embeddable":true,"href":"https:\/\/terezaxavier.com.br\/en\/wp-json\/wp\/v2\/product_brand?post=40920"},{"taxonomy":"product_cat","embeddable":true,"href":"https:\/\/terezaxavier.com.br\/en\/wp-json\/wp\/v2\/product_cat?post=40920"},{"taxonomy":"product_tag","embeddable":true,"href":"https:\/\/terezaxavier.com.br\/en\/wp-json\/wp\/v2\/product_tag?post=40920"}],"curies":[{"name":"wp","href":"https:\/\/api.w.org\/{rel}","templated":true}]}}