{"id":40872,"date":"2024-06-05T17:02:42","date_gmt":"2024-06-05T20:02:42","guid":{"rendered":"https:\/\/terezaxavier.com.br\/?post_type=product&#038;p=40872"},"modified":"2026-01-07T11:13:05","modified_gmt":"2026-01-07T14:13:05","slug":"anel-sinete-9","status":"publish","type":"product","link":"https:\/\/terezaxavier.com.br\/en\/product\/anel-sinete-9\/","title":{"rendered":"Anel Sinete"},"content":{"rendered":"<p>Anel Sinete Ip\u00ea confeccionado em Ouro 18k e um pequeno Diamante na parte inferior externa do anel. Acompanha uma pequena vela para fazer o lacre. O pre\u00e7o do anel sinete oscila com a cota\u00e7\u00e3o do Ouro e com a medida do anel. E feito sob encomenda.<\/p>","protected":false},"excerpt":{"rendered":"<p>Anel Sinete Ip\u00ea confeccionado em Ouro 18k e um pequeno Diamante na parte inferior externa do anel. Acompanha uma pequena vela para fazer o lacre. O pre\u00e7o do anel sinete oscila com a cota\u00e7\u00e3o do Ouro e com a medida do anel. E feito sob encomenda.<\/p>","protected":false},"featured_media":23164,"comment_status":"open","ping_status":"closed","template":"","meta":{"_joinchat":[]},"product_brand":[],"product_cat":[219],"product_tag":[],"class_list":{"0":"post-40872","1":"product","2":"type-product","3":"status-publish","4":"has-post-thumbnail","6":"product_cat-alta-joalheria","8":"first","9":"onbackorder","10":"shipping-taxable","11":"product-type-simple"},"_links":{"self":[{"href":"https:\/\/terezaxavier.com.br\/en\/wp-json\/wp\/v2\/product\/40872","targetHints":{"allow":["GET"]}}],"collection":[{"href":"https:\/\/terezaxavier.com.br\/en\/wp-json\/wp\/v2\/product"}],"about":[{"href":"https:\/\/terezaxavier.com.br\/en\/wp-json\/wp\/v2\/types\/product"}],"replies":[{"embeddable":true,"href":"https:\/\/terezaxavier.com.br\/en\/wp-json\/wp\/v2\/comments?post=40872"}],"wp:featuredmedia":[{"embeddable":true,"href":"https:\/\/terezaxavier.com.br\/en\/wp-json\/wp\/v2\/media\/23164"}],"wp:attachment":[{"href":"https:\/\/terezaxavier.com.br\/en\/wp-json\/wp\/v2\/media?parent=40872"}],"wp:term":[{"taxonomy":"product_brand","embeddable":true,"href":"https:\/\/terezaxavier.com.br\/en\/wp-json\/wp\/v2\/product_brand?post=40872"},{"taxonomy":"product_cat","embeddable":true,"href":"https:\/\/terezaxavier.com.br\/en\/wp-json\/wp\/v2\/product_cat?post=40872"},{"taxonomy":"product_tag","embeddable":true,"href":"https:\/\/terezaxavier.com.br\/en\/wp-json\/wp\/v2\/product_tag?post=40872"}],"curies":[{"name":"wp","href":"https:\/\/api.w.org\/{rel}","templated":true}]}}