{"id":40115,"date":"2024-05-22T14:48:02","date_gmt":"2024-05-22T17:48:02","guid":{"rendered":"https:\/\/terezaxavier.com.br\/?post_type=product&#038;p=40115"},"modified":"2025-10-23T12:51:46","modified_gmt":"2025-10-23T15:51:46","slug":"anel-sinete-arcanjo-miguel","status":"publish","type":"product","link":"https:\/\/terezaxavier.com.br\/en\/product\/anel-sinete-arcanjo-miguel\/","title":{"rendered":"Anel Sinete"},"content":{"rendered":"<p>Anel Sinete Arcanjo Miguel confeccionado em Ouro 18k e um pequeno Diamante na parte inferior externa do anel. Acompanha uma pequena vela para fazer o lacre. O pre\u00e7o do anel sinete oscila com a cota\u00e7\u00e3o do Ouro e com a medida do anel. E feito sob encomenda.<\/p>","protected":false},"excerpt":{"rendered":"<p>Anel Sinete Arcanjo Miguel confeccionado em Ouro 18k e um pequeno Diamante na parte inferior externa do anel. Acompanha uma pequena vela para fazer o lacre. O pre\u00e7o do anel sinete oscila com a cota\u00e7\u00e3o do Ouro e com a medida do anel. E feito sob encomenda.<\/p>","protected":false},"featured_media":22987,"comment_status":"open","ping_status":"closed","template":"","meta":{"_joinchat":[]},"product_brand":[],"product_cat":[219],"product_tag":[],"class_list":{"0":"post-40115","1":"product","2":"type-product","3":"status-publish","4":"has-post-thumbnail","6":"product_cat-alta-joalheria","8":"first","9":"onbackorder","10":"shipping-taxable","11":"product-type-simple"},"_links":{"self":[{"href":"https:\/\/terezaxavier.com.br\/en\/wp-json\/wp\/v2\/product\/40115","targetHints":{"allow":["GET"]}}],"collection":[{"href":"https:\/\/terezaxavier.com.br\/en\/wp-json\/wp\/v2\/product"}],"about":[{"href":"https:\/\/terezaxavier.com.br\/en\/wp-json\/wp\/v2\/types\/product"}],"replies":[{"embeddable":true,"href":"https:\/\/terezaxavier.com.br\/en\/wp-json\/wp\/v2\/comments?post=40115"}],"wp:featuredmedia":[{"embeddable":true,"href":"https:\/\/terezaxavier.com.br\/en\/wp-json\/wp\/v2\/media\/22987"}],"wp:attachment":[{"href":"https:\/\/terezaxavier.com.br\/en\/wp-json\/wp\/v2\/media?parent=40115"}],"wp:term":[{"taxonomy":"product_brand","embeddable":true,"href":"https:\/\/terezaxavier.com.br\/en\/wp-json\/wp\/v2\/product_brand?post=40115"},{"taxonomy":"product_cat","embeddable":true,"href":"https:\/\/terezaxavier.com.br\/en\/wp-json\/wp\/v2\/product_cat?post=40115"},{"taxonomy":"product_tag","embeddable":true,"href":"https:\/\/terezaxavier.com.br\/en\/wp-json\/wp\/v2\/product_tag?post=40115"}],"curies":[{"name":"wp","href":"https:\/\/api.w.org\/{rel}","templated":true}]}}