{"id":37281,"date":"2024-02-07T14:45:06","date_gmt":"2024-02-07T17:45:06","guid":{"rendered":"https:\/\/terezaxavier.com.br\/?post_type=product&#038;p=37281"},"modified":"2025-10-23T13:02:27","modified_gmt":"2025-10-23T16:02:27","slug":"pingente-sagrado-coracao-de-maria","status":"publish","type":"product","link":"https:\/\/terezaxavier.com.br\/en\/product\/pingente-sagrado-coracao-de-maria\/","title":{"rendered":"Pingente Sagrado Cora\u00e7\u00e3o de Maria"},"content":{"rendered":"<p>Pingente Sagrado Cora\u00e7\u00e3o de Maria com Crisoberilo, Olho de Gato, Diamante e Ouro.<\/p>","protected":false},"excerpt":{"rendered":"<p>Pingente Sagrado Cora\u00e7\u00e3o de Maria com Crisoberilo, Olho de Gato, Diamante e Ouro.<\/p>","protected":false},"featured_media":37316,"comment_status":"open","ping_status":"closed","template":"","meta":{"_joinchat":[]},"product_brand":[],"product_cat":[219],"product_tag":[],"class_list":{"0":"post-37281","1":"product","2":"type-product","3":"status-publish","4":"has-post-thumbnail","6":"product_cat-alta-joalheria","8":"first","9":"onbackorder","10":"shipping-taxable","11":"product-type-simple"},"_links":{"self":[{"href":"https:\/\/terezaxavier.com.br\/en\/wp-json\/wp\/v2\/product\/37281","targetHints":{"allow":["GET"]}}],"collection":[{"href":"https:\/\/terezaxavier.com.br\/en\/wp-json\/wp\/v2\/product"}],"about":[{"href":"https:\/\/terezaxavier.com.br\/en\/wp-json\/wp\/v2\/types\/product"}],"replies":[{"embeddable":true,"href":"https:\/\/terezaxavier.com.br\/en\/wp-json\/wp\/v2\/comments?post=37281"}],"wp:featuredmedia":[{"embeddable":true,"href":"https:\/\/terezaxavier.com.br\/en\/wp-json\/wp\/v2\/media\/37316"}],"wp:attachment":[{"href":"https:\/\/terezaxavier.com.br\/en\/wp-json\/wp\/v2\/media?parent=37281"}],"wp:term":[{"taxonomy":"product_brand","embeddable":true,"href":"https:\/\/terezaxavier.com.br\/en\/wp-json\/wp\/v2\/product_brand?post=37281"},{"taxonomy":"product_cat","embeddable":true,"href":"https:\/\/terezaxavier.com.br\/en\/wp-json\/wp\/v2\/product_cat?post=37281"},{"taxonomy":"product_tag","embeddable":true,"href":"https:\/\/terezaxavier.com.br\/en\/wp-json\/wp\/v2\/product_tag?post=37281"}],"curies":[{"name":"wp","href":"https:\/\/api.w.org\/{rel}","templated":true}]}}