{"id":37273,"date":"2024-02-07T14:00:50","date_gmt":"2024-02-07T17:00:50","guid":{"rendered":"https:\/\/terezaxavier.com.br\/?post_type=product&#038;p=37273"},"modified":"2025-10-23T13:05:30","modified_gmt":"2025-10-23T16:05:30","slug":"fita-de-seda-3","status":"publish","type":"product","link":"https:\/\/terezaxavier.com.br\/en\/product\/fita-de-seda-3\/","title":{"rendered":"Fita de Seda"},"content":{"rendered":"<p>Fita de seda bordada a m\u00e3o por artes\u00e3s brasileiras &#8220;O Sol sabe quando se p\u00f4r&#8221;.<\/p>","protected":false},"excerpt":{"rendered":"<p>Fita de seda bordada a m\u00e3o por artes\u00e3s brasileiras &#8220;O Sol sabe quando se p\u00f4r&#8221;.<\/p>","protected":false},"featured_media":37274,"comment_status":"open","ping_status":"closed","template":"","meta":{"_joinchat":[]},"product_brand":[],"product_cat":[218],"product_tag":[],"class_list":{"0":"post-37273","1":"product","2":"type-product","3":"status-publish","4":"has-post-thumbnail","6":"product_cat-alta-joalheria-textil","8":"first","9":"onbackorder","10":"shipping-taxable","11":"product-type-simple"},"_links":{"self":[{"href":"https:\/\/terezaxavier.com.br\/en\/wp-json\/wp\/v2\/product\/37273","targetHints":{"allow":["GET"]}}],"collection":[{"href":"https:\/\/terezaxavier.com.br\/en\/wp-json\/wp\/v2\/product"}],"about":[{"href":"https:\/\/terezaxavier.com.br\/en\/wp-json\/wp\/v2\/types\/product"}],"replies":[{"embeddable":true,"href":"https:\/\/terezaxavier.com.br\/en\/wp-json\/wp\/v2\/comments?post=37273"}],"wp:featuredmedia":[{"embeddable":true,"href":"https:\/\/terezaxavier.com.br\/en\/wp-json\/wp\/v2\/media\/37274"}],"wp:attachment":[{"href":"https:\/\/terezaxavier.com.br\/en\/wp-json\/wp\/v2\/media?parent=37273"}],"wp:term":[{"taxonomy":"product_brand","embeddable":true,"href":"https:\/\/terezaxavier.com.br\/en\/wp-json\/wp\/v2\/product_brand?post=37273"},{"taxonomy":"product_cat","embeddable":true,"href":"https:\/\/terezaxavier.com.br\/en\/wp-json\/wp\/v2\/product_cat?post=37273"},{"taxonomy":"product_tag","embeddable":true,"href":"https:\/\/terezaxavier.com.br\/en\/wp-json\/wp\/v2\/product_tag?post=37273"}],"curies":[{"name":"wp","href":"https:\/\/api.w.org\/{rel}","templated":true}]}}