{"id":37271,"date":"2024-02-07T13:55:13","date_gmt":"2024-02-07T16:55:13","guid":{"rendered":"https:\/\/terezaxavier.com.br\/?post_type=product&#038;p=37271"},"modified":"2025-10-23T13:06:26","modified_gmt":"2025-10-23T16:06:26","slug":"fita-de-seda-2","status":"publish","type":"product","link":"https:\/\/terezaxavier.com.br\/en\/product\/fita-de-seda-2\/","title":{"rendered":"Fita de Seda"},"content":{"rendered":"<p>Fita de seda bordada a m\u00e3o por artes\u00e3s brasileiras &#8220;Cruzes de todas as Ordens Templ\u00e1rios&#8221;.<\/p>","protected":false},"excerpt":{"rendered":"<p>Fita de seda bordada a m\u00e3o por artes\u00e3s brasileiras &#8220;Cruzes de todas as Ordens Templ\u00e1rios&#8221;.<\/p>","protected":false},"featured_media":37272,"comment_status":"open","ping_status":"closed","template":"","meta":{"_joinchat":[]},"product_brand":[],"product_cat":[218],"product_tag":[],"class_list":{"0":"post-37271","1":"product","2":"type-product","3":"status-publish","4":"has-post-thumbnail","6":"product_cat-alta-joalheria-textil","8":"first","9":"onbackorder","10":"shipping-taxable","11":"product-type-simple"},"_links":{"self":[{"href":"https:\/\/terezaxavier.com.br\/en\/wp-json\/wp\/v2\/product\/37271","targetHints":{"allow":["GET"]}}],"collection":[{"href":"https:\/\/terezaxavier.com.br\/en\/wp-json\/wp\/v2\/product"}],"about":[{"href":"https:\/\/terezaxavier.com.br\/en\/wp-json\/wp\/v2\/types\/product"}],"replies":[{"embeddable":true,"href":"https:\/\/terezaxavier.com.br\/en\/wp-json\/wp\/v2\/comments?post=37271"}],"wp:featuredmedia":[{"embeddable":true,"href":"https:\/\/terezaxavier.com.br\/en\/wp-json\/wp\/v2\/media\/37272"}],"wp:attachment":[{"href":"https:\/\/terezaxavier.com.br\/en\/wp-json\/wp\/v2\/media?parent=37271"}],"wp:term":[{"taxonomy":"product_brand","embeddable":true,"href":"https:\/\/terezaxavier.com.br\/en\/wp-json\/wp\/v2\/product_brand?post=37271"},{"taxonomy":"product_cat","embeddable":true,"href":"https:\/\/terezaxavier.com.br\/en\/wp-json\/wp\/v2\/product_cat?post=37271"},{"taxonomy":"product_tag","embeddable":true,"href":"https:\/\/terezaxavier.com.br\/en\/wp-json\/wp\/v2\/product_tag?post=37271"}],"curies":[{"name":"wp","href":"https:\/\/api.w.org\/{rel}","templated":true}]}}