{"id":36045,"date":"2023-11-29T17:22:46","date_gmt":"2023-11-29T20:22:46","guid":{"rendered":"https:\/\/terezaxavier.com.br\/?post_type=product&#038;p=36045"},"modified":"2025-10-23T13:11:19","modified_gmt":"2025-10-23T16:11:19","slug":"fio-copacabana-30-alta-joalheria-textil","status":"publish","type":"product","link":"https:\/\/terezaxavier.com.br\/en\/product\/fio-copacabana-30-alta-joalheria-textil\/","title":{"rendered":"Fio Copacabana 30"},"content":{"rendered":"<p>Fio Copacabana 30 Alta Joalheria T\u00eaxtil confeccionado \u00e0 m\u00e3o com puras l\u00e3s coloridas por artes\u00e3s brasileiras e bordadas com mi\u00e7angas coloridas, 2 gotas de Olho de Tigre Vermelho. Pe\u00e7a \u00fanica com aproximadamente 96 cent\u00edmetros e logo em prata 950 rhodium negro.<\/p>","protected":false},"excerpt":{"rendered":"<p>Fio Copacabana 30 Alta Joalheria T\u00eaxtil confeccionado \u00e0 m\u00e3o com puras l\u00e3s coloridas por artes\u00e3s brasileiras e bordadas com mi\u00e7angas coloridas, 2 gotas de Olho de Tigre Vermelho. Pe\u00e7a \u00fanica com aproximadamente 96 cent\u00edmetros e logo em prata 950 rhodium negro.<\/p>","protected":false},"featured_media":44907,"comment_status":"open","ping_status":"closed","template":"","meta":{"_joinchat":[]},"product_brand":[],"product_cat":[218],"product_tag":[],"class_list":{"0":"post-36045","1":"product","2":"type-product","3":"status-publish","4":"has-post-thumbnail","6":"product_cat-alta-joalheria-textil","8":"first","9":"instock","10":"shipping-taxable","11":"purchasable","12":"product-type-simple"},"_links":{"self":[{"href":"https:\/\/terezaxavier.com.br\/en\/wp-json\/wp\/v2\/product\/36045","targetHints":{"allow":["GET"]}}],"collection":[{"href":"https:\/\/terezaxavier.com.br\/en\/wp-json\/wp\/v2\/product"}],"about":[{"href":"https:\/\/terezaxavier.com.br\/en\/wp-json\/wp\/v2\/types\/product"}],"replies":[{"embeddable":true,"href":"https:\/\/terezaxavier.com.br\/en\/wp-json\/wp\/v2\/comments?post=36045"}],"wp:featuredmedia":[{"embeddable":true,"href":"https:\/\/terezaxavier.com.br\/en\/wp-json\/wp\/v2\/media\/44907"}],"wp:attachment":[{"href":"https:\/\/terezaxavier.com.br\/en\/wp-json\/wp\/v2\/media?parent=36045"}],"wp:term":[{"taxonomy":"product_brand","embeddable":true,"href":"https:\/\/terezaxavier.com.br\/en\/wp-json\/wp\/v2\/product_brand?post=36045"},{"taxonomy":"product_cat","embeddable":true,"href":"https:\/\/terezaxavier.com.br\/en\/wp-json\/wp\/v2\/product_cat?post=36045"},{"taxonomy":"product_tag","embeddable":true,"href":"https:\/\/terezaxavier.com.br\/en\/wp-json\/wp\/v2\/product_tag?post=36045"}],"curies":[{"name":"wp","href":"https:\/\/api.w.org\/{rel}","templated":true}]}}