{"id":36011,"date":"2023-11-29T16:30:28","date_gmt":"2023-11-29T19:30:28","guid":{"rendered":"https:\/\/terezaxavier.com.br\/?post_type=product&#038;p=36011"},"modified":"2025-10-23T13:17:04","modified_gmt":"2025-10-23T16:17:04","slug":"fio-copacabana-13-alta-joalheria-textil","status":"publish","type":"product","link":"https:\/\/terezaxavier.com.br\/en\/product\/fio-copacabana-13-alta-joalheria-textil\/","title":{"rendered":"Fio Copacabana 13"},"content":{"rendered":"<p>Fio Copacabana 13 Alta Joalheria T\u00eaxtil confeccionado \u00e0 m\u00e3o com puras l\u00e3s coloridas por artes\u00e3s brasileiras e bordadas com mi\u00e7angas coloridas, 4 gotas de Sodalita Briolet. Pe\u00e7a \u00fanica com aproximadamente 104 cent\u00edmetros e logo em prata 950 rhodium negro.<\/p>","protected":false},"excerpt":{"rendered":"<p>Fio Copacabana 13 Alta Joalheria T\u00eaxtil confeccionado \u00e0 m\u00e3o com puras l\u00e3s coloridas por artes\u00e3s brasileiras e bordadas com mi\u00e7angas coloridas, 4 gotas de Sodalita Briolet. Pe\u00e7a \u00fanica com aproximadamente 104 cent\u00edmetros e logo em prata 950 rhodium negro.<\/p>","protected":false},"featured_media":44915,"comment_status":"open","ping_status":"closed","template":"","meta":{"_joinchat":[]},"product_brand":[],"product_cat":[212],"product_tag":[],"class_list":{"0":"post-36011","1":"product","2":"type-product","3":"status-publish","4":"has-post-thumbnail","6":"product_cat-sem-categoria","8":"first","9":"instock","10":"shipping-taxable","11":"purchasable","12":"product-type-simple"},"_links":{"self":[{"href":"https:\/\/terezaxavier.com.br\/en\/wp-json\/wp\/v2\/product\/36011","targetHints":{"allow":["GET"]}}],"collection":[{"href":"https:\/\/terezaxavier.com.br\/en\/wp-json\/wp\/v2\/product"}],"about":[{"href":"https:\/\/terezaxavier.com.br\/en\/wp-json\/wp\/v2\/types\/product"}],"replies":[{"embeddable":true,"href":"https:\/\/terezaxavier.com.br\/en\/wp-json\/wp\/v2\/comments?post=36011"}],"wp:featuredmedia":[{"embeddable":true,"href":"https:\/\/terezaxavier.com.br\/en\/wp-json\/wp\/v2\/media\/44915"}],"wp:attachment":[{"href":"https:\/\/terezaxavier.com.br\/en\/wp-json\/wp\/v2\/media?parent=36011"}],"wp:term":[{"taxonomy":"product_brand","embeddable":true,"href":"https:\/\/terezaxavier.com.br\/en\/wp-json\/wp\/v2\/product_brand?post=36011"},{"taxonomy":"product_cat","embeddable":true,"href":"https:\/\/terezaxavier.com.br\/en\/wp-json\/wp\/v2\/product_cat?post=36011"},{"taxonomy":"product_tag","embeddable":true,"href":"https:\/\/terezaxavier.com.br\/en\/wp-json\/wp\/v2\/product_tag?post=36011"}],"curies":[{"name":"wp","href":"https:\/\/api.w.org\/{rel}","templated":true}]}}