{"id":35923,"date":"2023-11-08T16:54:39","date_gmt":"2023-11-08T19:54:39","guid":{"rendered":"https:\/\/terezaxavier.com.br\/?post_type=product&#038;p=35923"},"modified":"2025-10-23T13:20:54","modified_gmt":"2025-10-23T16:20:54","slug":"pulseira-28-alto-jurua-alta-joalheria-textil","status":"publish","type":"product","link":"https:\/\/terezaxavier.com.br\/en\/product\/pulseira-28-alto-jurua-alta-joalheria-textil\/","title":{"rendered":"Pulseira Longa Alto Juru\u00e1 28"},"content":{"rendered":"<p>Pulseira da Cole\u00e7\u00e3o Alto Juru\u00e1 28 confeccionada em tear manual com pura l\u00e3 de diferentes cores, por mulheres ind\u00edgenas da Amaz\u00f4nia e bordada a m\u00e3o com Peridotos em lasquinhas, mi\u00e7angas brancas e logo em Prata 925.<\/p>","protected":false},"excerpt":{"rendered":"<p>Pulseira da Cole\u00e7\u00e3o Alto Juru\u00e1 28 confeccionada em tear manual com pura l\u00e3 de diferentes cores, por mulheres ind\u00edgenas da Amaz\u00f4nia e bordada a m\u00e3o com Peridotos em lasquinhas, mi\u00e7angas brancas e logo em Prata 925.<\/p>","protected":false},"featured_media":44245,"comment_status":"open","ping_status":"closed","template":"","meta":{"_joinchat":[]},"product_brand":[],"product_cat":[218],"product_tag":[],"class_list":{"0":"post-35923","1":"product","2":"type-product","3":"status-publish","4":"has-post-thumbnail","6":"product_cat-alta-joalheria-textil","8":"first","9":"instock","10":"shipping-taxable","11":"purchasable","12":"product-type-simple"},"_links":{"self":[{"href":"https:\/\/terezaxavier.com.br\/en\/wp-json\/wp\/v2\/product\/35923","targetHints":{"allow":["GET"]}}],"collection":[{"href":"https:\/\/terezaxavier.com.br\/en\/wp-json\/wp\/v2\/product"}],"about":[{"href":"https:\/\/terezaxavier.com.br\/en\/wp-json\/wp\/v2\/types\/product"}],"replies":[{"embeddable":true,"href":"https:\/\/terezaxavier.com.br\/en\/wp-json\/wp\/v2\/comments?post=35923"}],"wp:featuredmedia":[{"embeddable":true,"href":"https:\/\/terezaxavier.com.br\/en\/wp-json\/wp\/v2\/media\/44245"}],"wp:attachment":[{"href":"https:\/\/terezaxavier.com.br\/en\/wp-json\/wp\/v2\/media?parent=35923"}],"wp:term":[{"taxonomy":"product_brand","embeddable":true,"href":"https:\/\/terezaxavier.com.br\/en\/wp-json\/wp\/v2\/product_brand?post=35923"},{"taxonomy":"product_cat","embeddable":true,"href":"https:\/\/terezaxavier.com.br\/en\/wp-json\/wp\/v2\/product_cat?post=35923"},{"taxonomy":"product_tag","embeddable":true,"href":"https:\/\/terezaxavier.com.br\/en\/wp-json\/wp\/v2\/product_tag?post=35923"}],"curies":[{"name":"wp","href":"https:\/\/api.w.org\/{rel}","templated":true}]}}