{"id":35539,"date":"2023-09-15T18:38:01","date_gmt":"2023-09-15T21:38:01","guid":{"rendered":"https:\/\/terezaxavier.com.br\/?post_type=product&#038;p=35539"},"modified":"2025-10-23T13:21:36","modified_gmt":"2025-10-23T16:21:36","slug":"pulseira-2-alto-jurua-serpente-alta-joalheria","status":"publish","type":"product","link":"https:\/\/terezaxavier.com.br\/en\/product\/pulseira-2-alto-jurua-serpente-alta-joalheria\/","title":{"rendered":"Pulseira Longa Alto Jurua Serpente 1"},"content":{"rendered":"<p>Pulseira 2 cole\u00e7\u00e3o Alto Juru\u00e1 Serpente Longa confeccionada em tear manual com pura l\u00e3 de diferentes cores, por mulheres ind\u00edgenas da Amaz\u00f4nia e bordada a m\u00e3o com P\u00e9rolas rosadas, logo em Prata 925.<\/p>","protected":false},"excerpt":{"rendered":"<p>Pulseira 2 cole\u00e7\u00e3o Alto Juru\u00e1 Serpente Longa confeccionada em tear manual com pura l\u00e3 de diferentes cores, por mulheres ind\u00edgenas da Amaz\u00f4nia e bordada a m\u00e3o com P\u00e9rolas rosadas, logo em Prata 925.<\/p>","protected":false},"featured_media":44247,"comment_status":"open","ping_status":"closed","template":"","meta":{"_joinchat":[]},"product_brand":[],"product_cat":[218],"product_tag":[],"class_list":{"0":"post-35539","1":"product","2":"type-product","3":"status-publish","4":"has-post-thumbnail","6":"product_cat-alta-joalheria-textil","8":"first","9":"instock","10":"shipping-taxable","11":"purchasable","12":"product-type-simple"},"_links":{"self":[{"href":"https:\/\/terezaxavier.com.br\/en\/wp-json\/wp\/v2\/product\/35539","targetHints":{"allow":["GET"]}}],"collection":[{"href":"https:\/\/terezaxavier.com.br\/en\/wp-json\/wp\/v2\/product"}],"about":[{"href":"https:\/\/terezaxavier.com.br\/en\/wp-json\/wp\/v2\/types\/product"}],"replies":[{"embeddable":true,"href":"https:\/\/terezaxavier.com.br\/en\/wp-json\/wp\/v2\/comments?post=35539"}],"wp:featuredmedia":[{"embeddable":true,"href":"https:\/\/terezaxavier.com.br\/en\/wp-json\/wp\/v2\/media\/44247"}],"wp:attachment":[{"href":"https:\/\/terezaxavier.com.br\/en\/wp-json\/wp\/v2\/media?parent=35539"}],"wp:term":[{"taxonomy":"product_brand","embeddable":true,"href":"https:\/\/terezaxavier.com.br\/en\/wp-json\/wp\/v2\/product_brand?post=35539"},{"taxonomy":"product_cat","embeddable":true,"href":"https:\/\/terezaxavier.com.br\/en\/wp-json\/wp\/v2\/product_cat?post=35539"},{"taxonomy":"product_tag","embeddable":true,"href":"https:\/\/terezaxavier.com.br\/en\/wp-json\/wp\/v2\/product_tag?post=35539"}],"curies":[{"name":"wp","href":"https:\/\/api.w.org\/{rel}","templated":true}]}}