{"id":35530,"date":"2023-09-15T16:20:42","date_gmt":"2023-09-15T19:20:42","guid":{"rendered":"https:\/\/terezaxavier.com.br\/?post_type=product&#038;p=35530"},"modified":"2025-10-23T13:22:37","modified_gmt":"2025-10-23T16:22:37","slug":"pulseira-23-alta-joalheria-textil-alto-jurua","status":"publish","type":"product","link":"https:\/\/terezaxavier.com.br\/en\/product\/pulseira-23-alta-joalheria-textil-alto-jurua\/","title":{"rendered":"Pulseira Longa Alto Juru\u00e1 23"},"content":{"rendered":"<p>Pulseira da Cole\u00e7\u00e3o 23 Alto Juru\u00e1 confeccionada em tear manual com puras l\u00e3s coloridas, por mulheres ind\u00edgenas da Amaz\u00f4nia e bordada a m\u00e3o com P\u00e9rolas Rosadas e mi\u00e7angas brancas, logo em Prata 925. Pe\u00e7a \u00fanica e aproximadamente 112 cent\u00edmetros.<\/p>","protected":false},"excerpt":{"rendered":"<p>Pulseira da Cole\u00e7\u00e3o 23 Alto Juru\u00e1 confeccionada em tear manual com puras l\u00e3s coloridas, por mulheres ind\u00edgenas da Amaz\u00f4nia e bordada a m\u00e3o com P\u00e9rolas Rosadas e mi\u00e7angas brancas, logo em Prata 925. Pe\u00e7a \u00fanica e aproximadamente 112 cent\u00edmetros.<\/p>","protected":false},"featured_media":44250,"comment_status":"open","ping_status":"closed","template":"","meta":{"_joinchat":[]},"product_brand":[],"product_cat":[218],"product_tag":[],"class_list":{"0":"post-35530","1":"product","2":"type-product","3":"status-publish","4":"has-post-thumbnail","6":"product_cat-alta-joalheria-textil","8":"first","9":"instock","10":"shipping-taxable","11":"purchasable","12":"product-type-simple"},"_links":{"self":[{"href":"https:\/\/terezaxavier.com.br\/en\/wp-json\/wp\/v2\/product\/35530","targetHints":{"allow":["GET"]}}],"collection":[{"href":"https:\/\/terezaxavier.com.br\/en\/wp-json\/wp\/v2\/product"}],"about":[{"href":"https:\/\/terezaxavier.com.br\/en\/wp-json\/wp\/v2\/types\/product"}],"replies":[{"embeddable":true,"href":"https:\/\/terezaxavier.com.br\/en\/wp-json\/wp\/v2\/comments?post=35530"}],"wp:featuredmedia":[{"embeddable":true,"href":"https:\/\/terezaxavier.com.br\/en\/wp-json\/wp\/v2\/media\/44250"}],"wp:attachment":[{"href":"https:\/\/terezaxavier.com.br\/en\/wp-json\/wp\/v2\/media?parent=35530"}],"wp:term":[{"taxonomy":"product_brand","embeddable":true,"href":"https:\/\/terezaxavier.com.br\/en\/wp-json\/wp\/v2\/product_brand?post=35530"},{"taxonomy":"product_cat","embeddable":true,"href":"https:\/\/terezaxavier.com.br\/en\/wp-json\/wp\/v2\/product_cat?post=35530"},{"taxonomy":"product_tag","embeddable":true,"href":"https:\/\/terezaxavier.com.br\/en\/wp-json\/wp\/v2\/product_tag?post=35530"}],"curies":[{"name":"wp","href":"https:\/\/api.w.org\/{rel}","templated":true}]}}