{"id":35345,"date":"2023-08-30T18:56:19","date_gmt":"2023-08-30T21:56:19","guid":{"rendered":"https:\/\/terezaxavier.com.br\/?post_type=product&#038;p=35345"},"modified":"2025-10-23T13:23:44","modified_gmt":"2025-10-23T16:23:44","slug":"pulseira-alto-jurua-curta-2","status":"publish","type":"product","link":"https:\/\/terezaxavier.com.br\/en\/product\/pulseira-alto-jurua-curta-2\/","title":{"rendered":"Pulseira Curta Alto Juru\u00e1 2"},"content":{"rendered":"<p>Pulseira da Cole\u00e7\u00e3o Alto Juru\u00e1 curta confeccionada em tear manual com puras l\u00e3s coloridas, por mulheres ind\u00edgenas da Amaz\u00f4nia e bordada a m\u00e3o com Turquesas, Corais, mi\u00e7angas brancas, logo em Prata 925.<\/p>","protected":false},"excerpt":{"rendered":"<p>Pulseira da Cole\u00e7\u00e3o Alto Juru\u00e1 curta confeccionada em tear manual com puras l\u00e3s coloridas, por mulheres ind\u00edgenas da Amaz\u00f4nia e bordada a m\u00e3o com Turquesas, Corais, mi\u00e7angas brancas, logo em&hellip;<\/p>","protected":false},"featured_media":44253,"comment_status":"open","ping_status":"closed","template":"","meta":{"_joinchat":[]},"product_brand":[],"product_cat":[218],"product_tag":[],"class_list":{"0":"post-35345","1":"product","2":"type-product","3":"status-publish","4":"has-post-thumbnail","6":"product_cat-alta-joalheria-textil","8":"first","9":"instock","10":"shipping-taxable","11":"purchasable","12":"product-type-simple"},"_links":{"self":[{"href":"https:\/\/terezaxavier.com.br\/en\/wp-json\/wp\/v2\/product\/35345","targetHints":{"allow":["GET"]}}],"collection":[{"href":"https:\/\/terezaxavier.com.br\/en\/wp-json\/wp\/v2\/product"}],"about":[{"href":"https:\/\/terezaxavier.com.br\/en\/wp-json\/wp\/v2\/types\/product"}],"replies":[{"embeddable":true,"href":"https:\/\/terezaxavier.com.br\/en\/wp-json\/wp\/v2\/comments?post=35345"}],"wp:featuredmedia":[{"embeddable":true,"href":"https:\/\/terezaxavier.com.br\/en\/wp-json\/wp\/v2\/media\/44253"}],"wp:attachment":[{"href":"https:\/\/terezaxavier.com.br\/en\/wp-json\/wp\/v2\/media?parent=35345"}],"wp:term":[{"taxonomy":"product_brand","embeddable":true,"href":"https:\/\/terezaxavier.com.br\/en\/wp-json\/wp\/v2\/product_brand?post=35345"},{"taxonomy":"product_cat","embeddable":true,"href":"https:\/\/terezaxavier.com.br\/en\/wp-json\/wp\/v2\/product_cat?post=35345"},{"taxonomy":"product_tag","embeddable":true,"href":"https:\/\/terezaxavier.com.br\/en\/wp-json\/wp\/v2\/product_tag?post=35345"}],"curies":[{"name":"wp","href":"https:\/\/api.w.org\/{rel}","templated":true}]}}