{"id":35343,"date":"2023-08-30T18:54:54","date_gmt":"2023-08-30T21:54:54","guid":{"rendered":"https:\/\/terezaxavier.com.br\/?post_type=product&#038;p=35343"},"modified":"2025-10-23T13:23:57","modified_gmt":"2025-10-23T16:23:57","slug":"pulseira-alto-jurua-curta","status":"publish","type":"product","link":"https:\/\/terezaxavier.com.br\/en\/product\/pulseira-alto-jurua-curta\/","title":{"rendered":"Pulseira Curta Alto Juru\u00e1 1"},"content":{"rendered":"<p>Pulseira curta Alto Juru\u00e1 da Cole\u00e7\u00e3o Alto Juru\u00e1 bordado Alto Juru\u00e1 confeccionado por mulheres ind\u00edgenas da Amaz\u00f4nia em tear manual com finas l\u00e3s coloridas, bordado \u00e0 m\u00e3o com \u00c1guas Marinhas, mi\u00e7angas brancas e logo em Prata 925.<\/p>","protected":false},"excerpt":{"rendered":"<p>Pulseira curta Alto Juru\u00e1 da Cole\u00e7\u00e3o Alto Juru\u00e1 bordado Alto Juru\u00e1 confeccionado por mulheres ind\u00edgenas da Amaz\u00f4nia em tear manual com finas l\u00e3s coloridas, bordado \u00e0 m\u00e3o com \u00c1guas Marinhas, mi\u00e7angas brancas e logo em Prata 925.<\/p>","protected":false},"featured_media":44255,"comment_status":"open","ping_status":"closed","template":"","meta":{"_joinchat":[]},"product_brand":[],"product_cat":[218],"product_tag":[],"class_list":{"0":"post-35343","1":"product","2":"type-product","3":"status-publish","4":"has-post-thumbnail","6":"product_cat-alta-joalheria-textil","8":"first","9":"instock","10":"shipping-taxable","11":"purchasable","12":"product-type-simple"},"_links":{"self":[{"href":"https:\/\/terezaxavier.com.br\/en\/wp-json\/wp\/v2\/product\/35343","targetHints":{"allow":["GET"]}}],"collection":[{"href":"https:\/\/terezaxavier.com.br\/en\/wp-json\/wp\/v2\/product"}],"about":[{"href":"https:\/\/terezaxavier.com.br\/en\/wp-json\/wp\/v2\/types\/product"}],"replies":[{"embeddable":true,"href":"https:\/\/terezaxavier.com.br\/en\/wp-json\/wp\/v2\/comments?post=35343"}],"wp:featuredmedia":[{"embeddable":true,"href":"https:\/\/terezaxavier.com.br\/en\/wp-json\/wp\/v2\/media\/44255"}],"wp:attachment":[{"href":"https:\/\/terezaxavier.com.br\/en\/wp-json\/wp\/v2\/media?parent=35343"}],"wp:term":[{"taxonomy":"product_brand","embeddable":true,"href":"https:\/\/terezaxavier.com.br\/en\/wp-json\/wp\/v2\/product_brand?post=35343"},{"taxonomy":"product_cat","embeddable":true,"href":"https:\/\/terezaxavier.com.br\/en\/wp-json\/wp\/v2\/product_cat?post=35343"},{"taxonomy":"product_tag","embeddable":true,"href":"https:\/\/terezaxavier.com.br\/en\/wp-json\/wp\/v2\/product_tag?post=35343"}],"curies":[{"name":"wp","href":"https:\/\/api.w.org\/{rel}","templated":true}]}}