{"id":35319,"date":"2023-08-30T18:16:16","date_gmt":"2023-08-30T21:16:16","guid":{"rendered":"https:\/\/terezaxavier.com.br\/?post_type=product&#038;p=35319"},"modified":"2025-10-23T13:25:13","modified_gmt":"2025-10-23T16:25:13","slug":"choker-alto-jurua-corais-e-logo-prata-rodiun-negro","status":"publish","type":"product","link":"https:\/\/terezaxavier.com.br\/en\/product\/choker-alto-jurua-corais-e-logo-prata-rodiun-negro\/","title":{"rendered":"Choker Alto Juru\u00e1 1"},"content":{"rendered":"<p>Choker Alto Juru\u00e1 da Cole\u00e7\u00e3o Alto Juru\u00e1 bordado Alto Juru\u00e1 confeccionado por mulheres ind\u00edgenas da Amaz\u00f4nia em tear manual com finas l\u00e3s coloridas, bordado \u00e0 m\u00e3o com Corais, mi\u00e7angas brancas e logo em Prata 925.<\/p>","protected":false},"excerpt":{"rendered":"<p>Choker Alto Juru\u00e1 da Cole\u00e7\u00e3o Alto Juru\u00e1 bordado Alto Juru\u00e1 confeccionado por mulheres ind\u00edgenas da Amaz\u00f4nia em tear manual com finas l\u00e3s coloridas, bordado \u00e0 m\u00e3o com Corais, mi\u00e7angas brancas e logo em Prata 925.<\/p>","protected":false},"featured_media":44259,"comment_status":"open","ping_status":"closed","template":"","meta":{"_joinchat":[]},"product_brand":[],"product_cat":[218],"product_tag":[],"class_list":{"0":"post-35319","1":"product","2":"type-product","3":"status-publish","4":"has-post-thumbnail","6":"product_cat-alta-joalheria-textil","8":"first","9":"instock","10":"shipping-taxable","11":"purchasable","12":"product-type-simple"},"_links":{"self":[{"href":"https:\/\/terezaxavier.com.br\/en\/wp-json\/wp\/v2\/product\/35319","targetHints":{"allow":["GET"]}}],"collection":[{"href":"https:\/\/terezaxavier.com.br\/en\/wp-json\/wp\/v2\/product"}],"about":[{"href":"https:\/\/terezaxavier.com.br\/en\/wp-json\/wp\/v2\/types\/product"}],"replies":[{"embeddable":true,"href":"https:\/\/terezaxavier.com.br\/en\/wp-json\/wp\/v2\/comments?post=35319"}],"wp:featuredmedia":[{"embeddable":true,"href":"https:\/\/terezaxavier.com.br\/en\/wp-json\/wp\/v2\/media\/44259"}],"wp:attachment":[{"href":"https:\/\/terezaxavier.com.br\/en\/wp-json\/wp\/v2\/media?parent=35319"}],"wp:term":[{"taxonomy":"product_brand","embeddable":true,"href":"https:\/\/terezaxavier.com.br\/en\/wp-json\/wp\/v2\/product_brand?post=35319"},{"taxonomy":"product_cat","embeddable":true,"href":"https:\/\/terezaxavier.com.br\/en\/wp-json\/wp\/v2\/product_cat?post=35319"},{"taxonomy":"product_tag","embeddable":true,"href":"https:\/\/terezaxavier.com.br\/en\/wp-json\/wp\/v2\/product_tag?post=35319"}],"curies":[{"name":"wp","href":"https:\/\/api.w.org\/{rel}","templated":true}]}}