{"id":34710,"date":"2023-08-23T12:22:23","date_gmt":"2023-08-23T15:22:23","guid":{"rendered":"https:\/\/terezaxavier.com.br\/?post_type=product&#038;p=34710"},"modified":"2025-10-23T13:40:08","modified_gmt":"2025-10-23T16:40:08","slug":"bracelete-huni-kuin-3","status":"publish","type":"product","link":"https:\/\/terezaxavier.com.br\/en\/product\/bracelete-huni-kuin-3\/","title":{"rendered":"Bracelete Huni Kuin 3"},"content":{"rendered":"<p>Confeccionada com l\u00e3s coloridas, bordada \u00e0 m\u00e3o com Espin\u00e9lios Negros, logo em Prata 925, pe\u00e7a \u00fanica.<\/p>","protected":false},"excerpt":{"rendered":"<p>Confeccionada com l\u00e3s coloridas, bordada \u00e0 m\u00e3o com Espin\u00e9lios Negros, logo em Prata 925, pe\u00e7a \u00fanica.<\/p>","protected":false},"featured_media":44741,"comment_status":"open","ping_status":"closed","template":"","meta":{"_joinchat":[]},"product_brand":[],"product_cat":[218],"product_tag":[],"class_list":{"0":"post-34710","1":"product","2":"type-product","3":"status-publish","4":"has-post-thumbnail","6":"product_cat-alta-joalheria-textil","8":"first","9":"instock","10":"sold-individually","11":"shipping-taxable","12":"purchasable","13":"product-type-simple"},"_links":{"self":[{"href":"https:\/\/terezaxavier.com.br\/en\/wp-json\/wp\/v2\/product\/34710","targetHints":{"allow":["GET"]}}],"collection":[{"href":"https:\/\/terezaxavier.com.br\/en\/wp-json\/wp\/v2\/product"}],"about":[{"href":"https:\/\/terezaxavier.com.br\/en\/wp-json\/wp\/v2\/types\/product"}],"replies":[{"embeddable":true,"href":"https:\/\/terezaxavier.com.br\/en\/wp-json\/wp\/v2\/comments?post=34710"}],"wp:featuredmedia":[{"embeddable":true,"href":"https:\/\/terezaxavier.com.br\/en\/wp-json\/wp\/v2\/media\/44741"}],"wp:attachment":[{"href":"https:\/\/terezaxavier.com.br\/en\/wp-json\/wp\/v2\/media?parent=34710"}],"wp:term":[{"taxonomy":"product_brand","embeddable":true,"href":"https:\/\/terezaxavier.com.br\/en\/wp-json\/wp\/v2\/product_brand?post=34710"},{"taxonomy":"product_cat","embeddable":true,"href":"https:\/\/terezaxavier.com.br\/en\/wp-json\/wp\/v2\/product_cat?post=34710"},{"taxonomy":"product_tag","embeddable":true,"href":"https:\/\/terezaxavier.com.br\/en\/wp-json\/wp\/v2\/product_tag?post=34710"}],"curies":[{"name":"wp","href":"https:\/\/api.w.org\/{rel}","templated":true}]}}