{"id":23305,"date":"2023-03-22T15:33:07","date_gmt":"2023-03-22T18:33:07","guid":{"rendered":"https:\/\/terezaxavier.com.br\/?post_type=product&#038;p=23305"},"modified":"2025-10-23T13:36:43","modified_gmt":"2025-10-23T16:36:43","slug":"india-karaja-colecao-tribos-indigenas-do-brasil","status":"publish","type":"product","link":"https:\/\/terezaxavier.com.br\/en\/product\/india-karaja-colecao-tribos-indigenas-do-brasil\/","title":{"rendered":"\u00cdndio Karaj\u00e1"},"content":{"rendered":"<p>\u00cdndio Karaj\u00e1 confeccionado em Ouro 18k e micro plumas coloridas.<\/p>","protected":false},"excerpt":{"rendered":"<p>\u00cdndio Karaj\u00e1 confeccionado em Ouro 18k e micro plumas coloridas.<\/p>","protected":false},"featured_media":23280,"comment_status":"open","ping_status":"closed","template":"","meta":{"_joinchat":[]},"product_brand":[],"product_cat":[212],"product_tag":[],"class_list":{"0":"post-23305","1":"product","2":"type-product","3":"status-publish","4":"has-post-thumbnail","6":"product_cat-sem-categoria","8":"first","9":"instock","10":"shipping-taxable","11":"purchasable","12":"product-type-simple"},"_links":{"self":[{"href":"https:\/\/terezaxavier.com.br\/en\/wp-json\/wp\/v2\/product\/23305","targetHints":{"allow":["GET"]}}],"collection":[{"href":"https:\/\/terezaxavier.com.br\/en\/wp-json\/wp\/v2\/product"}],"about":[{"href":"https:\/\/terezaxavier.com.br\/en\/wp-json\/wp\/v2\/types\/product"}],"replies":[{"embeddable":true,"href":"https:\/\/terezaxavier.com.br\/en\/wp-json\/wp\/v2\/comments?post=23305"}],"wp:featuredmedia":[{"embeddable":true,"href":"https:\/\/terezaxavier.com.br\/en\/wp-json\/wp\/v2\/media\/23280"}],"wp:attachment":[{"href":"https:\/\/terezaxavier.com.br\/en\/wp-json\/wp\/v2\/media?parent=23305"}],"wp:term":[{"taxonomy":"product_brand","embeddable":true,"href":"https:\/\/terezaxavier.com.br\/en\/wp-json\/wp\/v2\/product_brand?post=23305"},{"taxonomy":"product_cat","embeddable":true,"href":"https:\/\/terezaxavier.com.br\/en\/wp-json\/wp\/v2\/product_cat?post=23305"},{"taxonomy":"product_tag","embeddable":true,"href":"https:\/\/terezaxavier.com.br\/en\/wp-json\/wp\/v2\/product_tag?post=23305"}],"curies":[{"name":"wp","href":"https:\/\/api.w.org\/{rel}","templated":true}]}}