{"id":21684,"date":"2023-02-10T15:46:25","date_gmt":"2023-02-10T18:46:25","guid":{"rendered":"https:\/\/terezaxavier.com.br\/?post_type=product&#038;p=21684"},"modified":"2025-10-23T13:35:00","modified_gmt":"2025-10-23T16:35:00","slug":"colar-3-alta-joalheria-textil-alto-jurua","status":"publish","type":"product","link":"https:\/\/terezaxavier.com.br\/en\/product\/colar-3-alta-joalheria-textil-alto-jurua\/","title":{"rendered":"Colar Alto Juru\u00e1 3"},"content":{"rendered":"<p>Colar 3 Cole\u00e7\u00e3o Alto Juru\u00e1 confeccionado em tear manual com puras l\u00e3s de diferentes cores, por mulheres ind\u00edgenas da Amaz\u00f4nia e bordado \u00e0 m\u00e3o com L\u00e1pis Lazulis, e Pingente confeccionado \u00e0 m\u00e3o Rubis, Ametista e logo em Ouro amarelo 18k.<\/p>","protected":false},"excerpt":{"rendered":"<p>Colar 3 Cole\u00e7\u00e3o Alto Juru\u00e1 confeccionado em tear manual com puras l\u00e3s de diferentes cores, por mulheres ind\u00edgenas da Amaz\u00f4nia e bordado \u00e0 m\u00e3o com L\u00e1pis Lazulis, e Pingente confeccionado \u00e0 m\u00e3o Rubis, Ametista e logo em Ouro amarelo 18k.<\/p>","protected":false},"featured_media":44495,"comment_status":"open","ping_status":"closed","template":"","meta":{"_joinchat":[]},"product_brand":[],"product_cat":[218],"product_tag":[221],"class_list":{"0":"post-21684","1":"product","2":"type-product","3":"status-publish","4":"has-post-thumbnail","6":"product_cat-alta-joalheria-textil","7":"product_tag-colar-alto-jurua","9":"first","10":"instock","11":"sold-individually","12":"shipping-taxable","13":"purchasable","14":"product-type-simple"},"_links":{"self":[{"href":"https:\/\/terezaxavier.com.br\/en\/wp-json\/wp\/v2\/product\/21684","targetHints":{"allow":["GET"]}}],"collection":[{"href":"https:\/\/terezaxavier.com.br\/en\/wp-json\/wp\/v2\/product"}],"about":[{"href":"https:\/\/terezaxavier.com.br\/en\/wp-json\/wp\/v2\/types\/product"}],"replies":[{"embeddable":true,"href":"https:\/\/terezaxavier.com.br\/en\/wp-json\/wp\/v2\/comments?post=21684"}],"wp:featuredmedia":[{"embeddable":true,"href":"https:\/\/terezaxavier.com.br\/en\/wp-json\/wp\/v2\/media\/44495"}],"wp:attachment":[{"href":"https:\/\/terezaxavier.com.br\/en\/wp-json\/wp\/v2\/media?parent=21684"}],"wp:term":[{"taxonomy":"product_brand","embeddable":true,"href":"https:\/\/terezaxavier.com.br\/en\/wp-json\/wp\/v2\/product_brand?post=21684"},{"taxonomy":"product_cat","embeddable":true,"href":"https:\/\/terezaxavier.com.br\/en\/wp-json\/wp\/v2\/product_cat?post=21684"},{"taxonomy":"product_tag","embeddable":true,"href":"https:\/\/terezaxavier.com.br\/en\/wp-json\/wp\/v2\/product_tag?post=21684"}],"curies":[{"name":"wp","href":"https:\/\/api.w.org\/{rel}","templated":true}]}}