{"id":21656,"date":"2023-02-08T14:52:26","date_gmt":"2023-02-08T17:52:26","guid":{"rendered":"https:\/\/terezaxavier.com.br\/?post_type=product&#038;p=21656"},"modified":"2025-12-17T12:10:20","modified_gmt":"2025-12-17T15:10:20","slug":"pulseira-9-alta-joalheria-textil-alto-jurua","status":"publish","type":"product","link":"https:\/\/terezaxavier.com.br\/en\/product\/pulseira-9-alta-joalheria-textil-alto-jurua\/","title":{"rendered":"Pulseira Longa Alto Juru\u00e1 9"},"content":{"rendered":"<p>Pulseira da Cole\u00e7\u00e3o Alto Juru\u00e1 9 confeccionada em tear manual com puras l\u00e3s de diferentes cores, por mulheres ind\u00edgenas da Amaz\u00f4nia e bordada a m\u00e3o com Espin\u00e9lios negros, mi\u00e7angas brancas e logo em Prata 925. Pe\u00e7a \u00fanica e aproximadamente 112 cent\u00edmetros.<\/p>","protected":false},"excerpt":{"rendered":"<p>Pulseira da Cole\u00e7\u00e3o Alto Juru\u00e1 9 confeccionada em tear manual com puras l\u00e3s de diferentes cores, por mulheres ind\u00edgenas da Amaz\u00f4nia e bordada a m\u00e3o com Espin\u00e9lios negros, mi\u00e7angas brancas e logo em Prata 925. Pe\u00e7a \u00fanica e aproximadamente 112 cent\u00edmetros.<\/p>","protected":false},"featured_media":45841,"comment_status":"open","ping_status":"closed","template":"","meta":{"_joinchat":[]},"product_brand":[],"product_cat":[218],"product_tag":[220],"class_list":{"0":"post-21656","1":"product","2":"type-product","3":"status-publish","4":"has-post-thumbnail","6":"product_cat-alta-joalheria-textil","7":"product_tag-pulseira-alta-joalheria-textil","9":"first","10":"instock","11":"shipping-taxable","12":"purchasable","13":"product-type-simple"},"_links":{"self":[{"href":"https:\/\/terezaxavier.com.br\/en\/wp-json\/wp\/v2\/product\/21656","targetHints":{"allow":["GET"]}}],"collection":[{"href":"https:\/\/terezaxavier.com.br\/en\/wp-json\/wp\/v2\/product"}],"about":[{"href":"https:\/\/terezaxavier.com.br\/en\/wp-json\/wp\/v2\/types\/product"}],"replies":[{"embeddable":true,"href":"https:\/\/terezaxavier.com.br\/en\/wp-json\/wp\/v2\/comments?post=21656"}],"wp:featuredmedia":[{"embeddable":true,"href":"https:\/\/terezaxavier.com.br\/en\/wp-json\/wp\/v2\/media\/45841"}],"wp:attachment":[{"href":"https:\/\/terezaxavier.com.br\/en\/wp-json\/wp\/v2\/media?parent=21656"}],"wp:term":[{"taxonomy":"product_brand","embeddable":true,"href":"https:\/\/terezaxavier.com.br\/en\/wp-json\/wp\/v2\/product_brand?post=21656"},{"taxonomy":"product_cat","embeddable":true,"href":"https:\/\/terezaxavier.com.br\/en\/wp-json\/wp\/v2\/product_cat?post=21656"},{"taxonomy":"product_tag","embeddable":true,"href":"https:\/\/terezaxavier.com.br\/en\/wp-json\/wp\/v2\/product_tag?post=21656"}],"curies":[{"name":"wp","href":"https:\/\/api.w.org\/{rel}","templated":true}]}}