{"id":21649,"date":"2023-02-08T14:03:34","date_gmt":"2023-02-08T17:03:34","guid":{"rendered":"https:\/\/terezaxavier.com.br\/?post_type=product&#038;p=21649"},"modified":"2026-01-07T11:19:58","modified_gmt":"2026-01-07T14:19:58","slug":"pulseira-3-alta-joalheria-textil-alto-jurua","status":"publish","type":"product","link":"https:\/\/terezaxavier.com.br\/en\/product\/pulseira-3-alta-joalheria-textil-alto-jurua\/","title":{"rendered":"Pulseira Longa Alto Juru\u00e1 3"},"content":{"rendered":"<p>Pulseira da Cole\u00e7\u00e3o 3 Alto Juru\u00e1 confeccionada em tear manual com pura l\u00e3 de diferentes cores, por mulheres ind\u00edgenas da Amaz\u00f4nia e bordada a m\u00e3o com micro Jades amarelos, mi\u00e7angas brancas e logo em Prata 925.<\/p>","protected":false},"excerpt":{"rendered":"<p>Pulseira da Cole\u00e7\u00e3o 3 Alto Juru\u00e1 confeccionada em tear manual com pura l\u00e3 de diferentes cores, por mulheres ind\u00edgenas da Amaz\u00f4nia e bordada a m\u00e3o com micro Jades amarelos, mi\u00e7angas brancas e logo em Prata 925.<\/p>","protected":false},"featured_media":44274,"comment_status":"open","ping_status":"closed","template":"","meta":{"_joinchat":[]},"product_brand":[],"product_cat":[218],"product_tag":[220],"class_list":{"0":"post-21649","1":"product","2":"type-product","3":"status-publish","4":"has-post-thumbnail","6":"product_cat-alta-joalheria-textil","7":"product_tag-pulseira-alta-joalheria-textil","9":"first","10":"instock","11":"sold-individually","12":"shipping-taxable","13":"purchasable","14":"product-type-simple"},"_links":{"self":[{"href":"https:\/\/terezaxavier.com.br\/en\/wp-json\/wp\/v2\/product\/21649","targetHints":{"allow":["GET"]}}],"collection":[{"href":"https:\/\/terezaxavier.com.br\/en\/wp-json\/wp\/v2\/product"}],"about":[{"href":"https:\/\/terezaxavier.com.br\/en\/wp-json\/wp\/v2\/types\/product"}],"replies":[{"embeddable":true,"href":"https:\/\/terezaxavier.com.br\/en\/wp-json\/wp\/v2\/comments?post=21649"}],"wp:featuredmedia":[{"embeddable":true,"href":"https:\/\/terezaxavier.com.br\/en\/wp-json\/wp\/v2\/media\/44274"}],"wp:attachment":[{"href":"https:\/\/terezaxavier.com.br\/en\/wp-json\/wp\/v2\/media?parent=21649"}],"wp:term":[{"taxonomy":"product_brand","embeddable":true,"href":"https:\/\/terezaxavier.com.br\/en\/wp-json\/wp\/v2\/product_brand?post=21649"},{"taxonomy":"product_cat","embeddable":true,"href":"https:\/\/terezaxavier.com.br\/en\/wp-json\/wp\/v2\/product_cat?post=21649"},{"taxonomy":"product_tag","embeddable":true,"href":"https:\/\/terezaxavier.com.br\/en\/wp-json\/wp\/v2\/product_tag?post=21649"}],"curies":[{"name":"wp","href":"https:\/\/api.w.org\/{rel}","templated":true}]}}