{"id":44465,"date":"2025-01-22T17:41:17","date_gmt":"2025-01-22T20:41:17","guid":{"rendered":"https:\/\/terezaxavier.com.br\/?page_id=44465"},"modified":"2025-01-22T18:50:18","modified_gmt":"2025-01-22T21:50:18","slug":"aneis-sinete","status":"publish","type":"page","link":"https:\/\/terezaxavier.com.br\/en\/aneis-sinete\/","title":{"rendered":"An\u00e9is Sinete"},"content":{"rendered":"<div data-elementor-type=\"wp-page\" data-elementor-id=\"44465\" class=\"elementor elementor-44465\" data-elementor-post-type=\"page\">\n\t\t\t\t<div class=\"elementor-element elementor-element-dda7e02 e-flex e-con-boxed sc_layouts_column_icons_position_left e-con e-parent\" data-id=\"dda7e02\" data-element_type=\"container\" data-e-type=\"container\">\n\t\t\t\t\t<div class=\"e-con-inner\">\n\t\t\t\t<div class=\"elementor-element elementor-element-3a04f00 sc_fly_static elementor-widget elementor-widget-heading\" data-id=\"3a04f00\" data-element_type=\"widget\" data-e-type=\"widget\" data-widget_type=\"heading.default\">\n\t\t\t\t<div class=\"elementor-widget-container\">\n\t\t\t\t\t<h2 class=\"elementor-heading-title elementor-size-default\">An\u00e9is Sinete<\/h2>\t\t\t\t<\/div>\n\t\t\t\t<\/div>\n\t\t\t\t\t<\/div>\n\t\t\t\t<\/div>\n\t\t<div class=\"elementor-element elementor-element-9845e21 e-flex e-con-boxed sc_layouts_column_icons_position_left e-con e-parent\" data-id=\"9845e21\" data-element_type=\"container\" data-e-type=\"container\">\n\t\t\t\t\t<div class=\"e-con-inner\">\n\t\t\t\t<div class=\"elementor-element elementor-element-f697e74 sc_fly_static elementor-widget elementor-widget-text-editor\" data-id=\"f697e74\" data-element_type=\"widget\" data-e-type=\"widget\" data-widget_type=\"text-editor.default\">\n\t\t\t\t<div class=\"elementor-widget-container\">\n\t\t\t\t\t\t\t\t\t<p style=\"text-align: center;\"><strong>Como surgiu a ideia de desenhar os Bras\u00f5es de Armas Contempor\u00e2neos e de confeccionar os An\u00e9is Sinete Contempor\u00e2neos?\u200b<\/strong><\/p>\t\t\t\t\t\t\t\t<\/div>\n\t\t\t\t<\/div>\n\t\t\t\t\t<\/div>\n\t\t\t\t<\/div>\n\t\t<div class=\"elementor-element elementor-element-fa368b3 e-flex e-con-boxed sc_layouts_column_icons_position_left e-con e-parent\" data-id=\"fa368b3\" data-element_type=\"container\" data-e-type=\"container\">\n\t\t\t\t\t<div class=\"e-con-inner\">\n\t\t\t\t<div class=\"elementor-element elementor-element-c4f0e05 sc_fly_static elementor-widget elementor-widget-text-editor\" data-id=\"c4f0e05\" data-element_type=\"widget\" data-e-type=\"widget\" data-widget_type=\"text-editor.default\">\n\t\t\t\t<div class=\"elementor-widget-container\">\n\t\t\t\t\t\t\t\t\t<div>Tereza Xavier tinha uma vis\u00e3o: Criar a Alta Joalheria sustent\u00e1vel, a Alta Joalheria em um pr\u00f3ximo n\u00edvel, a Alta Joalheria com prop\u00f3sito, com significado, com sentimento, com emo\u00e7\u00e3o, a Alta Joalheria que se coloca por uma causa ou por muitas causas, criando para isso lindos An\u00e9is Sinete<\/div><div>A quase vinte e nove anos atr\u00e1s, ficou conhecida como Ecojoalheira. Naquela \u00e9poca, nem todos compreendiam bem o seu trabalho e a sua vis\u00e3o de super vanguarda sobretudo com rela\u00e7\u00e3o \u00e0 sustentabilidade que n\u00e3o estava em pauta, nem em alta, naquele momento em quase todos os setores de atua\u00e7\u00e3o e sobretudo na joalheria.<\/div>\t\t\t\t\t\t\t\t<\/div>\n\t\t\t\t<\/div>\n\t\t\t\t\t<\/div>\n\t\t\t\t<\/div>\n\t\t<div class=\"elementor-element elementor-element-60d6008 e-flex e-con-boxed sc_layouts_column_icons_position_left e-con e-parent\" data-id=\"60d6008\" data-element_type=\"container\" data-e-type=\"container\">\n\t\t\t\t\t<div class=\"e-con-inner\">\n\t\t\t\t<div class=\"elementor-element elementor-element-a7dce9c sc_fly_static elementor-widget elementor-widget-text-editor\" data-id=\"a7dce9c\" data-element_type=\"widget\" data-e-type=\"widget\" data-widget_type=\"text-editor.default\">\n\t\t\t\t<div class=\"elementor-widget-container\">\n\t\t\t\t\t\t\t\t\t<p>A marca hom\u00f4nima Tereza Xavier mesmo por ser hom\u00f4nima, sempre se colocou pela preserva\u00e7\u00e3o das florestas, pela prote\u00e7\u00e3o dos animais, pelos povos ind\u00edgenas e sua arte, pelas artes\u00e3s do Brasil, e tinha o compromisso de se tornar a cada dia mais sustent\u00e1vel.<\/p>\t\t\t\t\t\t\t\t<\/div>\n\t\t\t\t<\/div>\n\t\t\t\t\t<\/div>\n\t\t\t\t<\/div>\n\t\t<div class=\"elementor-element elementor-element-939ff23 e-flex e-con-boxed sc_layouts_column_icons_position_left e-con e-parent\" data-id=\"939ff23\" data-element_type=\"container\" data-e-type=\"container\">\n\t\t\t\t\t<div class=\"e-con-inner\">\n\t\t\t\t<div class=\"elementor-element elementor-element-b2b9e1d sc_fly_static elementor-widget elementor-widget-text-editor\" data-id=\"b2b9e1d\" data-element_type=\"widget\" data-e-type=\"widget\" data-widget_type=\"text-editor.default\">\n\t\t\t\t<div class=\"elementor-widget-container\">\n\t\t\t\t\t\t\t\t\t<div>No ano de 2005 criou a Cole\u00e7\u00e3o \u201cA Arte Real da Natureza\u201d que convida \u00e0 alquimia interior, e resolveu brasonar, desenhar os Bras\u00f5es de Armas Contempor\u00e2neos.<\/div><div>Eram desenhos especificamente criados para identificar pessoas com a mesma vis\u00e3o, com as mesmas causas, com os mesmos prop\u00f3sitos, com a mesma f\u00e9, e esculpi-los em metal, borda-los e pinta-los em cores precisas nos seus escudos a partir do conhecimento profundo da cor e da Geometria Sagrada, usando a propor\u00e7\u00e3o aurea, criando uma nova linguagem na arte da Heraldica, contempor\u00e2nea, para um novo tempo em que os Bras\u00f5es de Armas s\u00e3o definidos pelos prop\u00f3sitos, pelas causas e por tudo que emociona o cora\u00e7\u00e3o de uma pessoa.<\/div>\t\t\t\t\t\t\t\t<\/div>\n\t\t\t\t<\/div>\n\t\t\t\t\t<\/div>\n\t\t\t\t<\/div>\n\t\t<div class=\"elementor-element elementor-element-414b407 e-flex e-con-boxed sc_layouts_column_icons_position_left e-con e-parent\" data-id=\"414b407\" data-element_type=\"container\" data-e-type=\"container\">\n\t\t\t\t\t<div class=\"e-con-inner\">\n\t\t\t\t<div class=\"elementor-element elementor-element-e9601af sc_fly_static elementor-widget elementor-widget-text-editor\" data-id=\"e9601af\" data-element_type=\"widget\" data-e-type=\"widget\" data-widget_type=\"text-editor.default\">\n\t\t\t\t<div class=\"elementor-widget-container\">\n\t\t\t\t\t\t\t\t\t<p><span style=\"color: #000000; font-family: 'Times New Roman'; font-size: 16px; text-align: center;\">Em 2015, a ONU em um momento hist\u00f3rico reuniu todos os pa\u00edses do mundo, e apresentou\u00a0 uma nova agenda para o desenvolvimento sustent\u00e1vel que estabeleceu 17 ODS, ou seja, Objetivos para o Desenvolvimento Sustent\u00e1vel que devem ser implementados por todos os pa\u00edses do mundo a fim de que possam lidar com as mudan\u00e7as clim\u00e1ticas, com a preserva\u00e7\u00e3o do meio ambiente, e com a melhoria das condi\u00e7\u00f5es de vida das pessoas em todos os lugares do mundo.\u00a0<\/span><\/p>\t\t\t\t\t\t\t\t<\/div>\n\t\t\t\t<\/div>\n\t\t\t\t\t<\/div>\n\t\t\t\t<\/div>\n\t\t<div class=\"elementor-element elementor-element-1c8b9a5 e-flex e-con-boxed sc_layouts_column_icons_position_left e-con e-parent\" data-id=\"1c8b9a5\" data-element_type=\"container\" data-e-type=\"container\">\n\t\t\t\t\t<div class=\"e-con-inner\">\n\t\t\t\t<div class=\"elementor-element elementor-element-dfbc3bd sc_fly_static elementor-widget elementor-widget-text-editor\" data-id=\"dfbc3bd\" data-element_type=\"widget\" data-e-type=\"widget\" data-widget_type=\"text-editor.default\">\n\t\t\t\t<div class=\"elementor-widget-container\">\n\t\t\t\t\t\t\t\t\t<p>Cada um dos Bras\u00f5es de Arma Contempor\u00e2neos est\u00e1 ligado a uma diferente causa socioambiental.<\/p>\t\t\t\t\t\t\t\t<\/div>\n\t\t\t\t<\/div>\n\t\t\t\t\t<\/div>\n\t\t\t\t<\/div>\n\t\t<div class=\"elementor-element elementor-element-44ff352 e-flex e-con-boxed sc_layouts_column_icons_position_left e-con e-parent\" data-id=\"44ff352\" data-element_type=\"container\" data-e-type=\"container\">\n\t\t\t\t\t<div class=\"e-con-inner\">\n\t\t\t\t<div class=\"elementor-element elementor-element-8810a6d sc_fly_static elementor-widget elementor-widget-text-editor\" data-id=\"8810a6d\" data-element_type=\"widget\" data-e-type=\"widget\" data-widget_type=\"text-editor.default\">\n\t\t\t\t<div class=\"elementor-widget-container\">\n\t\t\t\t\t\t\t\t\t<div>Os Bras\u00f5es de Armas contempor\u00e2neos que Tereza Xavier desenhou, cerca de 10 anos antes, estavam dedicados a alguns dos Objetivos para o Desenvolvimento Sustent\u00e1vel, o que refor\u00e7a a sua vis\u00e3o desde o inicio da import\u00e2ncia da sustentabilidade, n\u00e3o s\u00f3 ambiental mas tamb\u00e9m social e \u00e9tica para que possamos construir um mundo melhor, mais justo, mais pac\u00edfico e mais feliz.<\/div><div>A Cole\u00e7\u00e3o \u201cA Arte Real da Natureza\u201d est\u00e1 em constante constru\u00e7\u00e3o, sempre trazendo s\u00edmbolos novos.<\/div><div>Assim, as pessoas que desejam um Anel de Bras\u00e3o podem escolhe-lo a partir da imagem, do s\u00edmbolo ou da causa \u00e0 qual \u00e9 dedicado, a partir do seu cora\u00e7\u00e3o e vai poder selar seus cart\u00f5es e mensagens como faziam Reis e Sult\u00f5es, dando um significado diferenciado \u00e0 sua comunica\u00e7\u00e3o escrita, fazendo uma personaliza\u00e7\u00e3o imag\u00e9tica nesse mundo veloz, l\u00edquido, e massificado. E tudo isso com muito charme.\u00a0<\/div><div>\u00a0<\/div>\t\t\t\t\t\t\t\t<\/div>\n\t\t\t\t<\/div>\n\t\t\t\t\t<\/div>\n\t\t\t\t<\/div>\n\t\t\t\t<\/div>","protected":false},"excerpt":{"rendered":"<p>An\u00e9is Sinete Como surgiu a ideia de desenhar os Bras\u00f5es de Armas Contempor\u00e2neos e de confeccionar os An\u00e9is Sinete Contempor\u00e2neos?\u200b Tereza Xavier tinha uma vis\u00e3o: Criar a Alta Joalheria sustent\u00e1vel,&hellip;<\/p>","protected":false},"author":1,"featured_media":0,"parent":0,"menu_order":0,"comment_status":"closed","ping_status":"closed","template":"","meta":{"_joinchat":[],"footnotes":""},"class_list":["post-44465","page","type-page","status-publish","hentry"],"_hostinger_reach_plugin_has_subscription_block":false,"_hostinger_reach_plugin_is_elementor":false,"_links":{"self":[{"href":"https:\/\/terezaxavier.com.br\/en\/wp-json\/wp\/v2\/pages\/44465","targetHints":{"allow":["GET"]}}],"collection":[{"href":"https:\/\/terezaxavier.com.br\/en\/wp-json\/wp\/v2\/pages"}],"about":[{"href":"https:\/\/terezaxavier.com.br\/en\/wp-json\/wp\/v2\/types\/page"}],"author":[{"embeddable":true,"href":"https:\/\/terezaxavier.com.br\/en\/wp-json\/wp\/v2\/users\/1"}],"replies":[{"embeddable":true,"href":"https:\/\/terezaxavier.com.br\/en\/wp-json\/wp\/v2\/comments?post=44465"}],"version-history":[{"count":19,"href":"https:\/\/terezaxavier.com.br\/en\/wp-json\/wp\/v2\/pages\/44465\/revisions"}],"predecessor-version":[{"id":44486,"href":"https:\/\/terezaxavier.com.br\/en\/wp-json\/wp\/v2\/pages\/44465\/revisions\/44486"}],"wp:attachment":[{"href":"https:\/\/terezaxavier.com.br\/en\/wp-json\/wp\/v2\/media?parent=44465"}],"curies":[{"name":"wp","href":"https:\/\/api.w.org\/{rel}","templated":true}]}}