{"id":36363,"date":"2023-12-13T13:47:33","date_gmt":"2023-12-13T16:47:33","guid":{"rendered":"https:\/\/terezaxavier.com.br\/?page_id=36363"},"modified":"2023-12-20T12:29:01","modified_gmt":"2023-12-20T15:29:01","slug":"tereza-xavier-experience","status":"publish","type":"page","link":"https:\/\/terezaxavier.com.br\/en\/tereza-xavier-experience\/","title":{"rendered":"Tereza Xavier Experience"},"content":{"rendered":"<div data-elementor-type=\"wp-page\" data-elementor-id=\"36363\" class=\"elementor elementor-36363\" data-elementor-post-type=\"page\">\n\t\t\t\t<div class=\"elementor-element elementor-element-7118b37 e-con-full e-flex sc_layouts_column_icons_position_left e-con e-parent\" data-id=\"7118b37\" data-element_type=\"container\" data-e-type=\"container\">\n\t\t\t\t<div class=\"elementor-element elementor-element-136f6e4 sc_fly_static elementor-widget elementor-widget-image\" data-id=\"136f6e4\" data-element_type=\"widget\" data-e-type=\"widget\" data-widget_type=\"image.default\">\n\t\t\t\t<div class=\"elementor-widget-container\">\n\t\t\t\t\t\t\t\t\t\t\t\t\t\t\t<img fetchpriority=\"high\" decoding=\"async\" width=\"2560\" height=\"1834\" src=\"https:\/\/terezaxavier.com.br\/wp-content\/uploads\/2023\/12\/tereza_xavier_e_indygenas-transformed-scaled.jpeg\" class=\"attachment-full size-full wp-image-36369\" alt=\"\" srcset=\"https:\/\/terezaxavier.com.br\/wp-content\/uploads\/2023\/12\/tereza_xavier_e_indygenas-transformed-scaled.jpeg 2560w, https:\/\/terezaxavier.com.br\/wp-content\/uploads\/2023\/12\/tereza_xavier_e_indygenas-transformed-300x215.jpeg 300w, https:\/\/terezaxavier.com.br\/wp-content\/uploads\/2023\/12\/tereza_xavier_e_indygenas-transformed-1024x734.jpeg 1024w, https:\/\/terezaxavier.com.br\/wp-content\/uploads\/2023\/12\/tereza_xavier_e_indygenas-transformed-768x550.jpeg 768w, https:\/\/terezaxavier.com.br\/wp-content\/uploads\/2023\/12\/tereza_xavier_e_indygenas-transformed-1536x1100.jpeg 1536w, https:\/\/terezaxavier.com.br\/wp-content\/uploads\/2023\/12\/tereza_xavier_e_indygenas-transformed-2048x1467.jpeg 2048w, https:\/\/terezaxavier.com.br\/wp-content\/uploads\/2023\/12\/tereza_xavier_e_indygenas-transformed-370x265.jpeg 370w, https:\/\/terezaxavier.com.br\/wp-content\/uploads\/2023\/12\/tereza_xavier_e_indygenas-transformed-840x602.jpeg 840w, https:\/\/terezaxavier.com.br\/wp-content\/uploads\/2023\/12\/tereza_xavier_e_indygenas-transformed-410x294.jpeg 410w, https:\/\/terezaxavier.com.br\/wp-content\/uploads\/2023\/12\/tereza_xavier_e_indygenas-transformed-600x430.jpeg 600w\" sizes=\"(max-width: 2560px) 100vw, 2560px\" \/>\t\t\t\t\t\t\t\t\t\t\t\t\t\t\t<\/div>\n\t\t\t\t<\/div>\n\t\t\t\t<div class=\"elementor-element elementor-element-2721952 sc_fly_static elementor-widget elementor-widget-spacer\" data-id=\"2721952\" data-element_type=\"widget\" data-e-type=\"widget\" data-widget_type=\"spacer.default\">\n\t\t\t\t<div class=\"elementor-widget-container\">\n\t\t\t\t\t\t\t<div class=\"elementor-spacer\">\n\t\t\t<div class=\"elementor-spacer-inner\"><\/div>\n\t\t<\/div>\n\t\t\t\t\t\t<\/div>\n\t\t\t\t<\/div>\n\t\t\t\t<\/div>\n\t\t<div class=\"elementor-element elementor-element-e51a8e7 e-flex e-con-boxed sc_layouts_column_icons_position_left e-con e-parent\" data-id=\"e51a8e7\" data-element_type=\"container\" data-e-type=\"container\">\n\t\t\t\t\t<div class=\"e-con-inner\">\n\t\t\t\t<div class=\"elementor-element elementor-element-250ddc2 elementor-drop-cap-yes elementor-drop-cap-view-default sc_fly_static elementor-widget elementor-widget-text-editor\" data-id=\"250ddc2\" data-element_type=\"widget\" data-e-type=\"widget\" data-settings=\"{&quot;drop_cap&quot;:&quot;yes&quot;}\" data-widget_type=\"text-editor.default\">\n\t\t\t\t<div class=\"elementor-widget-container\">\n\t\t\t\t\t\t\t\t\t<p><strong>Tereza Xavier desde sempre esteve ligada aos povos ind\u00edgenas do Brasil, estudando sua cultura, sua arte, sua cosmologia, visitando aldeias, e criando la\u00e7os com as diferentes tribos ind\u00edgenas. E nada mais natural que imprimisse esta postura na sua marca hom\u00f4nima.\u00a0<\/strong><\/p><p><strong>Observando sua arte, Tereza Xavier garimpa elementos que traz para joalheria, dando visibilidade a essas tribos, e resgata os preciosos c\u00f3digos ancestrais dos saberes manuais dos povos ind\u00edgenas do Brasil.\u00a0<\/strong><\/p><p><strong>Atrav\u00e9s dessas parcerias Tereza Xavier possibilita melhores condi\u00e7\u00f5es de vida para essas mulheres ind\u00edgenas e suas fam\u00edlias. Muitas s\u00e3o as parcerias formadas com as mulheres ind\u00edgenas at\u00e9 o momento. E muitas mais vir\u00e3o!<\/strong><\/p>\t\t\t\t\t\t\t\t<\/div>\n\t\t\t\t<\/div>\n\t\t\t\t<div class=\"elementor-element elementor-element-3804943 sc_fly_static elementor-widget elementor-widget-spacer\" data-id=\"3804943\" data-element_type=\"widget\" data-e-type=\"widget\" data-widget_type=\"spacer.default\">\n\t\t\t\t<div class=\"elementor-widget-container\">\n\t\t\t\t\t\t\t<div class=\"elementor-spacer\">\n\t\t\t<div class=\"elementor-spacer-inner\"><\/div>\n\t\t<\/div>\n\t\t\t\t\t\t<\/div>\n\t\t\t\t<\/div>\n\t\t\t\t\t<\/div>\n\t\t\t\t<\/div>\n\t\t<div class=\"elementor-element elementor-element-c0ebe07 e-flex e-con-boxed sc_layouts_column_icons_position_left e-con e-parent\" data-id=\"c0ebe07\" data-element_type=\"container\" data-e-type=\"container\">\n\t\t\t\t\t<div class=\"e-con-inner\">\n\t\t<div class=\"e-con-gap-no elementor-element elementor-element-5742a62 e-con-full e-flex sc_layouts_column_icons_position_left e-con e-child\" data-id=\"5742a62\" data-element_type=\"container\" data-e-type=\"container\">\n\t\t\t\t<\/div>\n\t\t<div class=\"elementor-element elementor-element-04ff2b2 e-con-full e-flex sc_layouts_column_icons_position_left e-con e-child\" data-id=\"04ff2b2\" data-element_type=\"container\" data-e-type=\"container\">\n\t\t\t\t<div class=\"elementor-element elementor-element-48f7d7e sc_fly_static elementor-widget elementor-widget-image\" data-id=\"48f7d7e\" data-element_type=\"widget\" data-e-type=\"widget\" data-widget_type=\"image.default\">\n\t\t\t\t<div class=\"elementor-widget-container\">\n\t\t\t\t\t\t\t\t\t\t\t\t<figure class=\"wp-caption\">\n\t\t\t\t\t\t\t\t\t\t<img decoding=\"async\" width=\"1024\" height=\"986\" src=\"https:\/\/terezaxavier.com.br\/wp-content\/uploads\/2023\/12\/cocar-xavante-1024x986.jpg\" class=\"attachment-large size-large wp-image-36385\" alt=\"cocar xavante\" srcset=\"https:\/\/terezaxavier.com.br\/wp-content\/uploads\/2023\/12\/cocar-xavante-1024x986.jpg 1024w, https:\/\/terezaxavier.com.br\/wp-content\/uploads\/2023\/12\/cocar-xavante-300x289.jpg 300w, https:\/\/terezaxavier.com.br\/wp-content\/uploads\/2023\/12\/cocar-xavante-768x740.jpg 768w, https:\/\/terezaxavier.com.br\/wp-content\/uploads\/2023\/12\/cocar-xavante-1536x1479.jpg 1536w, https:\/\/terezaxavier.com.br\/wp-content\/uploads\/2023\/12\/cocar-xavante-2048x1972.jpg 2048w, https:\/\/terezaxavier.com.br\/wp-content\/uploads\/2023\/12\/cocar-xavante-370x356.jpg 370w, https:\/\/terezaxavier.com.br\/wp-content\/uploads\/2023\/12\/cocar-xavante-840x809.jpg 840w, https:\/\/terezaxavier.com.br\/wp-content\/uploads\/2023\/12\/cocar-xavante-410x395.jpg 410w, https:\/\/terezaxavier.com.br\/wp-content\/uploads\/2023\/12\/cocar-xavante-600x578.jpg 600w\" sizes=\"(max-width: 1024px) 100vw, 1024px\" \/>\t\t\t\t\t\t\t\t\t\t\t<figcaption class=\"widget-image-caption wp-caption-text\">Cocar presenteado \u00e0 Tereza Xavier pelo povo Xavante<\/figcaption>\n\t\t\t\t\t\t\t\t\t\t<\/figure>\n\t\t\t\t\t\t\t\t\t<\/div>\n\t\t\t\t<\/div>\n\t\t\t\t<\/div>\n\t\t<div class=\"e-con-gap-no elementor-element elementor-element-412e882 e-con-full e-flex sc_layouts_column_icons_position_left e-con e-child\" data-id=\"412e882\" data-element_type=\"container\" data-e-type=\"container\">\n\t\t\t\t<\/div>\n\t\t\t\t\t<\/div>\n\t\t\t\t<\/div>\n\t\t\t\t<\/div>","protected":false},"excerpt":{"rendered":"<p>Tereza Xavier desde sempre esteve ligada aos povos ind\u00edgenas do Brasil, estudando sua cultura, sua arte, sua cosmologia, visitando aldeias, e criando la\u00e7os com as diferentes tribos ind\u00edgenas. E nada&hellip;<\/p>","protected":false},"author":1,"featured_media":0,"parent":0,"menu_order":0,"comment_status":"closed","ping_status":"closed","template":"","meta":{"_joinchat":[],"footnotes":""},"class_list":["post-36363","page","type-page","status-publish","hentry"],"_hostinger_reach_plugin_has_subscription_block":false,"_hostinger_reach_plugin_is_elementor":false,"_links":{"self":[{"href":"https:\/\/terezaxavier.com.br\/en\/wp-json\/wp\/v2\/pages\/36363","targetHints":{"allow":["GET"]}}],"collection":[{"href":"https:\/\/terezaxavier.com.br\/en\/wp-json\/wp\/v2\/pages"}],"about":[{"href":"https:\/\/terezaxavier.com.br\/en\/wp-json\/wp\/v2\/types\/page"}],"author":[{"embeddable":true,"href":"https:\/\/terezaxavier.com.br\/en\/wp-json\/wp\/v2\/users\/1"}],"replies":[{"embeddable":true,"href":"https:\/\/terezaxavier.com.br\/en\/wp-json\/wp\/v2\/comments?post=36363"}],"version-history":[{"count":19,"href":"https:\/\/terezaxavier.com.br\/en\/wp-json\/wp\/v2\/pages\/36363\/revisions"}],"predecessor-version":[{"id":36388,"href":"https:\/\/terezaxavier.com.br\/en\/wp-json\/wp\/v2\/pages\/36363\/revisions\/36388"}],"wp:attachment":[{"href":"https:\/\/terezaxavier.com.br\/en\/wp-json\/wp\/v2\/media?parent=36363"}],"curies":[{"name":"wp","href":"https:\/\/api.w.org\/{rel}","templated":true}]}}