{"id":35486,"date":"2023-09-06T18:52:46","date_gmt":"2023-09-06T21:52:46","guid":{"rendered":"https:\/\/terezaxavier.com.br\/?page_id=35486"},"modified":"2023-09-06T19:03:39","modified_gmt":"2023-09-06T22:03:39","slug":"pulseiras","status":"publish","type":"page","link":"https:\/\/terezaxavier.com.br\/en\/pulseiras\/","title":{"rendered":"Pulseiras"},"content":{"rendered":"<div data-elementor-type=\"wp-page\" data-elementor-id=\"35486\" class=\"elementor elementor-35486\" data-elementor-post-type=\"page\">\n\t\t\t\t\t\t<section class=\"elementor-section elementor-top-section elementor-element elementor-element-b41ee06 elementor-section-boxed elementor-section-height-default elementor-section-height-default sc_fly_static\" data-id=\"b41ee06\" data-element_type=\"section\" data-e-type=\"section\">\n\t\t\t\t\t\t<div class=\"elementor-container elementor-column-gap-extended\">\n\t\t\t\t\t<div class=\"elementor-column elementor-col-100 elementor-top-column elementor-element elementor-element-27555f6 sc_content_align_inherit sc_layouts_column_icons_position_left sc_fly_static\" data-id=\"27555f6\" data-element_type=\"column\" data-e-type=\"column\">\n\t\t\t<div class=\"elementor-widget-wrap elementor-element-populated\">\n\t\t\t\t\t\t<div class=\"elementor-element elementor-element-6d7a198 sc_fly_static elementor-widget elementor-widget-heading\" data-id=\"6d7a198\" data-element_type=\"widget\" data-e-type=\"widget\" data-widget_type=\"heading.default\">\n\t\t\t\t<div class=\"elementor-widget-container\">\n\t\t\t\t\t<h2 class=\"elementor-heading-title elementor-size-default\">Alto Juru\u00e1 Pulseiras Curtas<\/h2>\t\t\t\t<\/div>\n\t\t\t\t<\/div>\n\t\t\t\t<div class=\"elementor-element elementor-element-7c5ff0a sc_fly_static elementor-widget elementor-widget-spacer\" data-id=\"7c5ff0a\" data-element_type=\"widget\" data-e-type=\"widget\" data-widget_type=\"spacer.default\">\n\t\t\t\t<div class=\"elementor-widget-container\">\n\t\t\t\t\t\t\t<div class=\"elementor-spacer\">\n\t\t\t<div class=\"elementor-spacer-inner\"><\/div>\n\t\t<\/div>\n\t\t\t\t\t\t<\/div>\n\t\t\t\t<\/div>\n\t\t\t\t<div class=\"elementor-element elementor-element-b62a0e4 sc_fly_static elementor-widget elementor-widget-trx_sc_extended_products\" data-id=\"b62a0e4\" data-element_type=\"widget\" data-e-type=\"widget\" data-widget_type=\"trx_sc_extended_products.default\">\n\t\t\t\t<div class=\"elementor-widget-container\">\n\t\t\t\t\t<div  \n\tclass=\"sc_extended_products sc_extended_products_centered\" ><div class=\"sc_extended_products_content sc_item_content\" ><div class=\"woocommerce columns-3\"><ul class=\"products products_style_centered columns-3\">\n<li class=\"product type-product post-35345 status-publish first instock product_cat-alta-joalheria-textil has-post-thumbnail shipping-taxable purchasable product-type-simple product_style_centered\">\n\t\t\t<div class=\"post_item post_layout_thumbs\"\n\t\t\t\t\t>\n\t\t\t<div class=\"post_featured hover_shop\">\n\t\t\t\t\t\t\t\t<a href=\"https:\/\/terezaxavier.com.br\/en\/product\/pulseira-alto-jurua-curta-2\/\">\n\t\t\t\t<img fetchpriority=\"high\" decoding=\"async\" width=\"600\" height=\"800\" src=\"https:\/\/terezaxavier.com.br\/wp-content\/uploads\/2023\/08\/WhatsApp-Image-2025-01-08-at-12.12.22-20-600x800.jpeg\" class=\"attachment-woocommerce_single size-woocommerce_single\" alt=\"Pulseira Curta Alto Juru\u00e1 2\" srcset=\"https:\/\/terezaxavier.com.br\/wp-content\/uploads\/2023\/08\/WhatsApp-Image-2025-01-08-at-12.12.22-20-600x800.jpeg 600w, https:\/\/terezaxavier.com.br\/wp-content\/uploads\/2023\/08\/WhatsApp-Image-2025-01-08-at-12.12.22-20-225x300.jpeg 225w, https:\/\/terezaxavier.com.br\/wp-content\/uploads\/2023\/08\/WhatsApp-Image-2025-01-08-at-12.12.22-20-768x1024.jpeg 768w, https:\/\/terezaxavier.com.br\/wp-content\/uploads\/2023\/08\/WhatsApp-Image-2025-01-08-at-12.12.22-20-9x12.jpeg 9w, https:\/\/terezaxavier.com.br\/wp-content\/uploads\/2023\/08\/WhatsApp-Image-2025-01-08-at-12.12.22-20-370x493.jpeg 370w, https:\/\/terezaxavier.com.br\/wp-content\/uploads\/2023\/08\/WhatsApp-Image-2025-01-08-at-12.12.22-20-840x1120.jpeg 840w, https:\/\/terezaxavier.com.br\/wp-content\/uploads\/2023\/08\/WhatsApp-Image-2025-01-08-at-12.12.22-20-410x547.jpeg 410w, https:\/\/terezaxavier.com.br\/wp-content\/uploads\/2023\/08\/WhatsApp-Image-2025-01-08-at-12.12.22-20.jpeg 960w\" sizes=\"(max-width: 600px) 100vw, 600px\" \/>\t\t\t\t<\/a>\n\t\t\t\t\t\t\t\t\t<div class=\"mask\"><\/div>\n\t\t\t\t\t\t\t\t\t<div class=\"icons\">\n\t\t\t\t\t<div class=\"tinv-wraper woocommerce tinv-wishlist tinvwl-shortcode-add-to-cart tinvwl-loop-button-wrapper tinvwl-woocommerce_before_shop_loop_item_title\"\r\n\t data-tinvwl_product_id=\"35345\">\r\n\t<div class=\"tinv-wishlist-clear\"><\/div><a role=\"button\" tabindex=\"0\" name=\"add-to-wishlist\" aria-label=\"Add to Wishlist\" class=\"tinvwl_add_to_wishlist_button tinvwl-icon-heart  tinvwl-position-shortcode tinvwl-loop\" data-tinv-wl-list=\"[]\" data-tinv-wl-product=\"35345\" data-tinv-wl-productvariation=\"0\" data-tinv-wl-productvariations=\"[]\" data-tinv-wl-producttype=\"simple\" data-tinv-wl-action=\"add\"><span class=\"tinvwl_add_to_wishlist-text\">Add to Wishlist<\/span><span class=\"tinvwl_remove_from_wishlist-text\">Remove from Wishlist<\/span><\/a><div class=\"tinv-wishlist-clear\"><\/div>\t\t<div\r\n\t\tclass=\"tinvwl-tooltip\">Add to Wishlist<\/div>\r\n<\/div>\r\n<a rel=\"nofollow\" href=\"\/en\/wp-json\/wp\/v2\/pages\/35486?add-to-cart=35345\" \n\t\t\t\t\t\t\t\t\t\t\t\t\t\t\taria-hidden=\"true\" \n\t\t\t\t\t\t\t\t\t\t\t\t\t\t\tdata-quantity=\"1\" \n\t\t\t\t\t\t\t\t\t\t\t\t\t\t\tdata-product_id=\"35345\"\n\t\t\t\t\t\t\t\t\t\t\t\t\t\t\tdata-product_sku=\"\"\n\t\t\t\t\t\t\t\t\t\t\t\t\t\t\tclass=\"shop_cart icon-shopping-cart button add_to_cart_button product_type_simple product_in_stock ajax_add_to_cart\"><span class=\"icon-anim\"><\/span><\/a>\t\t\t\t\t<a href=\"https:\/\/terezaxavier.com.br\/en\/product\/pulseira-alto-jurua-curta-2\/\" aria-hidden=\"true\" class=\"shop_link\">\n\t\t\t\t\t\t<span class=\"icon-anim\"><\/span>\n\t\t\t\t\t<\/a>\n\t\t\t\t<\/div>\n\t\t\t\t\t\t\t<\/div>\n\t\t\t<div class=\"post_data\">\n\t\t\t\t<div class=\"post_data_inner\">\n\t\t\t\t\t<div class=\"post_header entry-header\">\n\t\t\t\t\t<h2 class=\"woocommerce-loop-product__title\"><a href=\"https:\/\/terezaxavier.com.br\/en\/product\/pulseira-alto-jurua-curta-2\/\">Pulseira Curta Alto Juru\u00e1 2<\/a><\/h2>\t\t\t<\/div>\n\t\t\n\t<span class=\"price\"><span class=\"woocommerce-Price-amount amount\"><bdi><span class=\"woocommerce-Price-currencySymbol\">&#82;&#36;<\/span>510.00<\/bdi><\/span><\/span>\n<a href=\"\/en\/wp-json\/wp\/v2\/pages\/35486?add-to-cart=35345\" aria-describedby=\"woocommerce_loop_add_to_cart_link_describedby_35345\" data-quantity=\"1\" class=\"button product_type_simple add_to_cart_button ajax_add_to_cart\" data-product_id=\"35345\" data-product_sku=\"\" aria-label=\"Add to basket: \u201cPulseira Curta Alto Juru\u00e1 2\u201d\" rel=\"nofollow\" data-success_message=\"\u201cPulseira Curta Alto Juru\u00e1 2\u201d has been added to your cart\" role=\"button\" data-no-translation-aria-label=\"\" data-no-translation-data-success_message=\"\">Buy now<\/a>\t<span id=\"woocommerce_loop_add_to_cart_link_describedby_35345\" class=\"screen-reader-text\">\n\t\t\t<\/span>\n\t\t\t\t<\/div>\n\t\t\t<\/div>\n\t\t<\/div>\n\t\t<\/li>\n<li class=\"product type-product post-35343 status-publish instock product_cat-alta-joalheria-textil has-post-thumbnail shipping-taxable purchasable product-type-simple product_style_centered\">\n\t\t\t<div class=\"post_item post_layout_thumbs\"\n\t\t\t\t\t>\n\t\t\t<div class=\"post_featured hover_shop\">\n\t\t\t\t\t\t\t\t<a href=\"https:\/\/terezaxavier.com.br\/en\/product\/pulseira-alto-jurua-curta\/\">\n\t\t\t\t<img decoding=\"async\" width=\"600\" height=\"800\" src=\"https:\/\/terezaxavier.com.br\/wp-content\/uploads\/2023\/08\/WhatsApp-Image-2025-01-08-at-12.12.22-19-600x800.jpeg\" class=\"attachment-woocommerce_single size-woocommerce_single\" alt=\"Pulseira Curta Alto Juru\u00e1 1\" srcset=\"https:\/\/terezaxavier.com.br\/wp-content\/uploads\/2023\/08\/WhatsApp-Image-2025-01-08-at-12.12.22-19-600x800.jpeg 600w, https:\/\/terezaxavier.com.br\/wp-content\/uploads\/2023\/08\/WhatsApp-Image-2025-01-08-at-12.12.22-19-225x300.jpeg 225w, https:\/\/terezaxavier.com.br\/wp-content\/uploads\/2023\/08\/WhatsApp-Image-2025-01-08-at-12.12.22-19-768x1024.jpeg 768w, https:\/\/terezaxavier.com.br\/wp-content\/uploads\/2023\/08\/WhatsApp-Image-2025-01-08-at-12.12.22-19-9x12.jpeg 9w, https:\/\/terezaxavier.com.br\/wp-content\/uploads\/2023\/08\/WhatsApp-Image-2025-01-08-at-12.12.22-19-370x493.jpeg 370w, https:\/\/terezaxavier.com.br\/wp-content\/uploads\/2023\/08\/WhatsApp-Image-2025-01-08-at-12.12.22-19-840x1120.jpeg 840w, https:\/\/terezaxavier.com.br\/wp-content\/uploads\/2023\/08\/WhatsApp-Image-2025-01-08-at-12.12.22-19-410x547.jpeg 410w, https:\/\/terezaxavier.com.br\/wp-content\/uploads\/2023\/08\/WhatsApp-Image-2025-01-08-at-12.12.22-19.jpeg 960w\" sizes=\"(max-width: 600px) 100vw, 600px\" \/>\t\t\t\t<\/a>\n\t\t\t\t\t\t\t\t\t<div class=\"mask\"><\/div>\n\t\t\t\t\t\t\t\t\t<div class=\"icons\">\n\t\t\t\t\t<div class=\"tinv-wraper woocommerce tinv-wishlist tinvwl-shortcode-add-to-cart tinvwl-loop-button-wrapper tinvwl-woocommerce_before_shop_loop_item_title\"\r\n\t data-tinvwl_product_id=\"35343\">\r\n\t<div class=\"tinv-wishlist-clear\"><\/div><a role=\"button\" tabindex=\"0\" name=\"add-to-wishlist\" aria-label=\"Add to Wishlist\" class=\"tinvwl_add_to_wishlist_button tinvwl-icon-heart  tinvwl-position-shortcode tinvwl-loop\" data-tinv-wl-list=\"[]\" data-tinv-wl-product=\"35343\" data-tinv-wl-productvariation=\"0\" data-tinv-wl-productvariations=\"[]\" data-tinv-wl-producttype=\"simple\" data-tinv-wl-action=\"add\"><span class=\"tinvwl_add_to_wishlist-text\">Add to Wishlist<\/span><span class=\"tinvwl_remove_from_wishlist-text\">Remove from Wishlist<\/span><\/a><div class=\"tinv-wishlist-clear\"><\/div>\t\t<div\r\n\t\tclass=\"tinvwl-tooltip\">Add to Wishlist<\/div>\r\n<\/div>\r\n<a rel=\"nofollow\" href=\"\/en\/wp-json\/wp\/v2\/pages\/35486?add-to-cart=35343\" \n\t\t\t\t\t\t\t\t\t\t\t\t\t\t\taria-hidden=\"true\" \n\t\t\t\t\t\t\t\t\t\t\t\t\t\t\tdata-quantity=\"1\" \n\t\t\t\t\t\t\t\t\t\t\t\t\t\t\tdata-product_id=\"35343\"\n\t\t\t\t\t\t\t\t\t\t\t\t\t\t\tdata-product_sku=\"\"\n\t\t\t\t\t\t\t\t\t\t\t\t\t\t\tclass=\"shop_cart icon-shopping-cart button add_to_cart_button product_type_simple product_in_stock ajax_add_to_cart\"><span class=\"icon-anim\"><\/span><\/a>\t\t\t\t\t<a href=\"https:\/\/terezaxavier.com.br\/en\/product\/pulseira-alto-jurua-curta\/\" aria-hidden=\"true\" class=\"shop_link\">\n\t\t\t\t\t\t<span class=\"icon-anim\"><\/span>\n\t\t\t\t\t<\/a>\n\t\t\t\t<\/div>\n\t\t\t\t\t\t\t<\/div>\n\t\t\t<div class=\"post_data\">\n\t\t\t\t<div class=\"post_data_inner\">\n\t\t\t\t\t<div class=\"post_header entry-header\">\n\t\t\t\t\t<h2 class=\"woocommerce-loop-product__title\"><a href=\"https:\/\/terezaxavier.com.br\/en\/product\/pulseira-alto-jurua-curta\/\">Pulseira Curta Alto Juru\u00e1 1<\/a><\/h2>\t\t\t<\/div>\n\t\t\n\t<span class=\"price\"><span class=\"woocommerce-Price-amount amount\"><bdi><span class=\"woocommerce-Price-currencySymbol\">&#82;&#36;<\/span>510.00<\/bdi><\/span><\/span>\n<a href=\"\/en\/wp-json\/wp\/v2\/pages\/35486?add-to-cart=35343\" aria-describedby=\"woocommerce_loop_add_to_cart_link_describedby_35343\" data-quantity=\"1\" class=\"button product_type_simple add_to_cart_button ajax_add_to_cart\" data-product_id=\"35343\" data-product_sku=\"\" aria-label=\"Add to basket: \u201cPulseira Curta Alto Juru\u00e1 1\u201d\" rel=\"nofollow\" data-success_message=\"\u201cPulseira Curta Alto Juru\u00e1 1\u201d has been added to your cart\" role=\"button\" data-no-translation-aria-label=\"\" data-no-translation-data-success_message=\"\">Buy now<\/a>\t<span id=\"woocommerce_loop_add_to_cart_link_describedby_35343\" class=\"screen-reader-text\">\n\t\t\t<\/span>\n\t\t\t\t<\/div>\n\t\t\t<\/div>\n\t\t<\/div>\n\t\t<\/li>\n<\/ul>\n<\/div><\/div><\/div>\n\t\t\t\t<\/div>\n\t\t\t\t<\/div>\n\t\t\t\t\t<\/div>\n\t\t<\/div>\n\t\t\t\t\t<\/div>\n\t\t<\/section>\n\t\t\t\t<\/div>","protected":false},"excerpt":{"rendered":"<p>Alto Juru\u00e1 Pulseiras Curtas Add to WishlistRemove from Wishlist Add to Wishlist Pulseira Alto Juru\u00e1 Curta Leia mais Add to WishlistRemove from Wishlist Add to Wishlist Pulseira Alto Juru\u00e1 Curta&hellip;<\/p>","protected":false},"author":1,"featured_media":0,"parent":0,"menu_order":0,"comment_status":"closed","ping_status":"closed","template":"elementor_header_footer","meta":{"_joinchat":[],"footnotes":""},"class_list":["post-35486","page","type-page","status-publish","hentry"],"_hostinger_reach_plugin_has_subscription_block":false,"_hostinger_reach_plugin_is_elementor":false,"_links":{"self":[{"href":"https:\/\/terezaxavier.com.br\/en\/wp-json\/wp\/v2\/pages\/35486","targetHints":{"allow":["GET"]}}],"collection":[{"href":"https:\/\/terezaxavier.com.br\/en\/wp-json\/wp\/v2\/pages"}],"about":[{"href":"https:\/\/terezaxavier.com.br\/en\/wp-json\/wp\/v2\/types\/page"}],"author":[{"embeddable":true,"href":"https:\/\/terezaxavier.com.br\/en\/wp-json\/wp\/v2\/users\/1"}],"replies":[{"embeddable":true,"href":"https:\/\/terezaxavier.com.br\/en\/wp-json\/wp\/v2\/comments?post=35486"}],"version-history":[{"count":16,"href":"https:\/\/terezaxavier.com.br\/en\/wp-json\/wp\/v2\/pages\/35486\/revisions"}],"predecessor-version":[{"id":35502,"href":"https:\/\/terezaxavier.com.br\/en\/wp-json\/wp\/v2\/pages\/35486\/revisions\/35502"}],"wp:attachment":[{"href":"https:\/\/terezaxavier.com.br\/en\/wp-json\/wp\/v2\/media?parent=35486"}],"curies":[{"name":"wp","href":"https:\/\/api.w.org\/{rel}","templated":true}]}}