{"id":31562,"date":"2023-07-19T17:20:12","date_gmt":"2023-07-19T20:20:12","guid":{"rendered":"https:\/\/terezaxavier.com.br\/?page_id=31562"},"modified":"2023-07-19T17:30:29","modified_gmt":"2023-07-19T20:30:29","slug":"jornal-do-comercio-empresas-e-negocios-1996","status":"publish","type":"page","link":"https:\/\/terezaxavier.com.br\/en\/jornal-do-comercio-empresas-e-negocios-1996\/","title":{"rendered":"Jornal do Com\u00e9rcio Empresas e Neg\u00f3cios 1996"},"content":{"rendered":"<div data-elementor-type=\"wp-page\" data-elementor-id=\"31562\" class=\"elementor elementor-31562\" data-elementor-post-type=\"page\">\n\t\t\t\t\t\t<section class=\"elementor-section elementor-top-section elementor-element elementor-element-f0dbc73 elementor-section-boxed elementor-section-height-default elementor-section-height-default sc_fly_static\" data-id=\"f0dbc73\" data-element_type=\"section\" data-e-type=\"section\">\n\t\t\t\t\t\t<div class=\"elementor-container elementor-column-gap-extended\">\n\t\t\t\t\t<div class=\"elementor-column elementor-col-100 elementor-top-column elementor-element elementor-element-da24d3d sc_content_align_inherit sc_layouts_column_icons_position_left sc_fly_static\" data-id=\"da24d3d\" data-element_type=\"column\" data-e-type=\"column\">\n\t\t\t<div class=\"elementor-widget-wrap elementor-element-populated\">\n\t\t\t\t\t\t<div class=\"elementor-element elementor-element-60671ae sc_fly_static elementor-widget elementor-widget-text-editor\" data-id=\"60671ae\" data-element_type=\"widget\" data-e-type=\"widget\" data-widget_type=\"text-editor.default\">\n\t\t\t\t<div class=\"elementor-widget-container\">\n\t\t\t\t\t\t\t\t\t<blockquote><h3 style=\"text-align: center;\"><strong>Artes\u00e3 e empres\u00e1ria faz sucesso com cria\u00e7\u00f5es pol\u00eamicas<\/strong><\/h3><p>\u00a0<\/p><p><strong>Advogada, artes\u00e3 e, finalmente empres\u00e1ria. A designer carioca Tereza Xavier tem muitas hist\u00f3rias para contar, desde que trocou leis e decretos pela confec\u00e7\u00e3o de joias em ouro e prata. Depois de sete anos comercializando pe\u00e7as junto a amigos e conhecidos, Tereza abriu, em dezembro de 1995, uma loja no Shopping Cassino Atl\u00e2ntico.<\/strong><\/p><p>\u00a0<\/p><p><strong>A montagem do espa\u00e7o exigiu investimento de R$100 mil, os quais Tereza Xavier pretende recuperar at\u00e9 o final desde ano. A empres\u00e1ria j\u00e1 cadastrou mais de 300 clientes, al\u00e9m dos 100 cativos que tinha.\u00a0A concorr\u00eancia com joalherias tradicionais n\u00e3o assusta Tereza, porque acredita em sua proposta, diferenciada. &#8220;N\u00e3o sigo nenhum tipo de tend\u00eancia&#8221;, enfatiza, defendendo a livre cria\u00e7\u00e3o &#8211; motivo pelo qual tamb\u00e9m nunca tentou vaga de designer em joalherias.<\/strong><\/p><p><strong>Um dos diferenciais apresentados pela artes\u00e3 est\u00e1 na combina\u00e7\u00e3o de palha usada pelos \u00edndios Karib, da <a href=\"https:\/\/pt.wikipedia.org\/wiki\/Waimiri-Atroari\">tribo Waimiri Atroari<\/a>, com berloques de pedras preciosas e bolinhas de ouro, por exemplo.<\/strong><\/p><p><br \/><strong>O trabalho de Tereza tamb\u00e9m pode ser identificado por temas, algumas vezes bastante pol\u00eamicos. Para os banhistas do Posto 9 de Ipanema, a artes\u00e3 criou um apito em ouro maci\u00e7o. Os principais times de futebol ganharam min\u00fasculos emblemas. E contra o mau olhado, Tereza confeccionou <a href=\"https:\/\/terezaxavier.com.br\/en\/colecao-talisma-alta-joalheria\/\">joias talism\u00e3s<\/a>.<\/strong><\/p><p>\u00a0<\/p><p><strong>Em maio, a partir da ado\u00e7\u00e3o de um urso pardo do Jardim Zool\u00f3gico, Tereza desenvolveu uma cole\u00e7\u00e3o de 300 pe\u00e7as, toda focada no problema da extin\u00e7\u00e3o dos animais. As pr\u00f3ximas novidades, no entanto, est\u00e3o mantidas em segredo.<\/strong><\/p><\/blockquote>\t\t\t\t\t\t\t\t<\/div>\n\t\t\t\t<\/div>\n\t\t\t\t\t<\/div>\n\t\t<\/div>\n\t\t\t\t\t<\/div>\n\t\t<\/section>\n\t\t\t\t<section class=\"elementor-section elementor-top-section elementor-element elementor-element-74a4358 elementor-section-boxed elementor-section-height-default elementor-section-height-default sc_fly_static\" data-id=\"74a4358\" data-element_type=\"section\" data-e-type=\"section\">\n\t\t\t\t\t\t<div class=\"elementor-container elementor-column-gap-extended\">\n\t\t\t\t\t<div class=\"elementor-column elementor-col-100 elementor-top-column elementor-element elementor-element-b29a122 sc_content_align_inherit sc_layouts_column_icons_position_left sc_fly_static\" data-id=\"b29a122\" data-element_type=\"column\" data-e-type=\"column\">\n\t\t\t<div class=\"elementor-widget-wrap elementor-element-populated\">\n\t\t\t\t\t\t<div class=\"elementor-element elementor-element-cf9ccbf sc_fly_static elementor-widget elementor-widget-image\" data-id=\"cf9ccbf\" data-element_type=\"widget\" data-e-type=\"widget\" data-widget_type=\"image.default\">\n\t\t\t\t<div class=\"elementor-widget-container\">\n\t\t\t\t\t\t\t\t\t\t\t\t\t\t\t<img fetchpriority=\"high\" decoding=\"async\" width=\"1024\" height=\"822\" src=\"https:\/\/terezaxavier.com.br\/wp-content\/uploads\/2023\/07\/Jornal-do-Comercio-Empresas-e-Negocios-1996-1024x822.jpg\" class=\"attachment-large size-large wp-image-31581\" alt=\"Jornal do Com\u00e9rcio Empresas e Neg\u00f3cios 1996\" srcset=\"https:\/\/terezaxavier.com.br\/wp-content\/uploads\/2023\/07\/Jornal-do-Comercio-Empresas-e-Negocios-1996-1024x822.jpg 1024w, https:\/\/terezaxavier.com.br\/wp-content\/uploads\/2023\/07\/Jornal-do-Comercio-Empresas-e-Negocios-1996-300x241.jpg 300w, https:\/\/terezaxavier.com.br\/wp-content\/uploads\/2023\/07\/Jornal-do-Comercio-Empresas-e-Negocios-1996-768x617.jpg 768w, https:\/\/terezaxavier.com.br\/wp-content\/uploads\/2023\/07\/Jornal-do-Comercio-Empresas-e-Negocios-1996-1536x1233.jpg 1536w, https:\/\/terezaxavier.com.br\/wp-content\/uploads\/2023\/07\/Jornal-do-Comercio-Empresas-e-Negocios-1996-2048x1644.jpg 2048w, https:\/\/terezaxavier.com.br\/wp-content\/uploads\/2023\/07\/Jornal-do-Comercio-Empresas-e-Negocios-1996-370x297.jpg 370w, https:\/\/terezaxavier.com.br\/wp-content\/uploads\/2023\/07\/Jornal-do-Comercio-Empresas-e-Negocios-1996-840x674.jpg 840w, https:\/\/terezaxavier.com.br\/wp-content\/uploads\/2023\/07\/Jornal-do-Comercio-Empresas-e-Negocios-1996-410x329.jpg 410w, https:\/\/terezaxavier.com.br\/wp-content\/uploads\/2023\/07\/Jornal-do-Comercio-Empresas-e-Negocios-1996-600x482.jpg 600w\" sizes=\"(max-width: 1024px) 100vw, 1024px\" \/>\t\t\t\t\t\t\t\t\t\t\t\t\t\t\t<\/div>\n\t\t\t\t<\/div>\n\t\t\t\t\t<\/div>\n\t\t<\/div>\n\t\t\t\t\t<\/div>\n\t\t<\/section>\n\t\t\t\t<\/div>","protected":false},"excerpt":{"rendered":"<p>Artes\u00e3 e empres\u00e1ria faz sucesso com cria\u00e7\u00f5es pol\u00eamicas \u00a0 Advogada, artes\u00e3 e, finalmente empres\u00e1ria. A designer carioca Tereza Xavier tem muitas hist\u00f3rias para contar, desde que trocou leis e decretos&hellip;<\/p>","protected":false},"author":1,"featured_media":0,"parent":0,"menu_order":0,"comment_status":"closed","ping_status":"closed","template":"elementor_header_footer","meta":{"_joinchat":[],"footnotes":""},"class_list":["post-31562","page","type-page","status-publish","hentry"],"_hostinger_reach_plugin_has_subscription_block":false,"_hostinger_reach_plugin_is_elementor":false,"_links":{"self":[{"href":"https:\/\/terezaxavier.com.br\/en\/wp-json\/wp\/v2\/pages\/31562","targetHints":{"allow":["GET"]}}],"collection":[{"href":"https:\/\/terezaxavier.com.br\/en\/wp-json\/wp\/v2\/pages"}],"about":[{"href":"https:\/\/terezaxavier.com.br\/en\/wp-json\/wp\/v2\/types\/page"}],"author":[{"embeddable":true,"href":"https:\/\/terezaxavier.com.br\/en\/wp-json\/wp\/v2\/users\/1"}],"replies":[{"embeddable":true,"href":"https:\/\/terezaxavier.com.br\/en\/wp-json\/wp\/v2\/comments?post=31562"}],"version-history":[{"count":19,"href":"https:\/\/terezaxavier.com.br\/en\/wp-json\/wp\/v2\/pages\/31562\/revisions"}],"predecessor-version":[{"id":31584,"href":"https:\/\/terezaxavier.com.br\/en\/wp-json\/wp\/v2\/pages\/31562\/revisions\/31584"}],"wp:attachment":[{"href":"https:\/\/terezaxavier.com.br\/en\/wp-json\/wp\/v2\/media?parent=31562"}],"curies":[{"name":"wp","href":"https:\/\/api.w.org\/{rel}","templated":true}]}}