{"id":27729,"date":"2023-06-01T16:22:54","date_gmt":"2023-06-01T19:22:54","guid":{"rendered":"https:\/\/terezaxavier.com.br\/?page_id=27729"},"modified":"2023-06-01T16:28:37","modified_gmt":"2023-06-01T19:28:37","slug":"politica-de-troca-devolucoes","status":"publish","type":"page","link":"https:\/\/terezaxavier.com.br\/en\/politica-de-troca-devolucoes\/","title":{"rendered":"Pol\u00edtica de Troca &#038; Devolu\u00e7\u00f5es"},"content":{"rendered":"<div data-elementor-type=\"wp-page\" data-elementor-id=\"27729\" class=\"elementor elementor-27729\" data-elementor-post-type=\"page\">\n\t\t\t\t\t\t<section class=\"elementor-section elementor-top-section elementor-element elementor-element-d6a7cff elementor-section-boxed elementor-section-height-default elementor-section-height-default sc_fly_static\" data-id=\"d6a7cff\" data-element_type=\"section\" data-e-type=\"section\">\n\t\t\t\t\t\t<div class=\"elementor-container elementor-column-gap-extended\">\n\t\t\t\t\t<div class=\"elementor-column elementor-col-100 elementor-top-column elementor-element elementor-element-4a92bd3 sc_content_align_inherit sc_layouts_column_icons_position_left sc_fly_static\" data-id=\"4a92bd3\" data-element_type=\"column\" data-e-type=\"column\">\n\t\t\t<div class=\"elementor-widget-wrap elementor-element-populated\">\n\t\t\t\t\t\t<div class=\"elementor-element elementor-element-c4d1cbb sc_fly_static elementor-widget elementor-widget-text-editor\" data-id=\"c4d1cbb\" data-element_type=\"widget\" data-e-type=\"widget\" data-widget_type=\"text-editor.default\">\n\t\t\t\t<div class=\"elementor-widget-container\">\n\t\t\t\t\t\t\t\t\t<p class=\"tm6\"><strong><span class=\"tm7\">Esta Pol\u00edtica de Trocas e Devolu\u00e7\u00f5es detalha como voc\u00ea pode devolver sua compra e seus direitos em rela\u00e7\u00e3o \u00e0 troca ou reembolso.<\/span><\/strong><\/p>\t\t\t\t\t\t\t\t<\/div>\n\t\t\t\t<\/div>\n\t\t\t\t<div class=\"elementor-element elementor-element-31125cf sc_fly_static elementor-widget elementor-widget-spacer\" data-id=\"31125cf\" data-element_type=\"widget\" data-e-type=\"widget\" data-widget_type=\"spacer.default\">\n\t\t\t\t<div class=\"elementor-widget-container\">\n\t\t\t\t\t\t\t<div class=\"elementor-spacer\">\n\t\t\t<div class=\"elementor-spacer-inner\"><\/div>\n\t\t<\/div>\n\t\t\t\t\t\t<\/div>\n\t\t\t\t<\/div>\n\t\t\t\t\t<\/div>\n\t\t<\/div>\n\t\t\t\t\t<\/div>\n\t\t<\/section>\n\t\t\t\t<section class=\"elementor-section elementor-top-section elementor-element elementor-element-053ace0 elementor-section-boxed elementor-section-height-default elementor-section-height-default sc_fly_static\" data-id=\"053ace0\" data-element_type=\"section\" data-e-type=\"section\">\n\t\t\t\t\t\t<div class=\"elementor-container elementor-column-gap-extended\">\n\t\t\t\t\t<div class=\"elementor-column elementor-col-100 elementor-top-column elementor-element elementor-element-3ec63cc sc_content_align_inherit sc_layouts_column_icons_position_left sc_fly_static\" data-id=\"3ec63cc\" data-element_type=\"column\" data-e-type=\"column\">\n\t\t\t<div class=\"elementor-widget-wrap elementor-element-populated\">\n\t\t\t\t\t\t<div class=\"elementor-element elementor-element-a49bfde sc_fly_static elementor-widget elementor-widget-toggle\" data-id=\"a49bfde\" data-element_type=\"widget\" data-e-type=\"widget\" data-widget_type=\"toggle.default\">\n\t\t\t\t<div class=\"elementor-widget-container\">\n\t\t\t\t\t\t\t<div class=\"elementor-toggle\">\n\t\t\t\t\t\t\t<div class=\"elementor-toggle-item\">\n\t\t\t\t\t<div id=\"elementor-tab-title-1721\" class=\"elementor-tab-title\" data-tab=\"1\" role=\"button\" aria-controls=\"elementor-tab-content-1721\" aria-expanded=\"false\">\n\t\t\t\t\t\t\t\t\t\t\t\t<span class=\"elementor-toggle-icon elementor-toggle-icon-left\" aria-hidden=\"true\">\n\t\t\t\t\t\t\t\t\t\t\t\t\t\t\t<span class=\"elementor-toggle-icon-closed\"><svg class=\"e-font-icon-svg e-fas-caret-right\" viewbox=\"0 0 192 512\" xmlns=\"http:\/\/www.w3.org\/2000\/svg\"><path d=\"M0 384.662V127.338c0-17.818 21.543-26.741 34.142-14.142l128.662 128.662c7.81 7.81 7.81 20.474 0 28.284L34.142 398.804C21.543 411.404 0 402.48 0 384.662z\"><\/path><\/svg><\/span>\n\t\t\t\t\t\t\t\t<span class=\"elementor-toggle-icon-opened\"><svg class=\"elementor-toggle-icon-opened e-font-icon-svg e-fas-caret-up\" viewbox=\"0 0 320 512\" xmlns=\"http:\/\/www.w3.org\/2000\/svg\"><path d=\"M288.662 352H31.338c-17.818 0-26.741-21.543-14.142-34.142l128.662-128.662c7.81-7.81 20.474-7.81 28.284 0l128.662 128.662c12.6 12.599 3.676 34.142-14.142 34.142z\"><\/path><\/svg><\/span>\n\t\t\t\t\t\t\t\t\t\t\t\t\t<\/span>\n\t\t\t\t\t\t\t\t\t\t\t\t<a class=\"elementor-toggle-title\" tabindex=\"0\">SOLICITA\u00c7\u00c3O DE TROCAS E DEVOLU\u00c7\u00d5ES<\/a>\n\t\t\t\t\t<\/div>\n\n\t\t\t\t\t<div id=\"elementor-tab-content-1721\" class=\"elementor-tab-content elementor-clearfix\" data-tab=\"1\" role=\"region\" aria-labelledby=\"elementor-tab-title-1721\"><p><strong><span class=\"tm7\">Para solicitar uma troca ou devolu\u00e7\u00e3o, por favor entre em contato com a nossa Central de Relacionamento com o Cliente Tereza Xavier atrav\u00e9s do telefone <\/span><span class=\"tm8\">55 21 3190-7707<\/span> <span class=\"tm7\">ou e-mail contact@terezaxavier.com.br em at\u00e9 7 dias \u00fateis ap\u00f3s o recebimento de seu pedido e siga as instru\u00e7\u00f5es fornecidas.<\/span><\/strong><\/p><\/div>\n\t\t\t\t<\/div>\n\t\t\t\t\t\t\t<div class=\"elementor-toggle-item\">\n\t\t\t\t\t<div id=\"elementor-tab-title-1722\" class=\"elementor-tab-title\" data-tab=\"2\" role=\"button\" aria-controls=\"elementor-tab-content-1722\" aria-expanded=\"false\">\n\t\t\t\t\t\t\t\t\t\t\t\t<span class=\"elementor-toggle-icon elementor-toggle-icon-left\" aria-hidden=\"true\">\n\t\t\t\t\t\t\t\t\t\t\t\t\t\t\t<span class=\"elementor-toggle-icon-closed\"><svg class=\"e-font-icon-svg e-fas-caret-right\" viewbox=\"0 0 192 512\" xmlns=\"http:\/\/www.w3.org\/2000\/svg\"><path d=\"M0 384.662V127.338c0-17.818 21.543-26.741 34.142-14.142l128.662 128.662c7.81 7.81 7.81 20.474 0 28.284L34.142 398.804C21.543 411.404 0 402.48 0 384.662z\"><\/path><\/svg><\/span>\n\t\t\t\t\t\t\t\t<span class=\"elementor-toggle-icon-opened\"><svg class=\"elementor-toggle-icon-opened e-font-icon-svg e-fas-caret-up\" viewbox=\"0 0 320 512\" xmlns=\"http:\/\/www.w3.org\/2000\/svg\"><path d=\"M288.662 352H31.338c-17.818 0-26.741-21.543-14.142-34.142l128.662-128.662c7.81-7.81 20.474-7.81 28.284 0l128.662 128.662c12.6 12.599 3.676 34.142-14.142 34.142z\"><\/path><\/svg><\/span>\n\t\t\t\t\t\t\t\t\t\t\t\t\t<\/span>\n\t\t\t\t\t\t\t\t\t\t\t\t<a class=\"elementor-toggle-title\" tabindex=\"0\">PROCEDIMENTO PARA TROCAS E DEVOLU\u00c7\u00d5ES<\/a>\n\t\t\t\t\t<\/div>\n\n\t\t\t\t\t<div id=\"elementor-tab-content-1722\" class=\"elementor-tab-content elementor-clearfix\" data-tab=\"2\" role=\"region\" aria-labelledby=\"elementor-tab-title-1722\"><p class=\"tm8\"><strong><span class=\"tm9\">Produtos adquiridos atrav\u00e9s do site www.terezaxavier.com.br podem ser trocados via site ou em uma de nosso Ateli\u00ea. No caso de devolu\u00e7\u00f5es, entretanto, essas podem ocorrer somente atrav\u00e9s do nosso Ateli\u00ea sendo necess\u00e1rio a pr\u00e9via comunica\u00e7\u00e3o formalizada pela nossa central de atendimento e-mail <\/span><u><a href=\"mailto:contact@terezaxavier.com\"><span class=\"tm9\">contact@terezaxavier.com<\/span><\/a><\/u> mencionando trocas ou devolu\u00e7\u00f5es.<\/strong><\/p><p class=\"tm8\"><strong><span class=\"tm9\">Produtos que n\u00e3o foram adquiridos atrav\u00e9s do Ateli\u00ea.<\/span><\/strong><\/p><p class=\"tm8\"><strong><span class=\"tm9\">Para devolver um produto ao nosso Ateli\u00ea para troca ou devolu\u00e7\u00e3o, por favor siga os passos informados abaixo:<\/span><\/strong><\/p><p class=\"tm8\"><strong><span class=\"tm9\">\u00a0<\/span><\/strong><\/p><ol class=\"tm10\"><li class=\"tm11\"><strong><span class=\"tm9\">Entre em contato com a Central de Relacionamento com o Cliente e solicite a coleta de seu produto, informando se deseja seguir com uma troca ou devolu\u00e7\u00e3o;<\/span><\/strong><\/li><li class=\"tm12\"><strong><span class=\"tm9\">Confirmar para a Central de Relacionamento com o Cliente que o produto que deseja trocar ou devolver est\u00e1 em conformidade com as Condi\u00e7\u00f5es para Devolu\u00e7\u00e3o informadas abaixo;<\/span><\/strong><\/li><li class=\"tm12\"><strong><span class=\"tm9\">A Central de Relacionamento com o Cliente informar\u00e1 o endere\u00e7o do Ateli\u00ea para envio da pe\u00e7a destinada a troca ou devolu\u00e7\u00e3o; <\/span><\/strong><\/li><li class=\"tm12\"><strong><span class=\"tm9\">Preparar a embalagem de entrega seguindo as orienta\u00e7\u00f5es informadas em Condi\u00e7\u00f5es para Devolu\u00e7\u00e3o<\/span><\/strong><\/li><li class=\"tm12\"><strong><span class=\"tm9\">Lacre a embalagem para o envio da pe\u00e7a informado no momento da solicita\u00e7\u00e3o com a nota fiscal junto ou envio pr\u00e9vio da nota digital pelo nosso e-mail contact@terezaxavier.com.br.<\/span><\/strong><\/li><\/ol><p><strong><span class=\"tm13\">\u00a0<\/span><\/strong><\/p><p class=\"tm8\"><strong><span class=\"tm9\">Nos insentamos da responsabilidade de extravio, dano , roubo e furto do produto enviado pelo cliente. <\/span><\/strong><\/p><p class=\"Normal\"><strong>Caso necessite de mais informa\u00e7\u00f5es, entre em contato com a nossa Central de Relacionamento com o Cliente Tereza Xavier atrav\u00e9s do telefone 55 21 3190-7707 ou e-mail <u><a href=\"mailto:contact@terezaxavier.com.br\">contact@terezaxavier.com.br<\/a><\/u> .<\/strong><\/p><p class=\"Normal\">\u00a0<\/p><\/div>\n\t\t\t\t<\/div>\n\t\t\t\t\t\t\t<div class=\"elementor-toggle-item\">\n\t\t\t\t\t<div id=\"elementor-tab-title-1723\" class=\"elementor-tab-title\" data-tab=\"3\" role=\"button\" aria-controls=\"elementor-tab-content-1723\" aria-expanded=\"false\">\n\t\t\t\t\t\t\t\t\t\t\t\t<span class=\"elementor-toggle-icon elementor-toggle-icon-left\" aria-hidden=\"true\">\n\t\t\t\t\t\t\t\t\t\t\t\t\t\t\t<span class=\"elementor-toggle-icon-closed\"><svg class=\"e-font-icon-svg e-fas-caret-right\" viewbox=\"0 0 192 512\" xmlns=\"http:\/\/www.w3.org\/2000\/svg\"><path d=\"M0 384.662V127.338c0-17.818 21.543-26.741 34.142-14.142l128.662 128.662c7.81 7.81 7.81 20.474 0 28.284L34.142 398.804C21.543 411.404 0 402.48 0 384.662z\"><\/path><\/svg><\/span>\n\t\t\t\t\t\t\t\t<span class=\"elementor-toggle-icon-opened\"><svg class=\"elementor-toggle-icon-opened e-font-icon-svg e-fas-caret-up\" viewbox=\"0 0 320 512\" xmlns=\"http:\/\/www.w3.org\/2000\/svg\"><path d=\"M288.662 352H31.338c-17.818 0-26.741-21.543-14.142-34.142l128.662-128.662c7.81-7.81 20.474-7.81 28.284 0l128.662 128.662c12.6 12.599 3.676 34.142-14.142 34.142z\"><\/path><\/svg><\/span>\n\t\t\t\t\t\t\t\t\t\t\t\t\t<\/span>\n\t\t\t\t\t\t\t\t\t\t\t\t<a class=\"elementor-toggle-title\" tabindex=\"0\">PRODUTOS INELEG\u00cdVEIS PARA TROCA OU DEVOLU\u00c7\u00c3O<\/a>\n\t\t\t\t\t<\/div>\n\n\t\t\t\t\t<div id=\"elementor-tab-content-1723\" class=\"elementor-tab-content elementor-clearfix\" data-tab=\"3\" role=\"region\" aria-labelledby=\"elementor-tab-title-1723\"><p class=\"tm7\"><strong><span class=\"tm8\">Pedidos de produtos que foram personalizados de alguma forma ou feitos para voc\u00ea com especifica\u00e7\u00f5es sob medida n\u00e3o podem ser cancelados e tais produtos n\u00e3o s\u00e3o eleg\u00edveis para para troca ou reembolso. Isso inclui produtos que foram gravados.<\/span><\/strong><\/p><\/div>\n\t\t\t\t<\/div>\n\t\t\t\t\t\t\t<div class=\"elementor-toggle-item\">\n\t\t\t\t\t<div id=\"elementor-tab-title-1724\" class=\"elementor-tab-title\" data-tab=\"4\" role=\"button\" aria-controls=\"elementor-tab-content-1724\" aria-expanded=\"false\">\n\t\t\t\t\t\t\t\t\t\t\t\t<span class=\"elementor-toggle-icon elementor-toggle-icon-left\" aria-hidden=\"true\">\n\t\t\t\t\t\t\t\t\t\t\t\t\t\t\t<span class=\"elementor-toggle-icon-closed\"><svg class=\"e-font-icon-svg e-fas-caret-right\" viewbox=\"0 0 192 512\" xmlns=\"http:\/\/www.w3.org\/2000\/svg\"><path d=\"M0 384.662V127.338c0-17.818 21.543-26.741 34.142-14.142l128.662 128.662c7.81 7.81 7.81 20.474 0 28.284L34.142 398.804C21.543 411.404 0 402.48 0 384.662z\"><\/path><\/svg><\/span>\n\t\t\t\t\t\t\t\t<span class=\"elementor-toggle-icon-opened\"><svg class=\"elementor-toggle-icon-opened e-font-icon-svg e-fas-caret-up\" viewbox=\"0 0 320 512\" xmlns=\"http:\/\/www.w3.org\/2000\/svg\"><path d=\"M288.662 352H31.338c-17.818 0-26.741-21.543-14.142-34.142l128.662-128.662c7.81-7.81 20.474-7.81 28.284 0l128.662 128.662c12.6 12.599 3.676 34.142-14.142 34.142z\"><\/path><\/svg><\/span>\n\t\t\t\t\t\t\t\t\t\t\t\t\t<\/span>\n\t\t\t\t\t\t\t\t\t\t\t\t<a class=\"elementor-toggle-title\" tabindex=\"0\">DEVOLU\u00c7\u00d5ES<\/a>\n\t\t\t\t\t<\/div>\n\n\t\t\t\t\t<div id=\"elementor-tab-content-1724\" class=\"elementor-tab-content elementor-clearfix\" data-tab=\"4\" role=\"region\" aria-labelledby=\"elementor-tab-title-1724\"><p class=\"tm7\"><strong><span class=\"tm8\">Voc\u00ea pode solicitar a devolu\u00e7\u00e3o para reembolso de um produto adquirido atrav\u00e9s de nossa e-Boutique (www.terezaxavier.com.br) no prazo de at\u00e9 7 dias \u00fateis ap\u00f3s a entrega do pedido, desde que a devolu\u00e7\u00e3o esteja em conformidade com as Condi\u00e7\u00f5es de Venda, em particular com as Condi\u00e7\u00f5es para Devolu\u00e7\u00e3o abaixo.<\/span><\/strong><\/p><p class=\"tm7\"><span class=\"tm8\"><strong>A devolu\u00e7\u00e3o para reembolso de um produto adquirido online atrav\u00e9s do site www.terezaxavier.com.br \u00e9 poss\u00edvel somente atrav\u00e9s da Central de Relacionamento com o Cliente Tereza Xavier.<\/strong> <\/span><\/p><\/div>\n\t\t\t\t<\/div>\n\t\t\t\t\t\t\t<div class=\"elementor-toggle-item\">\n\t\t\t\t\t<div id=\"elementor-tab-title-1725\" class=\"elementor-tab-title\" data-tab=\"5\" role=\"button\" aria-controls=\"elementor-tab-content-1725\" aria-expanded=\"false\">\n\t\t\t\t\t\t\t\t\t\t\t\t<span class=\"elementor-toggle-icon elementor-toggle-icon-left\" aria-hidden=\"true\">\n\t\t\t\t\t\t\t\t\t\t\t\t\t\t\t<span class=\"elementor-toggle-icon-closed\"><svg class=\"e-font-icon-svg e-fas-caret-right\" viewbox=\"0 0 192 512\" xmlns=\"http:\/\/www.w3.org\/2000\/svg\"><path d=\"M0 384.662V127.338c0-17.818 21.543-26.741 34.142-14.142l128.662 128.662c7.81 7.81 7.81 20.474 0 28.284L34.142 398.804C21.543 411.404 0 402.48 0 384.662z\"><\/path><\/svg><\/span>\n\t\t\t\t\t\t\t\t<span class=\"elementor-toggle-icon-opened\"><svg class=\"elementor-toggle-icon-opened e-font-icon-svg e-fas-caret-up\" viewbox=\"0 0 320 512\" xmlns=\"http:\/\/www.w3.org\/2000\/svg\"><path d=\"M288.662 352H31.338c-17.818 0-26.741-21.543-14.142-34.142l128.662-128.662c7.81-7.81 20.474-7.81 28.284 0l128.662 128.662c12.6 12.599 3.676 34.142-14.142 34.142z\"><\/path><\/svg><\/span>\n\t\t\t\t\t\t\t\t\t\t\t\t\t<\/span>\n\t\t\t\t\t\t\t\t\t\t\t\t<a class=\"elementor-toggle-title\" tabindex=\"0\">CONDI\u00c7\u00d5ES PARA DEVOLU\u00c7\u00c3O<\/a>\n\t\t\t\t\t<\/div>\n\n\t\t\t\t\t<div id=\"elementor-tab-content-1725\" class=\"elementor-tab-content elementor-clearfix\" data-tab=\"5\" role=\"region\" aria-labelledby=\"elementor-tab-title-1725\"><p class=\"tm7\"><strong><span class=\"tm8\">Os produtos Tereza Xavier devem ser devolvidos novos e sem uso, em perfeitas condi\u00e7\u00f5es, com o lacre de seguran\u00e7a e todos os materiais que acompanharam o pedido, bem como a caixa original, embalagem de entrega e todos os acess\u00f3rios e documentos. N\u00f3s nos reservamos o direito de n\u00e3o aceitar qualquer devolu\u00e7\u00e3o se o produto mostrar sinais de desgaste, ou tiver sido usado ou alterado de sua condi\u00e7\u00e3o original em qualquer forma. Caso tenha recebido itens cortesias como parte de seu pedido, eles devem ser devolvidos com os produtos.<\/span><\/strong><\/p><p class=\"tm7\"><strong><span class=\"tm8\">Todas as devolu\u00e7\u00f5es estar\u00e3o sujeitas ao controle de qualidade Tereza Xavier para garantir que os produtos devolvidos atendam \u00e0s condi\u00e7\u00f5es descritas acima. Verificaremos se os produtos devolvidos satisfazem as condi\u00e7\u00f5es desta pol\u00edtica e, em caso afirmativo, procederemos com o reembolso, utilizando o mesmo meio de pagamento utilizado pelo consumidor no pedido original. O n\u00e3o cumprimento destas Condi\u00e7\u00f5es de Venda implicar\u00e1 no direito de recusarmos o produto devolvido e devolv\u00ea-lo a voc\u00ea, com frete de retorno pago pelo consumidor.<\/span><\/strong><\/p><p class=\"tm7\"><strong><span class=\"tm8\">Apenas o comprador ter\u00e1 direito ao reembolso do valor da compra. Em nenhuma circunst\u00e2ncia uma pessoa que recebeu o produto como um presente (ou seja, um \u201cDestinat\u00e1rio do presente\u201d) receber\u00e1 o reembolso. Se voc\u00ea \u00e9 um destinat\u00e1rio de presente e deseja devolver um produto, entre em contato com a Central de Relacionamento com o Cliente para discutir suas op\u00e7\u00f5es.<\/span><\/strong><\/p><p class=\"tm7\"><strong><span class=\"tm8\">Em caso de d\u00favidas, n\u00e3o hesite em contatar nossa Central de Relacionamento com o Cliente Tereza Xavier atrav\u00e9s do telefone 55 21 3190-7707 ou e-mail contact@terezaxavier.com.br<\/span><\/strong><\/p><p class=\"Normal\">\u00a0<\/p><\/div>\n\t\t\t\t<\/div>\n\t\t\t\t\t\t\t\t<\/div>\n\t\t\t\t\t\t<\/div>\n\t\t\t\t<\/div>\n\t\t\t\t\t<\/div>\n\t\t<\/div>\n\t\t\t\t\t<\/div>\n\t\t<\/section>\n\t\t\t\t<\/div>","protected":false},"excerpt":{"rendered":"<p>Esta Pol\u00edtica de Trocas e Devolu\u00e7\u00f5es detalha como voc\u00ea pode devolver sua compra e seus direitos em rela\u00e7\u00e3o \u00e0 troca ou reembolso. SOLICITA\u00c7\u00c3O DE TROCAS E DEVOLU\u00c7\u00d5ES Para solicitar uma&hellip;<\/p>","protected":false},"author":1,"featured_media":0,"parent":0,"menu_order":0,"comment_status":"closed","ping_status":"closed","template":"elementor_header_footer","meta":{"_joinchat":[],"footnotes":""},"class_list":["post-27729","page","type-page","status-publish","hentry"],"_hostinger_reach_plugin_has_subscription_block":false,"_hostinger_reach_plugin_is_elementor":false,"_links":{"self":[{"href":"https:\/\/terezaxavier.com.br\/en\/wp-json\/wp\/v2\/pages\/27729","targetHints":{"allow":["GET"]}}],"collection":[{"href":"https:\/\/terezaxavier.com.br\/en\/wp-json\/wp\/v2\/pages"}],"about":[{"href":"https:\/\/terezaxavier.com.br\/en\/wp-json\/wp\/v2\/types\/page"}],"author":[{"embeddable":true,"href":"https:\/\/terezaxavier.com.br\/en\/wp-json\/wp\/v2\/users\/1"}],"replies":[{"embeddable":true,"href":"https:\/\/terezaxavier.com.br\/en\/wp-json\/wp\/v2\/comments?post=27729"}],"version-history":[{"count":13,"href":"https:\/\/terezaxavier.com.br\/en\/wp-json\/wp\/v2\/pages\/27729\/revisions"}],"predecessor-version":[{"id":27742,"href":"https:\/\/terezaxavier.com.br\/en\/wp-json\/wp\/v2\/pages\/27729\/revisions\/27742"}],"wp:attachment":[{"href":"https:\/\/terezaxavier.com.br\/en\/wp-json\/wp\/v2\/media?parent=27729"}],"curies":[{"name":"wp","href":"https:\/\/api.w.org\/{rel}","templated":true}]}}