{"id":27321,"date":"2023-05-18T18:11:14","date_gmt":"2023-05-18T21:11:14","guid":{"rendered":"https:\/\/terezaxavier.com.br\/?page_id=27321"},"modified":"2023-05-18T18:42:12","modified_gmt":"2023-05-18T21:42:12","slug":"exposicoes-de-beers-tereza-xavier-oscar-da-joalheria","status":"publish","type":"page","link":"https:\/\/terezaxavier.com.br\/en\/exposicoes-de-beers-tereza-xavier-oscar-da-joalheria\/","title":{"rendered":"Exposi\u00e7\u00f5es De Beers &#8211; Tereza Xavier Oscar da Joalheria"},"content":{"rendered":"<div data-elementor-type=\"wp-page\" data-elementor-id=\"27321\" class=\"elementor elementor-27321\" data-elementor-post-type=\"page\">\n\t\t\t\t\t\t<section class=\"elementor-section elementor-top-section elementor-element elementor-element-d3f1800 elementor-section-boxed elementor-section-height-default elementor-section-height-default sc_fly_static\" data-id=\"d3f1800\" data-element_type=\"section\" data-e-type=\"section\">\n\t\t\t\t\t\t<div class=\"elementor-container elementor-column-gap-extended\">\n\t\t\t\t\t<div class=\"elementor-column elementor-col-33 elementor-top-column elementor-element elementor-element-e5117eb sc_content_align_inherit sc_layouts_column_icons_position_left sc_fly_static\" data-id=\"e5117eb\" data-element_type=\"column\" data-e-type=\"column\">\n\t\t\t<div class=\"elementor-widget-wrap\">\n\t\t\t\t\t\t\t<\/div>\n\t\t<\/div>\n\t\t\t\t<div class=\"elementor-column elementor-col-33 elementor-top-column elementor-element elementor-element-1c2cf1f sc_content_align_inherit sc_layouts_column_icons_position_left sc_fly_static\" data-id=\"1c2cf1f\" data-element_type=\"column\" data-e-type=\"column\">\n\t\t\t<div class=\"elementor-widget-wrap elementor-element-populated\">\n\t\t\t\t\t\t<div class=\"elementor-element elementor-element-68965e5 sc_fly_static elementor-widget elementor-widget-image\" data-id=\"68965e5\" data-element_type=\"widget\" data-e-type=\"widget\" data-widget_type=\"image.default\">\n\t\t\t\t<div class=\"elementor-widget-container\">\n\t\t\t\t\t\t\t\t\t\t\t\t\t\t\t<img fetchpriority=\"high\" decoding=\"async\" width=\"768\" height=\"1024\" src=\"https:\/\/terezaxavier.com.br\/wp-content\/uploads\/2023\/05\/pulseira-talisma-premio-de-beers-alta-joalheria-768x1024.jpg\" class=\"attachment-large size-large wp-image-27327\" alt=\"\" srcset=\"https:\/\/terezaxavier.com.br\/wp-content\/uploads\/2023\/05\/pulseira-talisma-premio-de-beers-alta-joalheria-768x1024.jpg 768w, https:\/\/terezaxavier.com.br\/wp-content\/uploads\/2023\/05\/pulseira-talisma-premio-de-beers-alta-joalheria-225x300.jpg 225w, https:\/\/terezaxavier.com.br\/wp-content\/uploads\/2023\/05\/pulseira-talisma-premio-de-beers-alta-joalheria-370x493.jpg 370w, https:\/\/terezaxavier.com.br\/wp-content\/uploads\/2023\/05\/pulseira-talisma-premio-de-beers-alta-joalheria-840x1120.jpg 840w, https:\/\/terezaxavier.com.br\/wp-content\/uploads\/2023\/05\/pulseira-talisma-premio-de-beers-alta-joalheria-410x547.jpg 410w, https:\/\/terezaxavier.com.br\/wp-content\/uploads\/2023\/05\/pulseira-talisma-premio-de-beers-alta-joalheria-600x800.jpg 600w, https:\/\/terezaxavier.com.br\/wp-content\/uploads\/2023\/05\/pulseira-talisma-premio-de-beers-alta-joalheria.jpg 960w\" sizes=\"(max-width: 768px) 100vw, 768px\" \/>\t\t\t\t\t\t\t\t\t\t\t\t\t\t\t<\/div>\n\t\t\t\t<\/div>\n\t\t\t\t\t<\/div>\n\t\t<\/div>\n\t\t\t\t<div class=\"elementor-column elementor-col-33 elementor-top-column elementor-element elementor-element-19a9841 sc_content_align_inherit sc_layouts_column_icons_position_left sc_fly_static\" data-id=\"19a9841\" data-element_type=\"column\" data-e-type=\"column\">\n\t\t\t<div class=\"elementor-widget-wrap\">\n\t\t\t\t\t\t\t<\/div>\n\t\t<\/div>\n\t\t\t\t\t<\/div>\n\t\t<\/section>\n\t\t\t\t<section class=\"elementor-section elementor-top-section elementor-element elementor-element-936001f elementor-section-boxed elementor-section-height-default elementor-section-height-default sc_fly_static\" data-id=\"936001f\" data-element_type=\"section\" data-e-type=\"section\">\n\t\t\t\t\t\t<div class=\"elementor-container elementor-column-gap-extended\">\n\t\t\t\t\t<div class=\"elementor-column elementor-col-100 elementor-top-column elementor-element elementor-element-1cd3607 sc_content_align_inherit sc_layouts_column_icons_position_left sc_fly_static\" data-id=\"1cd3607\" data-element_type=\"column\" data-e-type=\"column\">\n\t\t\t<div class=\"elementor-widget-wrap elementor-element-populated\">\n\t\t\t\t\t\t<div class=\"elementor-element elementor-element-bdaac6c sc_fly_static elementor-widget elementor-widget-spacer\" data-id=\"bdaac6c\" data-element_type=\"widget\" data-e-type=\"widget\" data-widget_type=\"spacer.default\">\n\t\t\t\t<div class=\"elementor-widget-container\">\n\t\t\t\t\t\t\t<div class=\"elementor-spacer\">\n\t\t\t<div class=\"elementor-spacer-inner\"><\/div>\n\t\t<\/div>\n\t\t\t\t\t\t<\/div>\n\t\t\t\t<\/div>\n\t\t\t\t<div class=\"elementor-element elementor-element-3d63247 sc_fly_static elementor-widget elementor-widget-text-editor\" data-id=\"3d63247\" data-element_type=\"widget\" data-e-type=\"widget\" data-widget_type=\"text-editor.default\">\n\t\t\t\t<div class=\"elementor-widget-container\">\n\t\t\t\t\t\t\t\t\t<blockquote>\n<ul>\n<li><strong>Tour Montparnasse &#8211; Paris &#8211; Fran\u00e7a &#8211; 1998<\/strong><\/li>\n<li><strong>Anglo American Headquarters &#8211; \u00c1frica do Sul &#8211; 1998<\/strong><\/li>\n<li><strong>Basel Trade Show &#8211; Sui\u00e7a &#8211; 1998<\/strong><\/li>\n<li><strong>Inhorgenta Trade Show &#8211; Alemanha &#8211; 1998<\/strong><\/li>\n<li><strong>Marino Palazzo &#8211; Mil\u00e3o &#8211; It\u00e1lia &#8211; 1998&nbsp;<\/strong><\/li>\n<li><strong>Harrods &#8211; Longres &#8211; Inglaterra &#8211; 1998<\/strong><\/li>\n<li><strong>Hotel Al Butan &#8211; Dubai &#8211; 1998<\/strong><\/li>\n<li><strong>Oriental Hotel &#8211; Bangkok &#8211; Tail\u00e2ndia &#8211; 1998&nbsp;<\/strong><\/li>\n<li><strong>Shangri-la Island Hotel &#8211; Hong Kong &#8211; 1998<\/strong><\/li>\n<li><strong>House of Cerrone &#8211; Austr\u00e1lia &#8211; 1998<\/strong><\/li>\n<li><strong>Bucherer Events &#8211; Lausanne &#8211; Berna &#8211; Sui\u00e7a &#8211; 1998<\/strong><\/li>\n<li><strong>Bregenz &#8211; Austria &#8211; 1998<\/strong><\/li>\n<li><strong>Lojas Birks -Toronto &#8211; Van Courver &#8211; Calgalry &#8211; Ottawa e Montreal &#8211; Canad\u00e1 &#8211; 1998<\/strong><\/li>\n<li><strong>Fortunoff &#8211; Nova Iorque &#8211; Estados Unidos &#8211; 1998<\/strong><\/li><li><strong>Delhi &#8211; India &#8211; 1998<\/strong><\/li><li><strong>Vitrine &#8211; Tail\u00e2ndia &#8211; 1998<\/strong><\/li><li><strong>Vitrine &#8211; Jap\u00e3o &#8211; 1998<\/strong><\/li>\n<\/ul>\n<\/blockquote>\t\t\t\t\t\t\t\t<\/div>\n\t\t\t\t<\/div>\n\t\t\t\t\t<\/div>\n\t\t<\/div>\n\t\t\t\t\t<\/div>\n\t\t<\/section>\n\t\t\t\t<\/div>","protected":false},"excerpt":{"rendered":"<p>Tour Montparnasse &#8211; Paris &#8211; Fran\u00e7a &#8211; 1998 Anglo American Headquarters &#8211; \u00c1frica do Sul &#8211; 1998 Basel Trade Show &#8211; Sui\u00e7a &#8211; 1998 Inhorgenta Trade Show &#8211; Alemanha &#8211;&hellip;<\/p>","protected":false},"author":1,"featured_media":0,"parent":0,"menu_order":0,"comment_status":"closed","ping_status":"closed","template":"","meta":{"_joinchat":[],"footnotes":""},"class_list":["post-27321","page","type-page","status-publish","hentry"],"_hostinger_reach_plugin_has_subscription_block":false,"_hostinger_reach_plugin_is_elementor":false,"_links":{"self":[{"href":"https:\/\/terezaxavier.com.br\/en\/wp-json\/wp\/v2\/pages\/27321","targetHints":{"allow":["GET"]}}],"collection":[{"href":"https:\/\/terezaxavier.com.br\/en\/wp-json\/wp\/v2\/pages"}],"about":[{"href":"https:\/\/terezaxavier.com.br\/en\/wp-json\/wp\/v2\/types\/page"}],"author":[{"embeddable":true,"href":"https:\/\/terezaxavier.com.br\/en\/wp-json\/wp\/v2\/users\/1"}],"replies":[{"embeddable":true,"href":"https:\/\/terezaxavier.com.br\/en\/wp-json\/wp\/v2\/comments?post=27321"}],"version-history":[{"count":16,"href":"https:\/\/terezaxavier.com.br\/en\/wp-json\/wp\/v2\/pages\/27321\/revisions"}],"predecessor-version":[{"id":27340,"href":"https:\/\/terezaxavier.com.br\/en\/wp-json\/wp\/v2\/pages\/27321\/revisions\/27340"}],"wp:attachment":[{"href":"https:\/\/terezaxavier.com.br\/en\/wp-json\/wp\/v2\/media?parent=27321"}],"curies":[{"name":"wp","href":"https:\/\/api.w.org\/{rel}","templated":true}]}}