{"id":27238,"date":"2023-05-18T12:34:11","date_gmt":"2023-05-18T15:34:11","guid":{"rendered":"https:\/\/terezaxavier.com.br\/?page_id=27238"},"modified":"2025-03-14T16:13:20","modified_gmt":"2025-03-14T19:13:20","slug":"tereza-xavier","status":"publish","type":"page","link":"https:\/\/terezaxavier.com.br\/en\/tereza-xavier\/","title":{"rendered":"Tereza Xavier"},"content":{"rendered":"<div data-elementor-type=\"wp-page\" data-elementor-id=\"27238\" class=\"elementor elementor-27238\" data-elementor-post-type=\"page\">\n\t\t\t\t<div class=\"elementor-element elementor-element-edcc5d1 e-flex e-con-boxed sc_layouts_column_icons_position_left e-con e-parent\" data-id=\"edcc5d1\" data-element_type=\"container\" data-e-type=\"container\">\n\t\t\t\t\t<div class=\"e-con-inner\">\n\t\t\t\t<div class=\"elementor-element elementor-element-2160c1e sc_fly_static elementor-widget elementor-widget-spacer\" data-id=\"2160c1e\" data-element_type=\"widget\" data-e-type=\"widget\" data-widget_type=\"spacer.default\">\n\t\t\t\t<div class=\"elementor-widget-container\">\n\t\t\t\t\t\t\t<div class=\"elementor-spacer\">\n\t\t\t<div class=\"elementor-spacer-inner\"><\/div>\n\t\t<\/div>\n\t\t\t\t\t\t<\/div>\n\t\t\t\t<\/div>\n\t\t\t\t<div class=\"elementor-element elementor-element-ca0ae80 sc_fly_static elementor-widget elementor-widget-heading\" data-id=\"ca0ae80\" data-element_type=\"widget\" data-e-type=\"widget\" data-widget_type=\"heading.default\">\n\t\t\t\t<div class=\"elementor-widget-container\">\n\t\t\t\t\t<h2 class=\"elementor-heading-title elementor-size-default\">Tereza Xavier<\/h2>\t\t\t\t<\/div>\n\t\t\t\t<\/div>\n\t\t\t\t\t<\/div>\n\t\t\t\t<\/div>\n\t\t\t\t<section class=\"elementor-section elementor-top-section elementor-element elementor-element-f40bfab elementor-section-boxed elementor-section-height-default elementor-section-height-default sc_fly_static\" data-id=\"f40bfab\" data-element_type=\"section\" data-e-type=\"section\">\n\t\t\t\t\t\t<div class=\"elementor-container elementor-column-gap-extended\">\n\t\t\t\t\t<div class=\"elementor-column elementor-col-100 elementor-top-column elementor-element elementor-element-8682660 sc_content_align_inherit sc_layouts_column_icons_position_left sc_fly_static\" data-id=\"8682660\" data-element_type=\"column\" data-e-type=\"column\">\n\t\t\t<div class=\"elementor-widget-wrap elementor-element-populated\">\n\t\t\t\t\t\t<div class=\"elementor-element elementor-element-1e923eb sc_fly_static elementor-widget elementor-widget-text-editor\" data-id=\"1e923eb\" data-element_type=\"widget\" data-e-type=\"widget\" data-widget_type=\"text-editor.default\">\n\t\t\t\t<div class=\"elementor-widget-container\">\n\t\t\t\t\t\t\t\t\t<blockquote><p class=\"Normal\"><span class=\"tm6\">With her pieces, Tereza Xavier created a new language, effectively founding a new school within the ancient art of jewelry.<\/span><\/p><p class=\"Normal\"><span class=\"tm6\">Tereza Xavier is an artist who moves fluidly between jewelry-making, object design, research into the sustainable use of forest-sourced materials, socio-environmental initiatives, philosophy, metaphysics, expeditions to sacred places, perfumery, illustration, writing, and the creation of iconic fashion pieces. She is a leading reference when it comes to innovation and beauty. <\/span><\/p><p class=\"Normal\"><span class=\"tm6\">In 1996, when Tereza Xavier debuted in the world of High Jewelry, she had the vision and intention to explore the precious ancestral codes of the manual skills of Indigenous women and artisans of Brazil, blending them with High Jewelry. Since then, she has joined hands with these incredible women artists, forming her Dream Green Team, which today includes Indigenous artisans from different tribes and craftswomen from various states across Brazil, thereby building a truly national brand.<\/span><\/p><p class=\"Normal\"><span class=\"tm6\">She contemplates nature, and upon recognizing the unsuspected richness within its simplest elements, she is moved to bring them into the realm of High Jewelry, creating unusual and valuable pieces. Through her visionary, image-based art, this eco-jeweler \u201csurfs\u201d nature, highlighting the urgency of environmental preservation and inspiring the jewelry industry to awaken to an eco-conscious approach\u2014using socially and environmentally responsible sources of raw materials.<\/span><\/p><p class=\"Normal\"><span class=\"tm6\">Tereza Xavier resgata a fun\u00e7\u00e3o que a joia tinha na antiguidade, a joia como instrumento ritual, de prote\u00e7\u00e3o, de ancoramento de poder, de abund\u00e2ncia, de felicidade \u2013 a joia talism\u00e3. Suas pe\u00e7as agregam princ\u00edpios da alquimia, da cromoterapia, da f\u00edsica qu\u00e2ntica, da Geometria Sagrada, sendo al\u00e9m de belas, joias de alta <span style=\"color: #1d1d1d;\"><span style=\"font-size: 20.0004px;\">frequ\u00eancia<\/span><\/span>\u00a0vibracional.<\/span><\/p><p class=\"Normal\"><span class=\"tm6\">Tereza Xavier has received the most prestigious national and international awards in jewelry design, including the De Beers Diamonds International Award, the De Beers Designer Forum, and the Anglogold Ashanti Award three times. Her jewelry has been exhibited at the Carrousel du Louvre in Paris, Ita\u00fa Cultural in S\u00e3o Paulo and Belo Horizonte, as well as in major cities worldwide. Some of her pieces are part of the collection at the Gold Museum in South Africa.<\/span><\/p><p class=\"Normal\"><span class=\"tm6\">Over decades of traveling the world, she studied with Shamans, Healers, and Masters from different traditions. Immersing herself in the ancestral wisdom of Indigenous Peoples, she worked closely with various Paj\u00e9s in Brazil and in other parts of the world.<\/span><\/p><p class=\"Normal\"><span class=\"tm6\">She is a Master Instructor in 84 healing techniques, Sacred Geometry, and Light Language, with training in Alchemy, sharing this knowledge through her pieces. She embraces Brazilianness and uniqueness, portraying in her work the example of the world she wants to live in, always focusing on the Greater Good and seeking to act as a co-creator of a new consciousness on planet Earth. She maintains a coherent stance between her personal life and her art, with Beauty as her only commitment.<\/span><\/p><p class=\"Normal\"><span class=\"tm6\">In the creative process, their jewelry incorporates the poetry of this approach to engaging with the world, allowing it to transcend the everyday and, in many cases, be exhibited in galleries and museums as works of art. <\/span><\/p><p class=\"Normal\">\u00a0<\/p><\/blockquote>\t\t\t\t\t\t\t\t<\/div>\n\t\t\t\t<\/div>\n\t\t\t\t\t<\/div>\n\t\t<\/div>\n\t\t\t\t\t<\/div>\n\t\t<\/section>\n\t\t\t\t<section class=\"elementor-section elementor-top-section elementor-element elementor-element-f168ba0 elementor-section-boxed elementor-section-height-default elementor-section-height-default sc_fly_static\" data-id=\"f168ba0\" data-element_type=\"section\" data-e-type=\"section\">\n\t\t\t\t\t\t<div class=\"elementor-container elementor-column-gap-extended\">\n\t\t\t\t\t<div class=\"elementor-column elementor-col-33 elementor-top-column elementor-element elementor-element-52f902b sc_content_align_inherit sc_layouts_column_icons_position_left sc_fly_static\" data-id=\"52f902b\" data-element_type=\"column\" data-e-type=\"column\">\n\t\t\t<div class=\"elementor-widget-wrap\">\n\t\t\t\t\t\t\t<\/div>\n\t\t<\/div>\n\t\t\t\t<div class=\"elementor-column elementor-col-33 elementor-top-column elementor-element elementor-element-b3bc3b1 sc_content_align_inherit sc_layouts_column_icons_position_left sc_fly_static\" data-id=\"b3bc3b1\" data-element_type=\"column\" data-e-type=\"column\">\n\t\t\t<div class=\"elementor-widget-wrap elementor-element-populated\">\n\t\t\t\t\t\t<div class=\"elementor-element elementor-element-56dcb40 sc_fly_static elementor-widget elementor-widget-image\" data-id=\"56dcb40\" data-element_type=\"widget\" data-e-type=\"widget\" data-widget_type=\"image.default\">\n\t\t\t\t<div class=\"elementor-widget-container\">\n\t\t\t\t\t\t\t\t\t\t\t\t\t\t\t<img decoding=\"async\" width=\"150\" height=\"150\" src=\"https:\/\/terezaxavier.com.br\/wp-content\/uploads\/2023\/01\/cropped-tereza-xavier-alta-joalheria-150x150.jpg\" class=\"attachment-thumbnail size-thumbnail wp-image-21181\" alt=\"\" srcset=\"https:\/\/terezaxavier.com.br\/wp-content\/uploads\/2023\/01\/cropped-tereza-xavier-alta-joalheria-150x150.jpg 150w, https:\/\/terezaxavier.com.br\/wp-content\/uploads\/2023\/01\/cropped-tereza-xavier-alta-joalheria-300x300.jpg 300w, https:\/\/terezaxavier.com.br\/wp-content\/uploads\/2023\/01\/cropped-tereza-xavier-alta-joalheria-370x370.jpg 370w, https:\/\/terezaxavier.com.br\/wp-content\/uploads\/2023\/01\/cropped-tereza-xavier-alta-joalheria-120x120.jpg 120w, https:\/\/terezaxavier.com.br\/wp-content\/uploads\/2023\/01\/cropped-tereza-xavier-alta-joalheria-410x410.jpg 410w, https:\/\/terezaxavier.com.br\/wp-content\/uploads\/2023\/01\/cropped-tereza-xavier-alta-joalheria-270x270.jpg 270w, https:\/\/terezaxavier.com.br\/wp-content\/uploads\/2023\/01\/cropped-tereza-xavier-alta-joalheria-192x192.jpg 192w, https:\/\/terezaxavier.com.br\/wp-content\/uploads\/2023\/01\/cropped-tereza-xavier-alta-joalheria-180x180.jpg 180w, https:\/\/terezaxavier.com.br\/wp-content\/uploads\/2023\/01\/cropped-tereza-xavier-alta-joalheria-32x32.jpg 32w, https:\/\/terezaxavier.com.br\/wp-content\/uploads\/2023\/01\/cropped-tereza-xavier-alta-joalheria.jpg 512w\" sizes=\"(max-width: 150px) 100vw, 150px\" \/>\t\t\t\t\t\t\t\t\t\t\t\t\t\t\t<\/div>\n\t\t\t\t<\/div>\n\t\t\t\t\t<\/div>\n\t\t<\/div>\n\t\t\t\t<div class=\"elementor-column elementor-col-33 elementor-top-column elementor-element elementor-element-6d7ff09 sc_content_align_inherit sc_layouts_column_icons_position_left sc_fly_static\" data-id=\"6d7ff09\" data-element_type=\"column\" data-e-type=\"column\">\n\t\t\t<div class=\"elementor-widget-wrap\">\n\t\t\t\t\t\t\t<\/div>\n\t\t<\/div>\n\t\t\t\t\t<\/div>\n\t\t<\/section>\n\t\t\t\t<\/div>","protected":false},"excerpt":{"rendered":"<p>Tereza Xavier Tereza Xavier criou com suas pe\u00e7as uma nova linguagem. Fundou mesmo uma nova escola nesta arte t\u00e3o antiga da joalheria. Tereza Xavier \u00e9 uma Artista que transita entre&hellip;<\/p>","protected":false},"author":1,"featured_media":0,"parent":0,"menu_order":0,"comment_status":"closed","ping_status":"closed","template":"elementor_header_footer","meta":{"_joinchat":[],"footnotes":""},"class_list":["post-27238","page","type-page","status-publish","hentry"],"_hostinger_reach_plugin_has_subscription_block":false,"_hostinger_reach_plugin_is_elementor":false,"_links":{"self":[{"href":"https:\/\/terezaxavier.com.br\/en\/wp-json\/wp\/v2\/pages\/27238","targetHints":{"allow":["GET"]}}],"collection":[{"href":"https:\/\/terezaxavier.com.br\/en\/wp-json\/wp\/v2\/pages"}],"about":[{"href":"https:\/\/terezaxavier.com.br\/en\/wp-json\/wp\/v2\/types\/page"}],"author":[{"embeddable":true,"href":"https:\/\/terezaxavier.com.br\/en\/wp-json\/wp\/v2\/users\/1"}],"replies":[{"embeddable":true,"href":"https:\/\/terezaxavier.com.br\/en\/wp-json\/wp\/v2\/comments?post=27238"}],"version-history":[{"count":89,"href":"https:\/\/terezaxavier.com.br\/en\/wp-json\/wp\/v2\/pages\/27238\/revisions"}],"predecessor-version":[{"id":45036,"href":"https:\/\/terezaxavier.com.br\/en\/wp-json\/wp\/v2\/pages\/27238\/revisions\/45036"}],"wp:attachment":[{"href":"https:\/\/terezaxavier.com.br\/en\/wp-json\/wp\/v2\/media?parent=27238"}],"curies":[{"name":"wp","href":"https:\/\/api.w.org\/{rel}","templated":true}]}}