{"id":27224,"date":"2023-05-17T17:41:20","date_gmt":"2023-05-17T20:41:20","guid":{"rendered":"https:\/\/terezaxavier.com.br\/?page_id=27224"},"modified":"2025-05-07T16:23:38","modified_gmt":"2025-05-07T19:23:38","slug":"manifesto-21-anos","status":"publish","type":"page","link":"https:\/\/terezaxavier.com.br\/en\/manifesto-21-anos\/","title":{"rendered":"Manifesto 21 Anos"},"content":{"rendered":"<div data-elementor-type=\"wp-page\" data-elementor-id=\"27224\" class=\"elementor elementor-27224\" data-elementor-post-type=\"page\">\n\t\t\t\t<div class=\"elementor-element elementor-element-5c77388 e-flex e-con-boxed sc_layouts_column_icons_position_left e-con e-parent\" data-id=\"5c77388\" data-element_type=\"container\" data-e-type=\"container\">\n\t\t\t\t\t<div class=\"e-con-inner\">\n\t\t\t\t<div class=\"elementor-element elementor-element-e4e7d53 sc_fly_static elementor-widget elementor-widget-spacer\" data-id=\"e4e7d53\" data-element_type=\"widget\" data-e-type=\"widget\" data-widget_type=\"spacer.default\">\n\t\t\t\t<div class=\"elementor-widget-container\">\n\t\t\t\t\t\t\t<div class=\"elementor-spacer\">\n\t\t\t<div class=\"elementor-spacer-inner\"><\/div>\n\t\t<\/div>\n\t\t\t\t\t\t<\/div>\n\t\t\t\t<\/div>\n\t\t\t\t\t<\/div>\n\t\t\t\t<\/div>\n\t\t<div class=\"elementor-element elementor-element-4b0c8aa e-flex e-con-boxed sc_layouts_column_icons_position_left e-con e-parent\" data-id=\"4b0c8aa\" data-element_type=\"container\" data-e-type=\"container\">\n\t\t\t\t\t<div class=\"e-con-inner\">\n\t\t\t\t<div class=\"elementor-element elementor-element-124b032 sc_fly_static elementor-widget elementor-widget-heading\" data-id=\"124b032\" data-element_type=\"widget\" data-e-type=\"widget\" data-widget_type=\"heading.default\">\n\t\t\t\t<div class=\"elementor-widget-container\">\n\t\t\t\t\t<h2 class=\"elementor-heading-title elementor-size-default\">Manifesto 21 anos<\/h2>\t\t\t\t<\/div>\n\t\t\t\t<\/div>\n\t\t\t\t\t<\/div>\n\t\t\t\t<\/div>\n\t\t\t\t<section class=\"elementor-section elementor-top-section elementor-element elementor-element-80a0ed9 elementor-section-boxed elementor-section-height-default elementor-section-height-default sc_fly_static\" data-id=\"80a0ed9\" data-element_type=\"section\" data-e-type=\"section\">\n\t\t\t\t\t\t<div class=\"elementor-container elementor-column-gap-extended\">\n\t\t\t\t\t<div class=\"elementor-column elementor-col-100 elementor-top-column elementor-element elementor-element-6f42ce7 sc_content_align_inherit sc_layouts_column_icons_position_left sc_fly_static\" data-id=\"6f42ce7\" data-element_type=\"column\" data-e-type=\"column\">\n\t\t\t<div class=\"elementor-widget-wrap elementor-element-populated\">\n\t\t\t\t\t\t<div class=\"elementor-element elementor-element-82266f8 sc_fly_static elementor-widget elementor-widget-text-editor\" data-id=\"82266f8\" data-element_type=\"widget\" data-e-type=\"widget\" data-widget_type=\"text-editor.default\">\n\t\t\t\t<div class=\"elementor-widget-container\">\n\t\t\t\t\t\t\t\t\t<blockquote>\n<p>Casting our gaze over our journey, our memories are filled with inspiration: from researching materials from the Amazon rainforest and other forests, to meticulously sourcing from the mineral kingdom; from diving deeply into and honoring Brazilian culture, to connecting with artisans across every state in Brazil; and from engaging with the culture and art of 43 Indigenous tribes to date.<\/p>\n<p>We are a national brand that raises its voice for the protection of animals, the preservation of forests, and the rights of Indigenous Peoples.&nbsp;<\/p>\n<p>Our brand debuted in the world of High Jewelry by honoring nature, Brazil, and Indigenous Peoples, with precious smiling jewels and ribbons reminiscent of Nosso Senhor do Bonfim, celebrating our beloved city: TX \ud83d\ude42 Rio de Janeiro \ud83d\ude09 TX \ud83d\ude42 Cheers to Kindness.&nbsp;<span style=\"background-color: var(--theme-color-alter_bg_color); color: var(--theme-color-alter_dark); font-family: &quot;Times New Roman&quot;; font-size: 18px; font-style: normal; font-weight: 200; text-transform: var(--theme-font-p_text-transform);\">Salve Simpatia.<\/span><\/p>\n<p><span style=\"color: var(--theme-color-alter_dark); font-size: 18px; font-weight: 200; background-color: var(--theme-color-alter_bg_color); text-transform: var(--theme-font-p_text-transform);\">From the very beginning, our vision was to create eco-jewelry and integrate it into High Jewelry. We aspired to make a difference in the world through our art, always prioritizing ethical practices in the extraction of metals, gemstones, and diamonds.&nbsp;<\/span><\/p>\n<p>Our artisans masterfully work with precious metals in our workshops to craft pieces that are true works of art, all perfectly aligned with the philosophy of our brand.<\/p>\n<p>We chose to use humble materials from the forests and dared to combine them with gemstones, diamonds, and gold\u2014not only because we saw beauty in them but also to inspire the preservation of the forests. By doing so, we sought to show that forest dwellers could sustain their livelihoods through the collection of seeds, plants, latex, and vines, as long as they preserved the trees and responsibly sourced raw materials from their surroundings without causing harm.<\/p>\n<p>Sustainability, thinking globally while acting locally, preserving the precious ancestral knowledge of the manual skills of Indigenous Peoples and Brazilian artisans, and merging it with high jewelry have always been our vision.<\/p>\n<p>We have been meticulously crafting the brand's style with steadfastness, refinement, and elegance\u2014an absolutely couture approach that brings together diverse jewels, saying yes to nature, yes to Indigenous culture, yes to craftsmanship, and yes to high jewelry. The result is unique, irreverent, luxurious, and refined pieces that are true works of art.<\/p>\n<p>During a time when artisanal work was largely forgotten, we joined hands with countless artisans, providing them with continuous work to improve their living conditions while, above all, honoring and valuing their art.<\/p>\n<p>Jewels adorned with natural flowers, seeds, and leaves are an invitation to preserve nature and a testament to our unwavering commitment to sustainable development.<\/p>\n<p>Our vision expands with each passing day, yet it always remains guided by the same compass.<\/p>\n<p>Creating, producing, and marketing our jewelry from Rio de Janeiro, much of our journey unfolded in silence. Yet, our voice resonated in the forests, sang with the rivers of the Amazon, moved to the rhythm of Indigenous ancestral wisdom, and harmonized with artisans weaving bobbin lace, embroidery, and the joyful dance of pompoms and tassels crafted for the festivities of Reisado, Maracatu, and the ancestral dances of countless Indigenous tribes. It echoed in the sound of jingles, coconuts, and the delicate weaving of Indigenous strawwork that consistently shaped our creations.  \n\nIn this way, we became like trailblazers, opening a new path, building a precious and radiant ecosystem of value, and proposing a fresh perspective on the ancient art of High Jewelry.<\/p>\n<p>For 21 years, our jewelry has traveled the world, with some pieces now part of museum collections and recipients of prestigious national and international awards. We have brought dreams to life with bespoke, highly meaningful creations, crafted with care and intention. Each piece considers the golden ratio, precise forms and colors, and the radiant beauty of metals, gemstones, and diamonds, all while reviving the ancient purpose of jewelry.<\/p>\n<p>There have been many highly exclusive collections, always featuring unexpected and surprising jewelry\u2014refined and luxurious in their simplicity, handcrafted, made in Brazil, 100% Brazil.<\/p>\n<p>Our headquarters is located at the Copacabana Palace Hotel, store number 7. From there, our work has taken flight, reaching all of Brazil and the world.<\/p>\n<p>For our 21st anniversary, we have prepared to begin the internationalization of the brand. We have built a network of master artisans, enabling us to create a greater number of unique pieces. Most importantly, for the jewelry incorporating rare Indigenous materials, we have structured partnerships to maximize their production capacity, recognizing that authentic traditional Indigenous pieces are produced in very limited quantities.<\/p>\n<p>When working with Indigenous art, we purchase the pieces and then adapt them for high jewelry, ensuring that the identity of each tribe is preserved. In some creations, we even unite elements from different tribes. The result is incredible and allows one to clearly see which tribes come together in each piece.<\/p>\n<p>With heartfelt love and gratitude to our Dream Green Team\u2014made up of our Indigenous partners from distant villages throughout the Amazon and other regions of Brazil, our artisans, suppliers, master craftsmen, cherished clients around the world, and friends who share our vision\u2014we officially embark on a green journey across the globe.  \n\nWe aim to share our precious uniqueness, rooted in the true art of nature, sacred geometry, and the timeless words of the great ecologist Saint Francis of Assisi: *Peace and Goodness*. Carried with us are the exquisite *Vesica Piscis* Jewelry Bags, which transform into Jewelry Boxes, transporting our creativity and our belief that ecology is the ultimate luxury.<\/p>\n<p><u><\/u>With great joy, we announce a special surprise for high jewelry: an incredible collection envisioned by the General Director of Tereza Xavier Jewelry, designer Luiz Xavier. This collection will be available exclusively at Tereza Xavier Jewelry and will be a grand, beautiful, luxurious, refined, sustainable, and breathtaking declaration of love to the city of Rio de Janeiro\u2014a true marvel!<\/p><br><\/blockquote>\t\t\t\t\t\t\t\t<\/div>\n\t\t\t\t<\/div>\n\t\t\t\t\t<\/div>\n\t\t<\/div>\n\t\t\t\t\t<\/div>\n\t\t<\/section>\n\t\t\t\t<\/div>","protected":false},"excerpt":{"rendered":"<p>Manifesto 21 anos Lan\u00e7ando o olhar sobre a nossa trajet\u00f3ria, nossa mem\u00f3ria \u00e9 de muita inspira\u00e7\u00e3o, de pesquisas de materiais da floresta amaz\u00f4nica e de outras florestas, de garimpar refinadamente&hellip;<\/p>","protected":false},"author":1,"featured_media":0,"parent":0,"menu_order":0,"comment_status":"closed","ping_status":"closed","template":"elementor_header_footer","meta":{"_joinchat":[],"footnotes":""},"class_list":["post-27224","page","type-page","status-publish","hentry"],"_hostinger_reach_plugin_has_subscription_block":false,"_hostinger_reach_plugin_is_elementor":false,"_links":{"self":[{"href":"https:\/\/terezaxavier.com.br\/en\/wp-json\/wp\/v2\/pages\/27224","targetHints":{"allow":["GET"]}}],"collection":[{"href":"https:\/\/terezaxavier.com.br\/en\/wp-json\/wp\/v2\/pages"}],"about":[{"href":"https:\/\/terezaxavier.com.br\/en\/wp-json\/wp\/v2\/types\/page"}],"author":[{"embeddable":true,"href":"https:\/\/terezaxavier.com.br\/en\/wp-json\/wp\/v2\/users\/1"}],"replies":[{"embeddable":true,"href":"https:\/\/terezaxavier.com.br\/en\/wp-json\/wp\/v2\/comments?post=27224"}],"version-history":[{"count":88,"href":"https:\/\/terezaxavier.com.br\/en\/wp-json\/wp\/v2\/pages\/27224\/revisions"}],"predecessor-version":[{"id":44379,"href":"https:\/\/terezaxavier.com.br\/en\/wp-json\/wp\/v2\/pages\/27224\/revisions\/44379"}],"wp:attachment":[{"href":"https:\/\/terezaxavier.com.br\/en\/wp-json\/wp\/v2\/media?parent=27224"}],"curies":[{"name":"wp","href":"https:\/\/api.w.org\/{rel}","templated":true}]}}