{"id":27203,"date":"2023-05-17T17:29:48","date_gmt":"2023-05-17T20:29:48","guid":{"rendered":"https:\/\/terezaxavier.com.br\/?page_id=27203"},"modified":"2025-05-07T16:23:03","modified_gmt":"2025-05-07T19:23:03","slug":"manifesto-15-anos","status":"publish","type":"page","link":"https:\/\/terezaxavier.com.br\/en\/manifesto-15-anos\/","title":{"rendered":"Manifesto 15 anos"},"content":{"rendered":"<div data-elementor-type=\"wp-page\" data-elementor-id=\"27203\" class=\"elementor elementor-27203\" data-elementor-post-type=\"page\">\n\t\t\t\t<div class=\"elementor-element elementor-element-137c0f6 e-flex e-con-boxed sc_layouts_column_icons_position_left e-con e-parent\" data-id=\"137c0f6\" data-element_type=\"container\" data-e-type=\"container\">\n\t\t\t\t\t<div class=\"e-con-inner\">\n\t\t\t\t<div class=\"elementor-element elementor-element-8bd11b2 sc_fly_static elementor-widget elementor-widget-spacer\" data-id=\"8bd11b2\" data-element_type=\"widget\" data-e-type=\"widget\" data-widget_type=\"spacer.default\">\n\t\t\t\t<div class=\"elementor-widget-container\">\n\t\t\t\t\t\t\t<div class=\"elementor-spacer\">\n\t\t\t<div class=\"elementor-spacer-inner\"><\/div>\n\t\t<\/div>\n\t\t\t\t\t\t<\/div>\n\t\t\t\t<\/div>\n\t\t\t\t\t<\/div>\n\t\t\t\t<\/div>\n\t\t<div class=\"elementor-element elementor-element-ce22402 e-flex e-con-boxed sc_layouts_column_icons_position_left e-con e-parent\" data-id=\"ce22402\" data-element_type=\"container\" data-e-type=\"container\">\n\t\t\t\t\t<div class=\"e-con-inner\">\n\t\t\t\t<div class=\"elementor-element elementor-element-f943aef sc_fly_static elementor-widget elementor-widget-heading\" data-id=\"f943aef\" data-element_type=\"widget\" data-e-type=\"widget\" data-widget_type=\"heading.default\">\n\t\t\t\t<div class=\"elementor-widget-container\">\n\t\t\t\t\t<h2 class=\"elementor-heading-title elementor-size-default\">Manifesto 15 anos<\/h2>\t\t\t\t<\/div>\n\t\t\t\t<\/div>\n\t\t\t\t\t<\/div>\n\t\t\t\t<\/div>\n\t\t\t\t<section class=\"elementor-section elementor-top-section elementor-element elementor-element-f43d373 elementor-section-boxed elementor-section-height-default elementor-section-height-default sc_fly_static\" data-id=\"f43d373\" data-element_type=\"section\" data-e-type=\"section\">\n\t\t\t\t\t\t<div class=\"elementor-container elementor-column-gap-extended\">\n\t\t\t\t\t<div class=\"elementor-column elementor-col-100 elementor-top-column elementor-element elementor-element-53591bf sc_content_align_inherit sc_layouts_column_icons_position_left sc_fly_static\" data-id=\"53591bf\" data-element_type=\"column\" data-e-type=\"column\">\n\t\t\t<div class=\"elementor-widget-wrap elementor-element-populated\">\n\t\t\t\t\t\t<div class=\"elementor-element elementor-element-3763d9c sc_fly_static elementor-widget elementor-widget-text-editor\" data-id=\"3763d9c\" data-element_type=\"widget\" data-e-type=\"widget\" data-widget_type=\"text-editor.default\">\n\t\t\t\t<div class=\"elementor-widget-container\">\n\t\t\t\t\t\t\t\t\t<blockquote><p class=\"Normal\"><span class=\"tm5\">Love of nature sets the rhythm in the creation of work-of-art pieces of jewelry. Light and joyful communication \u263a reveals the luxury of opening the senses to offer and receive the greatest and the best, all of which are staples in our collections. <\/span><span class=\"tm5\">reveals the luxury of opening the senses to offer and receive the greatest and the best, all of which are staples in our collections.<\/span><\/p><p class=\"Normal\"><span class=\"tm5\">\u00a0<\/span><\/p><p class=\"Normal\"><span class=\"tm5\">With innovation, humbleness, simplicity, full love for what we do and with sense of justice, we commit ourselves to creating the eco-jewelry, the sustainable high jewelry. We commit ourselves to inspiring others to inspire others in this dance, in a gold circle, which, through art, has planted the seeds of a new pattern of consciousness and sharing.<\/span><\/p><p class=\"Normal\"><span class=\"tm5\">\u00a0<\/span><\/p><p class=\"Normal\"><span class=\"tm5\">Our work, in its singularity, follows the principles of the golden ratio. It is luxuriously handcrafted and it involves the strength and the delicate flight of our hands, the crafters\u2019 hands, and those of the Brazilian Indian peoples\u2019. We are a dream-green-team.<\/span><\/p><p class=\"Normal\"><span class=\"tm5\">\u00a0<\/span><\/p><p class=\"Normal\"><span class=\"tm5\">We propose a precious and brilliant chlorophyll green network of friends and working partners who believe in the work we believe in, and who are tuned in our vision by means of vibratory affinity. <a id=\"aGoBack\"><\/a>sintonizam por afinidade vibrat\u00f3ria com a nossa vis\u00e3o. <\/span><\/p><p class=\"Normal\"><span class=\"tm5\">We have been the same from the beginning, 15 years ago, and each day, we refine our creativity and our expertise, hand in hand with research and technology.<\/span><\/p><p class=\"Normal\"><span class=\"tm5\">\u00a0<\/span><\/p><p class=\"Normal\"><span class=\"tm5\">We have always believed in what is \u201chuman\u201d \u2013 in human interaction, in real dialogue, in the relation of trust and empathy as we have expanded our roots, embracing the national territory, launching seeds, flowering and fructifying, smiling to the world having nature as our stage and scenario.<\/span><\/p><p class=\"Normal\"><span class=\"tm5\">Thanking, celebrating and singing the walk along the path of beauty,  we commemorate our journey and we pride ourselves on \u201cmade in Brazil\u201d.<\/span><\/p><p class=\"Normal\"><span class=\"tm5\">\u00a0<\/span><\/p><p class=\"Normal\">\u00a0<\/p><\/blockquote>\t\t\t\t\t\t\t\t<\/div>\n\t\t\t\t<\/div>\n\t\t\t\t\t<\/div>\n\t\t<\/div>\n\t\t\t\t\t<\/div>\n\t\t<\/section>\n\t\t\t\t<section class=\"elementor-section elementor-top-section elementor-element elementor-element-aed0f26 elementor-section-boxed elementor-section-height-default elementor-section-height-default sc_fly_static\" data-id=\"aed0f26\" data-element_type=\"section\" data-e-type=\"section\">\n\t\t\t\t\t\t<div class=\"elementor-container elementor-column-gap-extended\">\n\t\t\t\t\t<div class=\"elementor-column elementor-col-33 elementor-top-column elementor-element elementor-element-841eb26 sc_content_align_inherit sc_layouts_column_icons_position_left sc_fly_static\" data-id=\"841eb26\" data-element_type=\"column\" data-e-type=\"column\">\n\t\t\t<div class=\"elementor-widget-wrap\">\n\t\t\t\t\t\t\t<\/div>\n\t\t<\/div>\n\t\t\t\t<div class=\"elementor-column elementor-col-33 elementor-top-column elementor-element elementor-element-f6daa4c sc_content_align_inherit sc_layouts_column_icons_position_left sc_fly_static\" data-id=\"f6daa4c\" data-element_type=\"column\" data-e-type=\"column\">\n\t\t\t<div class=\"elementor-widget-wrap elementor-element-populated\">\n\t\t\t\t\t\t<div class=\"elementor-element elementor-element-e603dd7 sc_fly_static elementor-widget elementor-widget-image\" data-id=\"e603dd7\" data-element_type=\"widget\" data-e-type=\"widget\" data-widget_type=\"image.default\">\n\t\t\t\t<div class=\"elementor-widget-container\">\n\t\t\t\t\t\t\t\t\t\t\t\t\t\t\t<img fetchpriority=\"high\" decoding=\"async\" width=\"512\" height=\"512\" src=\"https:\/\/terezaxavier.com.br\/wp-content\/uploads\/2023\/01\/tereza-xavier-alta-joalheria.jpg\" class=\"attachment-large size-large wp-image-21180\" alt=\"tereza xavier alta joalheria\" srcset=\"https:\/\/terezaxavier.com.br\/wp-content\/uploads\/2023\/01\/tereza-xavier-alta-joalheria.jpg 512w, https:\/\/terezaxavier.com.br\/wp-content\/uploads\/2023\/01\/tereza-xavier-alta-joalheria-300x300.jpg 300w, https:\/\/terezaxavier.com.br\/wp-content\/uploads\/2023\/01\/tereza-xavier-alta-joalheria-150x150.jpg 150w, https:\/\/terezaxavier.com.br\/wp-content\/uploads\/2023\/01\/tereza-xavier-alta-joalheria-370x370.jpg 370w, https:\/\/terezaxavier.com.br\/wp-content\/uploads\/2023\/01\/tereza-xavier-alta-joalheria-120x120.jpg 120w, https:\/\/terezaxavier.com.br\/wp-content\/uploads\/2023\/01\/tereza-xavier-alta-joalheria-410x410.jpg 410w\" sizes=\"(max-width: 600px) 100vw, 512px\" \/>\t\t\t\t\t\t\t\t\t\t\t\t\t\t\t<\/div>\n\t\t\t\t<\/div>\n\t\t\t\t\t<\/div>\n\t\t<\/div>\n\t\t\t\t<div class=\"elementor-column elementor-col-33 elementor-top-column elementor-element elementor-element-a202fde sc_content_align_inherit sc_layouts_column_icons_position_left sc_fly_static\" data-id=\"a202fde\" data-element_type=\"column\" data-e-type=\"column\">\n\t\t\t<div class=\"elementor-widget-wrap\">\n\t\t\t\t\t\t\t<\/div>\n\t\t<\/div>\n\t\t\t\t\t<\/div>\n\t\t<\/section>\n\t\t\t\t<\/div>","protected":false},"excerpt":{"rendered":"<p>Manifesto 15 anos A beleza d\u00e1 o norte, o pensar diferente imprime o entusiasmo e o tom, o se atrever com delicadeza e eleg\u00e2ncia informa, o amor \u00e0 natureza imp\u00f5e&hellip;<\/p>","protected":false},"author":1,"featured_media":0,"parent":0,"menu_order":0,"comment_status":"closed","ping_status":"closed","template":"elementor_header_footer","meta":{"_joinchat":[],"footnotes":""},"class_list":["post-27203","page","type-page","status-publish","hentry"],"_hostinger_reach_plugin_has_subscription_block":false,"_hostinger_reach_plugin_is_elementor":false,"_links":{"self":[{"href":"https:\/\/terezaxavier.com.br\/en\/wp-json\/wp\/v2\/pages\/27203","targetHints":{"allow":["GET"]}}],"collection":[{"href":"https:\/\/terezaxavier.com.br\/en\/wp-json\/wp\/v2\/pages"}],"about":[{"href":"https:\/\/terezaxavier.com.br\/en\/wp-json\/wp\/v2\/types\/page"}],"author":[{"embeddable":true,"href":"https:\/\/terezaxavier.com.br\/en\/wp-json\/wp\/v2\/users\/1"}],"replies":[{"embeddable":true,"href":"https:\/\/terezaxavier.com.br\/en\/wp-json\/wp\/v2\/comments?post=27203"}],"version-history":[{"count":40,"href":"https:\/\/terezaxavier.com.br\/en\/wp-json\/wp\/v2\/pages\/27203\/revisions"}],"predecessor-version":[{"id":44102,"href":"https:\/\/terezaxavier.com.br\/en\/wp-json\/wp\/v2\/pages\/27203\/revisions\/44102"}],"wp:attachment":[{"href":"https:\/\/terezaxavier.com.br\/en\/wp-json\/wp\/v2\/media?parent=27203"}],"curies":[{"name":"wp","href":"https:\/\/api.w.org\/{rel}","templated":true}]}}