{"id":26322,"date":"2023-04-27T17:57:20","date_gmt":"2023-04-27T20:57:20","guid":{"rendered":"https:\/\/terezaxavier.com.br\/?page_id=26322"},"modified":"2023-04-27T18:16:22","modified_gmt":"2023-04-27T21:16:22","slug":"exposicao-arruda-e-inauguracao-loja-tereza-xavier-forum-de-ipanema","status":"publish","type":"page","link":"https:\/\/terezaxavier.com.br\/en\/exposicao-arruda-e-inauguracao-loja-tereza-xavier-forum-de-ipanema\/","title":{"rendered":"Exposi\u00e7\u00e3o Arruda e Inaugura\u00e7\u00e3o Loja Tereza Xavier F\u00f3rum de Ipanema"},"content":{"rendered":"<div data-elementor-type=\"wp-page\" data-elementor-id=\"26322\" class=\"elementor elementor-26322\" data-elementor-post-type=\"page\">\n\t\t\t\t\t\t<section class=\"elementor-section elementor-top-section elementor-element elementor-element-210ef86 elementor-section-full_width elementor-section-stretched elementor-section-height-default elementor-section-height-default sc_fly_static\" data-id=\"210ef86\" data-element_type=\"section\" data-e-type=\"section\" data-settings=\"{&quot;stretch_section&quot;:&quot;section-stretched&quot;}\">\n\t\t\t\t\t\t<div class=\"elementor-container elementor-column-gap-extended\">\n\t\t\t\t\t<div class=\"elementor-column elementor-col-100 elementor-top-column elementor-element elementor-element-bc6520c sc_content_align_inherit sc_layouts_column_icons_position_left sc_fly_static\" data-id=\"bc6520c\" data-element_type=\"column\" data-e-type=\"column\">\n\t\t\t<div class=\"elementor-widget-wrap elementor-element-populated\">\n\t\t\t\t\t\t<div class=\"elementor-element elementor-element-133ab4f sc_fly_static elementor-widget elementor-widget-image\" data-id=\"133ab4f\" data-element_type=\"widget\" data-e-type=\"widget\" data-widget_type=\"image.default\">\n\t\t\t\t<div class=\"elementor-widget-container\">\n\t\t\t\t\t\t\t\t\t\t\t\t\t\t\t<img fetchpriority=\"high\" decoding=\"async\" width=\"1024\" height=\"689\" src=\"https:\/\/terezaxavier.com.br\/wp-content\/uploads\/2023\/04\/Exposicao-Arruda-e-Inauguracao-Loja-Tereza-Xavier-Forum-de-Ipanema-1024x689.jpg\" class=\"attachment-large size-large wp-image-26327\" alt=\"\" srcset=\"https:\/\/terezaxavier.com.br\/wp-content\/uploads\/2023\/04\/Exposicao-Arruda-e-Inauguracao-Loja-Tereza-Xavier-Forum-de-Ipanema-1024x689.jpg 1024w, https:\/\/terezaxavier.com.br\/wp-content\/uploads\/2023\/04\/Exposicao-Arruda-e-Inauguracao-Loja-Tereza-Xavier-Forum-de-Ipanema-300x202.jpg 300w, https:\/\/terezaxavier.com.br\/wp-content\/uploads\/2023\/04\/Exposicao-Arruda-e-Inauguracao-Loja-Tereza-Xavier-Forum-de-Ipanema-768x517.jpg 768w, https:\/\/terezaxavier.com.br\/wp-content\/uploads\/2023\/04\/Exposicao-Arruda-e-Inauguracao-Loja-Tereza-Xavier-Forum-de-Ipanema-1536x1034.jpg 1536w, https:\/\/terezaxavier.com.br\/wp-content\/uploads\/2023\/04\/Exposicao-Arruda-e-Inauguracao-Loja-Tereza-Xavier-Forum-de-Ipanema-2048x1379.jpg 2048w, https:\/\/terezaxavier.com.br\/wp-content\/uploads\/2023\/04\/Exposicao-Arruda-e-Inauguracao-Loja-Tereza-Xavier-Forum-de-Ipanema-370x249.jpg 370w, https:\/\/terezaxavier.com.br\/wp-content\/uploads\/2023\/04\/Exposicao-Arruda-e-Inauguracao-Loja-Tereza-Xavier-Forum-de-Ipanema-840x565.jpg 840w, https:\/\/terezaxavier.com.br\/wp-content\/uploads\/2023\/04\/Exposicao-Arruda-e-Inauguracao-Loja-Tereza-Xavier-Forum-de-Ipanema-410x276.jpg 410w, https:\/\/terezaxavier.com.br\/wp-content\/uploads\/2023\/04\/Exposicao-Arruda-e-Inauguracao-Loja-Tereza-Xavier-Forum-de-Ipanema-600x404.jpg 600w\" sizes=\"(max-width: 1024px) 100vw, 1024px\" \/>\t\t\t\t\t\t\t\t\t\t\t\t\t\t\t<\/div>\n\t\t\t\t<\/div>\n\t\t\t\t<div class=\"elementor-element elementor-element-2c30ec3 sc_fly_static elementor-widget elementor-widget-spacer\" data-id=\"2c30ec3\" data-element_type=\"widget\" data-e-type=\"widget\" data-widget_type=\"spacer.default\">\n\t\t\t\t<div class=\"elementor-widget-container\">\n\t\t\t\t\t\t\t<div class=\"elementor-spacer\">\n\t\t\t<div class=\"elementor-spacer-inner\"><\/div>\n\t\t<\/div>\n\t\t\t\t\t\t<\/div>\n\t\t\t\t<\/div>\n\t\t\t\t<div class=\"elementor-element elementor-element-129ebf8 sc_fly_static elementor-widget elementor-widget-text-editor\" data-id=\"129ebf8\" data-element_type=\"widget\" data-e-type=\"widget\" data-widget_type=\"text-editor.default\">\n\t\t\t\t<div class=\"elementor-widget-container\">\n\t\t\t\t\t\t\t\t\t<blockquote><p style=\"text-align: center;\"><strong>Tereza Xavier celebra a inaugura\u00e7\u00e3o da sua loja no F\u00f3rum de Ipanema apresentando a Cole\u00e7\u00e3o Arruda e sempre sempre suas joias com a bandeira do Brasil.<\/strong><\/p><\/blockquote>\t\t\t\t\t\t\t\t<\/div>\n\t\t\t\t<\/div>\n\t\t\t\t\t<\/div>\n\t\t<\/div>\n\t\t\t\t\t<\/div>\n\t\t<\/section>\n\t\t\t\t<\/div>","protected":false},"excerpt":{"rendered":"<p>Tereza Xavier celebra a inaugura\u00e7\u00e3o da sua loja no F\u00f3rum de Ipanema apresentando a Cole\u00e7\u00e3o Arruda e sempre sempre suas joias com a bandeira do Brasil.<\/p>","protected":false},"author":1,"featured_media":0,"parent":0,"menu_order":0,"comment_status":"closed","ping_status":"closed","template":"elementor_header_footer","meta":{"_joinchat":[],"footnotes":""},"class_list":["post-26322","page","type-page","status-publish","hentry"],"_hostinger_reach_plugin_has_subscription_block":false,"_hostinger_reach_plugin_is_elementor":false,"_links":{"self":[{"href":"https:\/\/terezaxavier.com.br\/en\/wp-json\/wp\/v2\/pages\/26322","targetHints":{"allow":["GET"]}}],"collection":[{"href":"https:\/\/terezaxavier.com.br\/en\/wp-json\/wp\/v2\/pages"}],"about":[{"href":"https:\/\/terezaxavier.com.br\/en\/wp-json\/wp\/v2\/types\/page"}],"author":[{"embeddable":true,"href":"https:\/\/terezaxavier.com.br\/en\/wp-json\/wp\/v2\/users\/1"}],"replies":[{"embeddable":true,"href":"https:\/\/terezaxavier.com.br\/en\/wp-json\/wp\/v2\/comments?post=26322"}],"version-history":[{"count":10,"href":"https:\/\/terezaxavier.com.br\/en\/wp-json\/wp\/v2\/pages\/26322\/revisions"}],"predecessor-version":[{"id":26333,"href":"https:\/\/terezaxavier.com.br\/en\/wp-json\/wp\/v2\/pages\/26322\/revisions\/26333"}],"wp:attachment":[{"href":"https:\/\/terezaxavier.com.br\/en\/wp-json\/wp\/v2\/media?parent=26322"}],"curies":[{"name":"wp","href":"https:\/\/api.w.org\/{rel}","templated":true}]}}