{"id":26247,"date":"2023-04-27T15:13:59","date_gmt":"2023-04-27T18:13:59","guid":{"rendered":"https:\/\/terezaxavier.com.br\/?page_id=26247"},"modified":"2023-04-27T16:00:42","modified_gmt":"2023-04-27T19:00:42","slug":"exposicao-colecao-luz-loja-tereza-xavier-hotel-copacabana-palace","status":"publish","type":"page","link":"https:\/\/terezaxavier.com.br\/en\/exposicao-colecao-luz-loja-tereza-xavier-hotel-copacabana-palace\/","title":{"rendered":"Exposi\u00e7\u00e3o Cole\u00e7\u00e3o Luz Loja Tereza Xavier Hotel Copacabana Palace"},"content":{"rendered":"<div data-elementor-type=\"wp-page\" data-elementor-id=\"26247\" class=\"elementor elementor-26247\" data-elementor-post-type=\"page\">\n\t\t\t\t\t\t<section class=\"elementor-section elementor-top-section elementor-element elementor-element-cc48f7e elementor-section-full_width elementor-section-stretched elementor-section-height-default elementor-section-height-default sc_fly_static\" data-id=\"cc48f7e\" data-element_type=\"section\" data-e-type=\"section\" data-settings=\"{&quot;stretch_section&quot;:&quot;section-stretched&quot;}\">\n\t\t\t\t\t\t<div class=\"elementor-container elementor-column-gap-extended\">\n\t\t\t\t\t<div class=\"elementor-column elementor-col-100 elementor-top-column elementor-element elementor-element-846a6b6 sc_content_align_inherit sc_layouts_column_icons_position_left sc_fly_static\" data-id=\"846a6b6\" data-element_type=\"column\" data-e-type=\"column\">\n\t\t\t<div class=\"elementor-widget-wrap elementor-element-populated\">\n\t\t\t\t\t\t<div class=\"elementor-element elementor-element-316bf72 sc_fly_static elementor-widget elementor-widget-image\" data-id=\"316bf72\" data-element_type=\"widget\" data-e-type=\"widget\" data-widget_type=\"image.default\">\n\t\t\t\t<div class=\"elementor-widget-container\">\n\t\t\t\t\t\t\t\t\t\t\t\t\t\t\t<img fetchpriority=\"high\" decoding=\"async\" width=\"1024\" height=\"662\" src=\"https:\/\/terezaxavier.com.br\/wp-content\/uploads\/2023\/04\/exposicao-colecao-luz-copacabana-palace-1024x662.jpg\" class=\"attachment-large size-large wp-image-26255\" alt=\"\" srcset=\"https:\/\/terezaxavier.com.br\/wp-content\/uploads\/2023\/04\/exposicao-colecao-luz-copacabana-palace-1024x662.jpg 1024w, https:\/\/terezaxavier.com.br\/wp-content\/uploads\/2023\/04\/exposicao-colecao-luz-copacabana-palace-300x194.jpg 300w, https:\/\/terezaxavier.com.br\/wp-content\/uploads\/2023\/04\/exposicao-colecao-luz-copacabana-palace-768x496.jpg 768w, https:\/\/terezaxavier.com.br\/wp-content\/uploads\/2023\/04\/exposicao-colecao-luz-copacabana-palace-1536x993.jpg 1536w, https:\/\/terezaxavier.com.br\/wp-content\/uploads\/2023\/04\/exposicao-colecao-luz-copacabana-palace-370x239.jpg 370w, https:\/\/terezaxavier.com.br\/wp-content\/uploads\/2023\/04\/exposicao-colecao-luz-copacabana-palace-840x543.jpg 840w, https:\/\/terezaxavier.com.br\/wp-content\/uploads\/2023\/04\/exposicao-colecao-luz-copacabana-palace-410x265.jpg 410w, https:\/\/terezaxavier.com.br\/wp-content\/uploads\/2023\/04\/exposicao-colecao-luz-copacabana-palace-600x388.jpg 600w, https:\/\/terezaxavier.com.br\/wp-content\/uploads\/2023\/04\/exposicao-colecao-luz-copacabana-palace.jpg 1973w\" sizes=\"(max-width: 1024px) 100vw, 1024px\" \/>\t\t\t\t\t\t\t\t\t\t\t\t\t\t\t<\/div>\n\t\t\t\t<\/div>\n\t\t\t\t<div class=\"elementor-element elementor-element-5474a25 sc_fly_static elementor-widget elementor-widget-spacer\" data-id=\"5474a25\" data-element_type=\"widget\" data-e-type=\"widget\" data-widget_type=\"spacer.default\">\n\t\t\t\t<div class=\"elementor-widget-container\">\n\t\t\t\t\t\t\t<div class=\"elementor-spacer\">\n\t\t\t<div class=\"elementor-spacer-inner\"><\/div>\n\t\t<\/div>\n\t\t\t\t\t\t<\/div>\n\t\t\t\t<\/div>\n\t\t\t\t\t<\/div>\n\t\t<\/div>\n\t\t\t\t\t<\/div>\n\t\t<\/section>\n\t\t\t\t<section class=\"elementor-section elementor-top-section elementor-element elementor-element-128b3b2 elementor-section-full_width elementor-section-stretched elementor-section-height-default elementor-section-height-default sc_fly_static\" data-id=\"128b3b2\" data-element_type=\"section\" data-e-type=\"section\" data-settings=\"{&quot;stretch_section&quot;:&quot;section-stretched&quot;}\">\n\t\t\t\t\t\t<div class=\"elementor-container elementor-column-gap-extended\">\n\t\t\t\t\t<div class=\"elementor-column elementor-col-50 elementor-top-column elementor-element elementor-element-16e0d09 sc_content_align_inherit sc_layouts_column_icons_position_left sc_fly_static\" data-id=\"16e0d09\" data-element_type=\"column\" data-e-type=\"column\">\n\t\t\t<div class=\"elementor-widget-wrap elementor-element-populated\">\n\t\t\t\t\t\t<div class=\"elementor-element elementor-element-25cae9b sc_fly_static elementor-widget elementor-widget-image\" data-id=\"25cae9b\" data-element_type=\"widget\" data-e-type=\"widget\" data-widget_type=\"image.default\">\n\t\t\t\t<div class=\"elementor-widget-container\">\n\t\t\t\t\t\t\t\t\t\t\t\t\t\t\t<img decoding=\"async\" width=\"664\" height=\"1024\" src=\"https:\/\/terezaxavier.com.br\/wp-content\/uploads\/2023\/04\/tereza-xavier-copacabana-palace-664x1024.jpg\" class=\"attachment-large size-large wp-image-26265\" alt=\"\" srcset=\"https:\/\/terezaxavier.com.br\/wp-content\/uploads\/2023\/04\/tereza-xavier-copacabana-palace-664x1024.jpg 664w, https:\/\/terezaxavier.com.br\/wp-content\/uploads\/2023\/04\/tereza-xavier-copacabana-palace-195x300.jpg 195w, https:\/\/terezaxavier.com.br\/wp-content\/uploads\/2023\/04\/tereza-xavier-copacabana-palace-768x1184.jpg 768w, https:\/\/terezaxavier.com.br\/wp-content\/uploads\/2023\/04\/tereza-xavier-copacabana-palace-996x1536.jpg 996w, https:\/\/terezaxavier.com.br\/wp-content\/uploads\/2023\/04\/tereza-xavier-copacabana-palace-370x570.jpg 370w, https:\/\/terezaxavier.com.br\/wp-content\/uploads\/2023\/04\/tereza-xavier-copacabana-palace-840x1295.jpg 840w, https:\/\/terezaxavier.com.br\/wp-content\/uploads\/2023\/04\/tereza-xavier-copacabana-palace-410x632.jpg 410w, https:\/\/terezaxavier.com.br\/wp-content\/uploads\/2023\/04\/tereza-xavier-copacabana-palace-600x925.jpg 600w, https:\/\/terezaxavier.com.br\/wp-content\/uploads\/2023\/04\/tereza-xavier-copacabana-palace.jpg 1195w\" sizes=\"(max-width: 664px) 100vw, 664px\" \/>\t\t\t\t\t\t\t\t\t\t\t\t\t\t\t<\/div>\n\t\t\t\t<\/div>\n\t\t\t\t\t<\/div>\n\t\t<\/div>\n\t\t\t\t<div class=\"elementor-column elementor-col-50 elementor-top-column elementor-element elementor-element-5ed0f76 sc_content_align_inherit sc_layouts_column_icons_position_left sc_fly_static\" data-id=\"5ed0f76\" data-element_type=\"column\" data-e-type=\"column\">\n\t\t\t<div class=\"elementor-widget-wrap elementor-element-populated\">\n\t\t\t\t\t\t<div class=\"elementor-element elementor-element-ef553b6 sc_fly_static elementor-widget elementor-widget-image\" data-id=\"ef553b6\" data-element_type=\"widget\" data-e-type=\"widget\" data-widget_type=\"image.default\">\n\t\t\t\t<div class=\"elementor-widget-container\">\n\t\t\t\t\t\t\t\t\t\t\t\t\t\t\t<img decoding=\"async\" width=\"664\" height=\"1024\" src=\"https:\/\/terezaxavier.com.br\/wp-content\/uploads\/2023\/04\/luiz-xavier-copacabana-palace-664x1024.jpg\" class=\"attachment-large size-large wp-image-26267\" alt=\"\" srcset=\"https:\/\/terezaxavier.com.br\/wp-content\/uploads\/2023\/04\/luiz-xavier-copacabana-palace-664x1024.jpg 664w, https:\/\/terezaxavier.com.br\/wp-content\/uploads\/2023\/04\/luiz-xavier-copacabana-palace-195x300.jpg 195w, https:\/\/terezaxavier.com.br\/wp-content\/uploads\/2023\/04\/luiz-xavier-copacabana-palace-768x1184.jpg 768w, https:\/\/terezaxavier.com.br\/wp-content\/uploads\/2023\/04\/luiz-xavier-copacabana-palace-996x1536.jpg 996w, https:\/\/terezaxavier.com.br\/wp-content\/uploads\/2023\/04\/luiz-xavier-copacabana-palace-370x570.jpg 370w, https:\/\/terezaxavier.com.br\/wp-content\/uploads\/2023\/04\/luiz-xavier-copacabana-palace-840x1295.jpg 840w, https:\/\/terezaxavier.com.br\/wp-content\/uploads\/2023\/04\/luiz-xavier-copacabana-palace-410x632.jpg 410w, https:\/\/terezaxavier.com.br\/wp-content\/uploads\/2023\/04\/luiz-xavier-copacabana-palace-600x925.jpg 600w, https:\/\/terezaxavier.com.br\/wp-content\/uploads\/2023\/04\/luiz-xavier-copacabana-palace.jpg 1195w\" sizes=\"(max-width: 664px) 100vw, 664px\" \/>\t\t\t\t\t\t\t\t\t\t\t\t\t\t\t<\/div>\n\t\t\t\t<\/div>\n\t\t\t\t\t<\/div>\n\t\t<\/div>\n\t\t\t\t\t<\/div>\n\t\t<\/section>\n\t\t\t\t<section class=\"elementor-section elementor-top-section elementor-element elementor-element-040e9ad elementor-section-boxed elementor-section-height-default elementor-section-height-default sc_fly_static\" data-id=\"040e9ad\" data-element_type=\"section\" data-e-type=\"section\">\n\t\t\t\t\t\t<div class=\"elementor-container elementor-column-gap-extended\">\n\t\t\t\t\t<div class=\"elementor-column elementor-col-100 elementor-top-column elementor-element elementor-element-11aae62 sc_content_align_inherit sc_layouts_column_icons_position_left sc_fly_static\" data-id=\"11aae62\" data-element_type=\"column\" data-e-type=\"column\">\n\t\t\t<div class=\"elementor-widget-wrap elementor-element-populated\">\n\t\t\t\t\t\t<div class=\"elementor-element elementor-element-698a0dd sc_fly_static elementor-widget elementor-widget-spacer\" data-id=\"698a0dd\" data-element_type=\"widget\" data-e-type=\"widget\" data-widget_type=\"spacer.default\">\n\t\t\t\t<div class=\"elementor-widget-container\">\n\t\t\t\t\t\t\t<div class=\"elementor-spacer\">\n\t\t\t<div class=\"elementor-spacer-inner\"><\/div>\n\t\t<\/div>\n\t\t\t\t\t\t<\/div>\n\t\t\t\t<\/div>\n\t\t\t\t\t<\/div>\n\t\t<\/div>\n\t\t\t\t\t<\/div>\n\t\t<\/section>\n\t\t\t\t<section class=\"elementor-section elementor-top-section elementor-element elementor-element-20f9877 elementor-section-full_width elementor-section-stretched elementor-section-height-default elementor-section-height-default sc_fly_static\" data-id=\"20f9877\" data-element_type=\"section\" data-e-type=\"section\" data-settings=\"{&quot;stretch_section&quot;:&quot;section-stretched&quot;}\">\n\t\t\t\t\t\t<div class=\"elementor-container elementor-column-gap-extended\">\n\t\t\t\t\t<div class=\"elementor-column elementor-col-50 elementor-top-column elementor-element elementor-element-d133fdd sc_content_align_inherit sc_layouts_column_icons_position_left sc_fly_static\" data-id=\"d133fdd\" data-element_type=\"column\" data-e-type=\"column\">\n\t\t\t<div class=\"elementor-widget-wrap elementor-element-populated\">\n\t\t\t\t\t\t<div class=\"elementor-element elementor-element-98180a7 sc_fly_static elementor-widget elementor-widget-image\" data-id=\"98180a7\" data-element_type=\"widget\" data-e-type=\"widget\" data-widget_type=\"image.default\">\n\t\t\t\t<div class=\"elementor-widget-container\">\n\t\t\t\t\t\t\t\t\t\t\t\t\t\t\t<img loading=\"lazy\" decoding=\"async\" width=\"657\" height=\"1024\" src=\"https:\/\/terezaxavier.com.br\/wp-content\/uploads\/2023\/04\/modelo-camila-ferreira-leite-e-mae-exposicao-luz-copacabana-palace-657x1024.jpg\" class=\"attachment-large size-large wp-image-26280\" alt=\"\" srcset=\"https:\/\/terezaxavier.com.br\/wp-content\/uploads\/2023\/04\/modelo-camila-ferreira-leite-e-mae-exposicao-luz-copacabana-palace-657x1024.jpg 657w, https:\/\/terezaxavier.com.br\/wp-content\/uploads\/2023\/04\/modelo-camila-ferreira-leite-e-mae-exposicao-luz-copacabana-palace-192x300.jpg 192w, https:\/\/terezaxavier.com.br\/wp-content\/uploads\/2023\/04\/modelo-camila-ferreira-leite-e-mae-exposicao-luz-copacabana-palace-768x1197.jpg 768w, https:\/\/terezaxavier.com.br\/wp-content\/uploads\/2023\/04\/modelo-camila-ferreira-leite-e-mae-exposicao-luz-copacabana-palace-985x1536.jpg 985w, https:\/\/terezaxavier.com.br\/wp-content\/uploads\/2023\/04\/modelo-camila-ferreira-leite-e-mae-exposicao-luz-copacabana-palace-370x577.jpg 370w, https:\/\/terezaxavier.com.br\/wp-content\/uploads\/2023\/04\/modelo-camila-ferreira-leite-e-mae-exposicao-luz-copacabana-palace-840x1309.jpg 840w, https:\/\/terezaxavier.com.br\/wp-content\/uploads\/2023\/04\/modelo-camila-ferreira-leite-e-mae-exposicao-luz-copacabana-palace-410x639.jpg 410w, https:\/\/terezaxavier.com.br\/wp-content\/uploads\/2023\/04\/modelo-camila-ferreira-leite-e-mae-exposicao-luz-copacabana-palace-600x935.jpg 600w, https:\/\/terezaxavier.com.br\/wp-content\/uploads\/2023\/04\/modelo-camila-ferreira-leite-e-mae-exposicao-luz-copacabana-palace.jpg 1088w\" sizes=\"(max-width: 657px) 100vw, 657px\" \/>\t\t\t\t\t\t\t\t\t\t\t\t\t\t\t<\/div>\n\t\t\t\t<\/div>\n\t\t\t\t\t<\/div>\n\t\t<\/div>\n\t\t\t\t<div class=\"elementor-column elementor-col-50 elementor-top-column elementor-element elementor-element-7343cc6 sc_content_align_inherit sc_layouts_column_icons_position_left sc_fly_static\" data-id=\"7343cc6\" data-element_type=\"column\" data-e-type=\"column\">\n\t\t\t<div class=\"elementor-widget-wrap elementor-element-populated\">\n\t\t\t\t\t\t<div class=\"elementor-element elementor-element-114f5fd sc_fly_static elementor-widget elementor-widget-image\" data-id=\"114f5fd\" data-element_type=\"widget\" data-e-type=\"widget\" data-widget_type=\"image.default\">\n\t\t\t\t<div class=\"elementor-widget-container\">\n\t\t\t\t\t\t\t\t\t\t\t\t\t\t\t<img loading=\"lazy\" decoding=\"async\" width=\"657\" height=\"1024\" src=\"https:\/\/terezaxavier.com.br\/wp-content\/uploads\/2023\/04\/maite-proenca-colecao-luz-copacabana-palace-657x1024.jpg\" class=\"attachment-large size-large wp-image-26281\" alt=\"\" srcset=\"https:\/\/terezaxavier.com.br\/wp-content\/uploads\/2023\/04\/maite-proenca-colecao-luz-copacabana-palace-657x1024.jpg 657w, https:\/\/terezaxavier.com.br\/wp-content\/uploads\/2023\/04\/maite-proenca-colecao-luz-copacabana-palace-192x300.jpg 192w, https:\/\/terezaxavier.com.br\/wp-content\/uploads\/2023\/04\/maite-proenca-colecao-luz-copacabana-palace-768x1197.jpg 768w, https:\/\/terezaxavier.com.br\/wp-content\/uploads\/2023\/04\/maite-proenca-colecao-luz-copacabana-palace-985x1536.jpg 985w, https:\/\/terezaxavier.com.br\/wp-content\/uploads\/2023\/04\/maite-proenca-colecao-luz-copacabana-palace-370x577.jpg 370w, https:\/\/terezaxavier.com.br\/wp-content\/uploads\/2023\/04\/maite-proenca-colecao-luz-copacabana-palace-840x1309.jpg 840w, https:\/\/terezaxavier.com.br\/wp-content\/uploads\/2023\/04\/maite-proenca-colecao-luz-copacabana-palace-410x639.jpg 410w, https:\/\/terezaxavier.com.br\/wp-content\/uploads\/2023\/04\/maite-proenca-colecao-luz-copacabana-palace-600x935.jpg 600w, https:\/\/terezaxavier.com.br\/wp-content\/uploads\/2023\/04\/maite-proenca-colecao-luz-copacabana-palace.jpg 1088w\" sizes=\"(max-width: 657px) 100vw, 657px\" \/>\t\t\t\t\t\t\t\t\t\t\t\t\t\t\t<\/div>\n\t\t\t\t<\/div>\n\t\t\t\t\t<\/div>\n\t\t<\/div>\n\t\t\t\t\t<\/div>\n\t\t<\/section>\n\t\t\t\t<\/div>","protected":false},"excerpt":{"rendered":"","protected":false},"author":1,"featured_media":0,"parent":0,"menu_order":0,"comment_status":"closed","ping_status":"closed","template":"elementor_header_footer","meta":{"_joinchat":[],"footnotes":""},"class_list":["post-26247","page","type-page","status-publish","hentry"],"_hostinger_reach_plugin_has_subscription_block":false,"_hostinger_reach_plugin_is_elementor":false,"_links":{"self":[{"href":"https:\/\/terezaxavier.com.br\/en\/wp-json\/wp\/v2\/pages\/26247","targetHints":{"allow":["GET"]}}],"collection":[{"href":"https:\/\/terezaxavier.com.br\/en\/wp-json\/wp\/v2\/pages"}],"about":[{"href":"https:\/\/terezaxavier.com.br\/en\/wp-json\/wp\/v2\/types\/page"}],"author":[{"embeddable":true,"href":"https:\/\/terezaxavier.com.br\/en\/wp-json\/wp\/v2\/users\/1"}],"replies":[{"embeddable":true,"href":"https:\/\/terezaxavier.com.br\/en\/wp-json\/wp\/v2\/comments?post=26247"}],"version-history":[{"count":34,"href":"https:\/\/terezaxavier.com.br\/en\/wp-json\/wp\/v2\/pages\/26247\/revisions"}],"predecessor-version":[{"id":26287,"href":"https:\/\/terezaxavier.com.br\/en\/wp-json\/wp\/v2\/pages\/26247\/revisions\/26287"}],"wp:attachment":[{"href":"https:\/\/terezaxavier.com.br\/en\/wp-json\/wp\/v2\/media?parent=26247"}],"curies":[{"name":"wp","href":"https:\/\/api.w.org\/{rel}","templated":true}]}}