{"id":26152,"date":"2023-04-27T12:38:31","date_gmt":"2023-04-27T15:38:31","guid":{"rendered":"https:\/\/terezaxavier.com.br\/?page_id=26152"},"modified":"2023-08-11T11:29:33","modified_gmt":"2023-08-11T14:29:33","slug":"exposicao-os-novos-alquimistas-itau-cultural","status":"publish","type":"page","link":"https:\/\/terezaxavier.com.br\/en\/exposicao-os-novos-alquimistas-itau-cultural\/","title":{"rendered":"Exposi\u00e7\u00e3o Os Novos Alquimistas Ita\u00fa Cultural"},"content":{"rendered":"<div data-elementor-type=\"wp-page\" data-elementor-id=\"26152\" class=\"elementor elementor-26152\" data-elementor-post-type=\"page\">\n\t\t\t\t\t\t<section class=\"elementor-section elementor-top-section elementor-element elementor-element-f0660f4 elementor-section-full_width elementor-section-stretched elementor-section-height-default elementor-section-height-default sc_fly_static\" data-id=\"f0660f4\" data-element_type=\"section\" data-e-type=\"section\" data-settings=\"{&quot;stretch_section&quot;:&quot;section-stretched&quot;}\">\n\t\t\t\t\t\t<div class=\"elementor-container elementor-column-gap-extended\">\n\t\t\t\t\t<div class=\"elementor-column elementor-col-50 elementor-top-column elementor-element elementor-element-78b89c6 sc_content_align_inherit sc_layouts_column_icons_position_left sc_fly_static\" data-id=\"78b89c6\" data-element_type=\"column\" data-e-type=\"column\">\n\t\t\t<div class=\"elementor-widget-wrap elementor-element-populated\">\n\t\t\t\t\t\t<div class=\"elementor-element elementor-element-0515e41 sc_fly_static elementor-widget elementor-widget-image\" data-id=\"0515e41\" data-element_type=\"widget\" data-e-type=\"widget\" data-widget_type=\"image.default\">\n\t\t\t\t<div class=\"elementor-widget-container\">\n\t\t\t\t\t\t\t\t\t\t\t\t\t\t\t<img fetchpriority=\"high\" decoding=\"async\" width=\"508\" height=\"1024\" src=\"https:\/\/terezaxavier.com.br\/wp-content\/uploads\/2023\/04\/os-novos-alquimistas-itau-cultural-508x1024.jpg\" class=\"attachment-large size-large wp-image-26157\" alt=\"\" srcset=\"https:\/\/terezaxavier.com.br\/wp-content\/uploads\/2023\/04\/os-novos-alquimistas-itau-cultural-508x1024.jpg 508w, https:\/\/terezaxavier.com.br\/wp-content\/uploads\/2023\/04\/os-novos-alquimistas-itau-cultural-149x300.jpg 149w, https:\/\/terezaxavier.com.br\/wp-content\/uploads\/2023\/04\/os-novos-alquimistas-itau-cultural-768x1549.jpg 768w, https:\/\/terezaxavier.com.br\/wp-content\/uploads\/2023\/04\/os-novos-alquimistas-itau-cultural-762x1536.jpg 762w, https:\/\/terezaxavier.com.br\/wp-content\/uploads\/2023\/04\/os-novos-alquimistas-itau-cultural-1016x2048.jpg 1016w, https:\/\/terezaxavier.com.br\/wp-content\/uploads\/2023\/04\/os-novos-alquimistas-itau-cultural-370x746.jpg 370w, https:\/\/terezaxavier.com.br\/wp-content\/uploads\/2023\/04\/os-novos-alquimistas-itau-cultural-840x1694.jpg 840w, https:\/\/terezaxavier.com.br\/wp-content\/uploads\/2023\/04\/os-novos-alquimistas-itau-cultural-410x827.jpg 410w, https:\/\/terezaxavier.com.br\/wp-content\/uploads\/2023\/04\/os-novos-alquimistas-itau-cultural-600x1210.jpg 600w, https:\/\/terezaxavier.com.br\/wp-content\/uploads\/2023\/04\/os-novos-alquimistas-itau-cultural-scaled.jpg 1270w\" sizes=\"(max-width: 600px) 100vw, 508px\" \/>\t\t\t\t\t\t\t\t\t\t\t\t\t\t\t<\/div>\n\t\t\t\t<\/div>\n\t\t\t\t\t<\/div>\n\t\t<\/div>\n\t\t\t\t<div class=\"elementor-column elementor-col-50 elementor-top-column elementor-element elementor-element-991ffd1 sc_content_align_inherit sc_layouts_column_icons_position_left sc_fly_static\" data-id=\"991ffd1\" data-element_type=\"column\" data-e-type=\"column\">\n\t\t\t<div class=\"elementor-widget-wrap elementor-element-populated\">\n\t\t\t\t\t\t<div class=\"elementor-element elementor-element-1365fc6 sc_fly_static elementor-widget elementor-widget-text-editor\" data-id=\"1365fc6\" data-element_type=\"widget\" data-e-type=\"widget\" data-widget_type=\"text-editor.default\">\n\t\t\t\t<div class=\"elementor-widget-container\">\n\t\t\t\t\t\t\t\t\t<blockquote><p style=\"text-align: center;\"><strong>S\u00e3o Paulo<\/strong><\/p><\/blockquote>\t\t\t\t\t\t\t\t<\/div>\n\t\t\t\t<\/div>\n\t\t\t\t<div class=\"elementor-element elementor-element-0da80f2 sc_fly_static elementor-widget elementor-widget-spacer\" data-id=\"0da80f2\" data-element_type=\"widget\" data-e-type=\"widget\" data-widget_type=\"spacer.default\">\n\t\t\t\t<div class=\"elementor-widget-container\">\n\t\t\t\t\t\t\t<div class=\"elementor-spacer\">\n\t\t\t<div class=\"elementor-spacer-inner\"><\/div>\n\t\t<\/div>\n\t\t\t\t\t\t<\/div>\n\t\t\t\t<\/div>\n\t\t\t\t<div class=\"elementor-element elementor-element-c2b33c2 sc_fly_static elementor-widget elementor-widget-text-editor\" data-id=\"c2b33c2\" data-element_type=\"widget\" data-e-type=\"widget\" data-widget_type=\"text-editor.default\">\n\t\t\t\t<div class=\"elementor-widget-container\">\n\t\t\t\t\t\t\t\t\t<blockquote><p style=\"text-align: center;\"><strong>Lorem ipsum dolor sit amet, consectetur adipiscing elit. Ut elit tellus, luctus nec ullamcorper mattis, pulvinar dapibus leo.<\/strong><\/p><\/blockquote>\t\t\t\t\t\t\t\t<\/div>\n\t\t\t\t<\/div>\n\t\t\t\t<div class=\"elementor-element elementor-element-83aa254 sc_fly_static elementor-widget elementor-widget-text-editor\" data-id=\"83aa254\" data-element_type=\"widget\" data-e-type=\"widget\" data-widget_type=\"text-editor.default\">\n\t\t\t\t<div class=\"elementor-widget-container\">\n\t\t\t\t\t\t\t\t\t<blockquote><p style=\"text-align: center;\"><strong>Belo Horizonte<\/strong><\/p><\/blockquote>\t\t\t\t\t\t\t\t<\/div>\n\t\t\t\t<\/div>\n\t\t\t\t<div class=\"elementor-element elementor-element-778496a sc_fly_static elementor-widget elementor-widget-text-editor\" data-id=\"778496a\" data-element_type=\"widget\" data-e-type=\"widget\" data-widget_type=\"text-editor.default\">\n\t\t\t\t<div class=\"elementor-widget-container\">\n\t\t\t\t\t\t\t\t\t<blockquote><p style=\"text-align: center;\"><strong>Lorem ipsum dolor sit amet, consectetur adipiscing elit. Ut elit tellus, luctus nec ullamcorper mattis, pulvinar dapibus leo.<\/strong><\/p><\/blockquote>\t\t\t\t\t\t\t\t<\/div>\n\t\t\t\t<\/div>\n\t\t\t\t<div class=\"elementor-element elementor-element-cf7a39a elementor-align-center sc_fly_static elementor-widget elementor-widget-button\" data-id=\"cf7a39a\" data-element_type=\"widget\" data-e-type=\"widget\" data-widget_type=\"button.default\">\n\t\t\t\t<div class=\"elementor-widget-container\">\n\t\t\t\t\t\t\t\t\t<div class=\"elementor-button-wrapper\">\n\t\t\t\t\t<a class=\"elementor-button elementor-button-link elementor-size-sm\" href=\"https:\/\/enciclopedia.itaucultural.org.br\/pessoa26124\/tereza-xavier\">\n\t\t\t\t\t\t<span class=\"elementor-button-content-wrapper\">\n\t\t\t\t\t\t\t\t\t<span class=\"elementor-button-text\">LINK ITA\u00da CULTURAL<\/span>\n\t\t\t\t\t<\/span>\n\t\t\t\t\t<\/a>\n\t\t\t\t<\/div>\n\t\t\t\t\t\t\t\t<\/div>\n\t\t\t\t<\/div>\n\t\t\t\t\t<\/div>\n\t\t<\/div>\n\t\t\t\t\t<\/div>\n\t\t<\/section>\n\t\t\t\t<section class=\"elementor-section elementor-top-section elementor-element elementor-element-0d3f7c9 elementor-section-boxed elementor-section-height-default elementor-section-height-default sc_fly_static\" data-id=\"0d3f7c9\" data-element_type=\"section\" data-e-type=\"section\">\n\t\t\t\t\t\t<div class=\"elementor-container elementor-column-gap-extended\">\n\t\t\t\t\t<div class=\"elementor-column elementor-col-100 elementor-top-column elementor-element elementor-element-ef3d8eb sc_content_align_inherit sc_layouts_column_icons_position_left sc_fly_static\" data-id=\"ef3d8eb\" data-element_type=\"column\" data-e-type=\"column\">\n\t\t\t<div class=\"elementor-widget-wrap elementor-element-populated\">\n\t\t\t\t\t\t<div class=\"elementor-element elementor-element-f3781c2 sc_fly_static elementor-widget elementor-widget-spacer\" data-id=\"f3781c2\" data-element_type=\"widget\" data-e-type=\"widget\" data-widget_type=\"spacer.default\">\n\t\t\t\t<div class=\"elementor-widget-container\">\n\t\t\t\t\t\t\t<div class=\"elementor-spacer\">\n\t\t\t<div class=\"elementor-spacer-inner\"><\/div>\n\t\t<\/div>\n\t\t\t\t\t\t<\/div>\n\t\t\t\t<\/div>\n\t\t\t\t\t<\/div>\n\t\t<\/div>\n\t\t\t\t\t<\/div>\n\t\t<\/section>\n\t\t\t\t<section class=\"elementor-section elementor-top-section elementor-element elementor-element-af5e874 elementor-section-full_width elementor-section-stretched elementor-section-height-default elementor-section-height-default sc_fly_static\" data-id=\"af5e874\" data-element_type=\"section\" data-e-type=\"section\" data-settings=\"{&quot;stretch_section&quot;:&quot;section-stretched&quot;}\">\n\t\t\t\t\t\t<div class=\"elementor-container elementor-column-gap-extended\">\n\t\t\t\t\t<div class=\"elementor-column elementor-col-100 elementor-top-column elementor-element elementor-element-aa0504f sc_content_align_inherit sc_layouts_column_icons_position_left sc_fly_static\" data-id=\"aa0504f\" data-element_type=\"column\" data-e-type=\"column\">\n\t\t\t<div class=\"elementor-widget-wrap elementor-element-populated\">\n\t\t\t\t\t\t<div class=\"elementor-element elementor-element-c2f0b82 sc_fly_static elementor-widget elementor-widget-image\" data-id=\"c2f0b82\" data-element_type=\"widget\" data-e-type=\"widget\" data-widget_type=\"image.default\">\n\t\t\t\t<div class=\"elementor-widget-container\">\n\t\t\t\t\t\t\t\t\t\t\t\t\t\t\t<img decoding=\"async\" width=\"1024\" height=\"1018\" src=\"https:\/\/terezaxavier.com.br\/wp-content\/uploads\/2023\/04\/editorial-os-novos-alquimistas-itau-cultural-1024x1018.jpg\" class=\"attachment-large size-large wp-image-26161\" alt=\"\" srcset=\"https:\/\/terezaxavier.com.br\/wp-content\/uploads\/2023\/04\/editorial-os-novos-alquimistas-itau-cultural-1024x1018.jpg 1024w, https:\/\/terezaxavier.com.br\/wp-content\/uploads\/2023\/04\/editorial-os-novos-alquimistas-itau-cultural-300x298.jpg 300w, https:\/\/terezaxavier.com.br\/wp-content\/uploads\/2023\/04\/editorial-os-novos-alquimistas-itau-cultural-150x150.jpg 150w, https:\/\/terezaxavier.com.br\/wp-content\/uploads\/2023\/04\/editorial-os-novos-alquimistas-itau-cultural-768x764.jpg 768w, https:\/\/terezaxavier.com.br\/wp-content\/uploads\/2023\/04\/editorial-os-novos-alquimistas-itau-cultural-1536x1527.jpg 1536w, https:\/\/terezaxavier.com.br\/wp-content\/uploads\/2023\/04\/editorial-os-novos-alquimistas-itau-cultural-2048x2036.jpg 2048w, https:\/\/terezaxavier.com.br\/wp-content\/uploads\/2023\/04\/editorial-os-novos-alquimistas-itau-cultural-370x368.jpg 370w, https:\/\/terezaxavier.com.br\/wp-content\/uploads\/2023\/04\/editorial-os-novos-alquimistas-itau-cultural-120x120.jpg 120w, https:\/\/terezaxavier.com.br\/wp-content\/uploads\/2023\/04\/editorial-os-novos-alquimistas-itau-cultural-840x835.jpg 840w, https:\/\/terezaxavier.com.br\/wp-content\/uploads\/2023\/04\/editorial-os-novos-alquimistas-itau-cultural-410x408.jpg 410w, https:\/\/terezaxavier.com.br\/wp-content\/uploads\/2023\/04\/editorial-os-novos-alquimistas-itau-cultural-600x597.jpg 600w\" sizes=\"(max-width: 1024px) 100vw, 1024px\" \/>\t\t\t\t\t\t\t\t\t\t\t\t\t\t\t<\/div>\n\t\t\t\t<\/div>\n\t\t\t\t\t<\/div>\n\t\t<\/div>\n\t\t\t\t\t<\/div>\n\t\t<\/section>\n\t\t\t\t<\/div>","protected":false},"excerpt":{"rendered":"<p>S\u00e3o Paulo Lorem ipsum dolor sit amet, consectetur adipiscing elit. Ut elit tellus, luctus nec ullamcorper mattis, pulvinar dapibus leo. Belo Horizonte Lorem ipsum dolor sit amet, consectetur adipiscing elit.&hellip;<\/p>","protected":false},"author":1,"featured_media":0,"parent":0,"menu_order":0,"comment_status":"closed","ping_status":"closed","template":"elementor_header_footer","meta":{"_joinchat":[],"footnotes":""},"class_list":["post-26152","page","type-page","status-publish","hentry"],"_hostinger_reach_plugin_has_subscription_block":false,"_hostinger_reach_plugin_is_elementor":false,"_links":{"self":[{"href":"https:\/\/terezaxavier.com.br\/en\/wp-json\/wp\/v2\/pages\/26152","targetHints":{"allow":["GET"]}}],"collection":[{"href":"https:\/\/terezaxavier.com.br\/en\/wp-json\/wp\/v2\/pages"}],"about":[{"href":"https:\/\/terezaxavier.com.br\/en\/wp-json\/wp\/v2\/types\/page"}],"author":[{"embeddable":true,"href":"https:\/\/terezaxavier.com.br\/en\/wp-json\/wp\/v2\/users\/1"}],"replies":[{"embeddable":true,"href":"https:\/\/terezaxavier.com.br\/en\/wp-json\/wp\/v2\/comments?post=26152"}],"version-history":[{"count":28,"href":"https:\/\/terezaxavier.com.br\/en\/wp-json\/wp\/v2\/pages\/26152\/revisions"}],"predecessor-version":[{"id":34299,"href":"https:\/\/terezaxavier.com.br\/en\/wp-json\/wp\/v2\/pages\/26152\/revisions\/34299"}],"wp:attachment":[{"href":"https:\/\/terezaxavier.com.br\/en\/wp-json\/wp\/v2\/media?parent=26152"}],"curies":[{"name":"wp","href":"https:\/\/api.w.org\/{rel}","templated":true}]}}