{"id":26108,"date":"2023-04-26T18:39:17","date_gmt":"2023-04-26T21:39:17","guid":{"rendered":"https:\/\/terezaxavier.com.br\/?page_id=26108"},"modified":"2023-04-27T12:37:34","modified_gmt":"2023-04-27T15:37:34","slug":"exposicao-e-tempo-de-brasil-carroussel-du-louvre-paris-franca","status":"publish","type":"page","link":"https:\/\/terezaxavier.com.br\/en\/exposicao-e-tempo-de-brasil-carroussel-du-louvre-paris-franca\/","title":{"rendered":"Exposi\u00e7\u00e3o \u00c9 Tempo de Brasil Carroussel Du Louvre Paris Fran\u00e7a"},"content":{"rendered":"<div data-elementor-type=\"wp-page\" data-elementor-id=\"26108\" class=\"elementor elementor-26108\" data-elementor-post-type=\"page\">\n\t\t\t\t\t\t<section class=\"elementor-section elementor-top-section elementor-element elementor-element-1edf12a elementor-section-full_width elementor-section-stretched elementor-section-height-default elementor-section-height-default sc_fly_static\" data-id=\"1edf12a\" data-element_type=\"section\" data-e-type=\"section\" data-settings=\"{&quot;stretch_section&quot;:&quot;section-stretched&quot;}\">\n\t\t\t\t\t\t<div class=\"elementor-container elementor-column-gap-extended\">\n\t\t\t\t\t<div class=\"elementor-column elementor-col-100 elementor-top-column elementor-element elementor-element-9d75e12 sc_content_align_inherit sc_layouts_column_icons_position_left sc_fly_static\" data-id=\"9d75e12\" data-element_type=\"column\" data-e-type=\"column\">\n\t\t\t<div class=\"elementor-widget-wrap elementor-element-populated\">\n\t\t\t\t\t\t<div class=\"elementor-element elementor-element-f4aca34 sc_fly_static elementor-widget elementor-widget-image\" data-id=\"f4aca34\" data-element_type=\"widget\" data-e-type=\"widget\" data-widget_type=\"image.default\">\n\t\t\t\t<div class=\"elementor-widget-container\">\n\t\t\t\t\t\t\t\t\t\t\t\t\t\t\t<img fetchpriority=\"high\" decoding=\"async\" width=\"1024\" height=\"683\" src=\"https:\/\/terezaxavier.com.br\/wp-content\/uploads\/2023\/04\/Exposicao-e-Tempo-de-Brasil-Carroussel-Du-Louvre-Paris-Franca-1024x683.jpg\" class=\"attachment-large size-large wp-image-26117\" alt=\"\" srcset=\"https:\/\/terezaxavier.com.br\/wp-content\/uploads\/2023\/04\/Exposicao-e-Tempo-de-Brasil-Carroussel-Du-Louvre-Paris-Franca-1024x683.jpg 1024w, https:\/\/terezaxavier.com.br\/wp-content\/uploads\/2023\/04\/Exposicao-e-Tempo-de-Brasil-Carroussel-Du-Louvre-Paris-Franca-300x200.jpg 300w, https:\/\/terezaxavier.com.br\/wp-content\/uploads\/2023\/04\/Exposicao-e-Tempo-de-Brasil-Carroussel-Du-Louvre-Paris-Franca-768x512.jpg 768w, https:\/\/terezaxavier.com.br\/wp-content\/uploads\/2023\/04\/Exposicao-e-Tempo-de-Brasil-Carroussel-Du-Louvre-Paris-Franca-1536x1025.jpg 1536w, https:\/\/terezaxavier.com.br\/wp-content\/uploads\/2023\/04\/Exposicao-e-Tempo-de-Brasil-Carroussel-Du-Louvre-Paris-Franca-2048x1367.jpg 2048w, https:\/\/terezaxavier.com.br\/wp-content\/uploads\/2023\/04\/Exposicao-e-Tempo-de-Brasil-Carroussel-Du-Louvre-Paris-Franca-370x247.jpg 370w, https:\/\/terezaxavier.com.br\/wp-content\/uploads\/2023\/04\/Exposicao-e-Tempo-de-Brasil-Carroussel-Du-Louvre-Paris-Franca-840x561.jpg 840w, https:\/\/terezaxavier.com.br\/wp-content\/uploads\/2023\/04\/Exposicao-e-Tempo-de-Brasil-Carroussel-Du-Louvre-Paris-Franca-410x274.jpg 410w, https:\/\/terezaxavier.com.br\/wp-content\/uploads\/2023\/04\/Exposicao-e-Tempo-de-Brasil-Carroussel-Du-Louvre-Paris-Franca-600x400.jpg 600w\" sizes=\"(max-width: 1024px) 100vw, 1024px\" \/>\t\t\t\t\t\t\t\t\t\t\t\t\t\t\t<\/div>\n\t\t\t\t<\/div>\n\t\t\t\t\t<\/div>\n\t\t<\/div>\n\t\t\t\t\t<\/div>\n\t\t<\/section>\n\t\t\t\t<section class=\"elementor-section elementor-top-section elementor-element elementor-element-388a2b8 elementor-section-boxed elementor-section-height-default elementor-section-height-default sc_fly_static\" data-id=\"388a2b8\" data-element_type=\"section\" data-e-type=\"section\">\n\t\t\t\t\t\t<div class=\"elementor-container elementor-column-gap-extended\">\n\t\t\t\t\t<div class=\"elementor-column elementor-col-100 elementor-top-column elementor-element elementor-element-98368bf sc_content_align_inherit sc_layouts_column_icons_position_left sc_fly_static\" data-id=\"98368bf\" data-element_type=\"column\" data-e-type=\"column\">\n\t\t\t<div class=\"elementor-widget-wrap elementor-element-populated\">\n\t\t\t\t\t\t<div class=\"elementor-element elementor-element-89df0fc sc_fly_static elementor-widget elementor-widget-spacer\" data-id=\"89df0fc\" data-element_type=\"widget\" data-e-type=\"widget\" data-widget_type=\"spacer.default\">\n\t\t\t\t<div class=\"elementor-widget-container\">\n\t\t\t\t\t\t\t<div class=\"elementor-spacer\">\n\t\t\t<div class=\"elementor-spacer-inner\"><\/div>\n\t\t<\/div>\n\t\t\t\t\t\t<\/div>\n\t\t\t\t<\/div>\n\t\t\t\t<div class=\"elementor-element elementor-element-fd0a6e8 sc_fly_static elementor-widget elementor-widget-text-editor\" data-id=\"fd0a6e8\" data-element_type=\"widget\" data-e-type=\"widget\" data-widget_type=\"text-editor.default\">\n\t\t\t\t<div class=\"elementor-widget-container\">\n\t\t\t\t\t\t\t\t\t<blockquote><p style=\"text-align: center;\"><strong>Tereza Xavier recebendo Yolande e Jean Castel na exposi\u00e7\u00e3o C&#8217;est L&#8217;Heure du Br\u00e9sil em Paris, Fran\u00e7a.\u00a0<\/strong><\/p><\/blockquote>\t\t\t\t\t\t\t\t<\/div>\n\t\t\t\t<\/div>\n\t\t\t\t<div class=\"elementor-element elementor-element-4272bd8 sc_fly_static elementor-widget elementor-widget-spacer\" data-id=\"4272bd8\" data-element_type=\"widget\" data-e-type=\"widget\" data-widget_type=\"spacer.default\">\n\t\t\t\t<div class=\"elementor-widget-container\">\n\t\t\t\t\t\t\t<div class=\"elementor-spacer\">\n\t\t\t<div class=\"elementor-spacer-inner\"><\/div>\n\t\t<\/div>\n\t\t\t\t\t\t<\/div>\n\t\t\t\t<\/div>\n\t\t\t\t\t<\/div>\n\t\t<\/div>\n\t\t\t\t\t<\/div>\n\t\t<\/section>\n\t\t\t\t<section class=\"elementor-section elementor-top-section elementor-element elementor-element-912747e elementor-section-boxed elementor-section-height-default elementor-section-height-default sc_fly_static\" data-id=\"912747e\" data-element_type=\"section\" data-e-type=\"section\">\n\t\t\t\t\t\t<div class=\"elementor-container elementor-column-gap-extended\">\n\t\t\t\t\t<div class=\"elementor-column elementor-col-33 elementor-top-column elementor-element elementor-element-fac4a80 sc_content_align_inherit sc_layouts_column_icons_position_left sc_fly_static\" data-id=\"fac4a80\" data-element_type=\"column\" data-e-type=\"column\">\n\t\t\t<div class=\"elementor-widget-wrap\">\n\t\t\t\t\t\t\t<\/div>\n\t\t<\/div>\n\t\t\t\t<div class=\"elementor-column elementor-col-33 elementor-top-column elementor-element elementor-element-d63eeb3 sc_content_align_inherit sc_layouts_column_icons_position_left sc_fly_static\" data-id=\"d63eeb3\" data-element_type=\"column\" data-e-type=\"column\">\n\t\t\t<div class=\"elementor-widget-wrap elementor-element-populated\">\n\t\t\t\t\t\t<div class=\"elementor-element elementor-element-6a94ad5 sc_fly_static elementor-widget elementor-widget-image\" data-id=\"6a94ad5\" data-element_type=\"widget\" data-e-type=\"widget\" data-widget_type=\"image.default\">\n\t\t\t\t<div class=\"elementor-widget-container\">\n\t\t\t\t\t\t\t\t\t\t\t\t\t\t\t<img decoding=\"async\" width=\"359\" height=\"1024\" src=\"https:\/\/terezaxavier.com.br\/wp-content\/uploads\/2023\/04\/cest-lheure-du-bresil-e-tempo-de-brasil-359x1024.jpg\" class=\"attachment-large size-large wp-image-26128\" alt=\"\" srcset=\"https:\/\/terezaxavier.com.br\/wp-content\/uploads\/2023\/04\/cest-lheure-du-bresil-e-tempo-de-brasil-359x1024.jpg 359w, https:\/\/terezaxavier.com.br\/wp-content\/uploads\/2023\/04\/cest-lheure-du-bresil-e-tempo-de-brasil-105x300.jpg 105w, https:\/\/terezaxavier.com.br\/wp-content\/uploads\/2023\/04\/cest-lheure-du-bresil-e-tempo-de-brasil-768x2190.jpg 768w, https:\/\/terezaxavier.com.br\/wp-content\/uploads\/2023\/04\/cest-lheure-du-bresil-e-tempo-de-brasil-539x1536.jpg 539w, https:\/\/terezaxavier.com.br\/wp-content\/uploads\/2023\/04\/cest-lheure-du-bresil-e-tempo-de-brasil-718x2048.jpg 718w, https:\/\/terezaxavier.com.br\/wp-content\/uploads\/2023\/04\/cest-lheure-du-bresil-e-tempo-de-brasil-370x1055.jpg 370w, https:\/\/terezaxavier.com.br\/wp-content\/uploads\/2023\/04\/cest-lheure-du-bresil-e-tempo-de-brasil-840x2396.jpg 840w, https:\/\/terezaxavier.com.br\/wp-content\/uploads\/2023\/04\/cest-lheure-du-bresil-e-tempo-de-brasil-410x1169.jpg 410w, https:\/\/terezaxavier.com.br\/wp-content\/uploads\/2023\/04\/cest-lheure-du-bresil-e-tempo-de-brasil-600x1711.jpg 600w, https:\/\/terezaxavier.com.br\/wp-content\/uploads\/2023\/04\/cest-lheure-du-bresil-e-tempo-de-brasil-scaled.jpg 898w\" sizes=\"(max-width: 600px) 100vw, 359px\" \/>\t\t\t\t\t\t\t\t\t\t\t\t\t\t\t<\/div>\n\t\t\t\t<\/div>\n\t\t\t\t\t<\/div>\n\t\t<\/div>\n\t\t\t\t<div class=\"elementor-column elementor-col-33 elementor-top-column elementor-element elementor-element-44ccebd sc_content_align_inherit sc_layouts_column_icons_position_left sc_fly_static\" data-id=\"44ccebd\" data-element_type=\"column\" data-e-type=\"column\">\n\t\t\t<div class=\"elementor-widget-wrap\">\n\t\t\t\t\t\t\t<\/div>\n\t\t<\/div>\n\t\t\t\t\t<\/div>\n\t\t<\/section>\n\t\t\t\t<section class=\"elementor-section elementor-top-section elementor-element elementor-element-f5fcd40 elementor-section-boxed elementor-section-height-default elementor-section-height-default sc_fly_static\" data-id=\"f5fcd40\" data-element_type=\"section\" data-e-type=\"section\">\n\t\t\t\t\t\t<div class=\"elementor-container elementor-column-gap-extended\">\n\t\t\t\t\t<div class=\"elementor-column elementor-col-100 elementor-top-column elementor-element elementor-element-7193646 sc_content_align_inherit sc_layouts_column_icons_position_left sc_fly_static\" data-id=\"7193646\" data-element_type=\"column\" data-e-type=\"column\">\n\t\t\t<div class=\"elementor-widget-wrap elementor-element-populated\">\n\t\t\t\t\t\t<div class=\"elementor-element elementor-element-32f0dd6 sc_fly_static elementor-widget elementor-widget-spacer\" data-id=\"32f0dd6\" data-element_type=\"widget\" data-e-type=\"widget\" data-widget_type=\"spacer.default\">\n\t\t\t\t<div class=\"elementor-widget-container\">\n\t\t\t\t\t\t\t<div class=\"elementor-spacer\">\n\t\t\t<div class=\"elementor-spacer-inner\"><\/div>\n\t\t<\/div>\n\t\t\t\t\t\t<\/div>\n\t\t\t\t<\/div>\n\t\t\t\t\t<\/div>\n\t\t<\/div>\n\t\t\t\t\t<\/div>\n\t\t<\/section>\n\t\t\t\t<section class=\"elementor-section elementor-top-section elementor-element elementor-element-25021e9 elementor-section-boxed elementor-section-height-default elementor-section-height-default sc_fly_static\" data-id=\"25021e9\" data-element_type=\"section\" data-e-type=\"section\">\n\t\t\t\t\t\t<div class=\"elementor-container elementor-column-gap-extended\">\n\t\t\t\t\t<div class=\"elementor-column elementor-col-50 elementor-top-column elementor-element elementor-element-0c85897 sc_content_align_inherit sc_layouts_column_icons_position_left sc_fly_static\" data-id=\"0c85897\" data-element_type=\"column\" data-e-type=\"column\">\n\t\t\t<div class=\"elementor-widget-wrap elementor-element-populated\">\n\t\t\t\t\t\t<div class=\"elementor-element elementor-element-c03e231 sc_fly_static elementor-widget elementor-widget-image\" data-id=\"c03e231\" data-element_type=\"widget\" data-e-type=\"widget\" data-widget_type=\"image.default\">\n\t\t\t\t<div class=\"elementor-widget-container\">\n\t\t\t\t\t\t\t\t\t\t\t\t\t\t\t<img decoding=\"async\" width=\"666\" height=\"1024\" src=\"https:\/\/terezaxavier.com.br\/wp-content\/uploads\/2023\/04\/tereza-xavier-amazonia-666x1024.jpg\" class=\"attachment-large size-large wp-image-26135\" alt=\"\" srcset=\"https:\/\/terezaxavier.com.br\/wp-content\/uploads\/2023\/04\/tereza-xavier-amazonia-666x1024.jpg 666w, https:\/\/terezaxavier.com.br\/wp-content\/uploads\/2023\/04\/tereza-xavier-amazonia-195x300.jpg 195w, https:\/\/terezaxavier.com.br\/wp-content\/uploads\/2023\/04\/tereza-xavier-amazonia-768x1180.jpg 768w, https:\/\/terezaxavier.com.br\/wp-content\/uploads\/2023\/04\/tereza-xavier-amazonia-1000x1536.jpg 1000w, https:\/\/terezaxavier.com.br\/wp-content\/uploads\/2023\/04\/tereza-xavier-amazonia-370x569.jpg 370w, https:\/\/terezaxavier.com.br\/wp-content\/uploads\/2023\/04\/tereza-xavier-amazonia-840x1291.jpg 840w, https:\/\/terezaxavier.com.br\/wp-content\/uploads\/2023\/04\/tereza-xavier-amazonia-410x630.jpg 410w, https:\/\/terezaxavier.com.br\/wp-content\/uploads\/2023\/04\/tereza-xavier-amazonia-600x922.jpg 600w, https:\/\/terezaxavier.com.br\/wp-content\/uploads\/2023\/04\/tereza-xavier-amazonia.jpg 1299w\" sizes=\"(max-width: 666px) 100vw, 666px\" \/>\t\t\t\t\t\t\t\t\t\t\t\t\t\t\t<\/div>\n\t\t\t\t<\/div>\n\t\t\t\t\t<\/div>\n\t\t<\/div>\n\t\t\t\t<div class=\"elementor-column elementor-col-50 elementor-top-column elementor-element elementor-element-b091f02 sc_content_align_inherit sc_layouts_column_icons_position_left sc_fly_static\" data-id=\"b091f02\" data-element_type=\"column\" data-e-type=\"column\">\n\t\t\t<div class=\"elementor-widget-wrap elementor-element-populated\">\n\t\t\t\t\t\t<div class=\"elementor-element elementor-element-f64836e sc_fly_static elementor-widget elementor-widget-text-editor\" data-id=\"f64836e\" data-element_type=\"widget\" data-e-type=\"widget\" data-widget_type=\"text-editor.default\">\n\t\t\t\t<div class=\"elementor-widget-container\">\n\t\t\t\t\t\t\t\t\t<blockquote><p><strong>Lorem ipsum dolor sit amet, consectetur adipiscing elit. Ut elit tellus, luctus nec ullamcorper mattis, pulvinar dapibus leo.<\/strong><\/p><\/blockquote>\t\t\t\t\t\t\t\t<\/div>\n\t\t\t\t<\/div>\n\t\t\t\t\t<\/div>\n\t\t<\/div>\n\t\t\t\t\t<\/div>\n\t\t<\/section>\n\t\t\t\t<section class=\"elementor-section elementor-top-section elementor-element elementor-element-f373757 elementor-section-boxed elementor-section-height-default elementor-section-height-default sc_fly_static\" data-id=\"f373757\" data-element_type=\"section\" data-e-type=\"section\">\n\t\t\t\t\t\t<div class=\"elementor-container elementor-column-gap-extended\">\n\t\t\t\t\t<div class=\"elementor-column elementor-col-100 elementor-top-column elementor-element elementor-element-377aba0 sc_content_align_inherit sc_layouts_column_icons_position_left sc_fly_static\" data-id=\"377aba0\" data-element_type=\"column\" data-e-type=\"column\">\n\t\t\t<div class=\"elementor-widget-wrap elementor-element-populated\">\n\t\t\t\t\t\t<div class=\"elementor-element elementor-element-5a35e2b sc_fly_static elementor-widget elementor-widget-spacer\" data-id=\"5a35e2b\" data-element_type=\"widget\" data-e-type=\"widget\" data-widget_type=\"spacer.default\">\n\t\t\t\t<div class=\"elementor-widget-container\">\n\t\t\t\t\t\t\t<div class=\"elementor-spacer\">\n\t\t\t<div class=\"elementor-spacer-inner\"><\/div>\n\t\t<\/div>\n\t\t\t\t\t\t<\/div>\n\t\t\t\t<\/div>\n\t\t\t\t\t<\/div>\n\t\t<\/div>\n\t\t\t\t\t<\/div>\n\t\t<\/section>\n\t\t\t\t<section class=\"elementor-section elementor-top-section elementor-element elementor-element-2694f53 elementor-section-full_width elementor-section-stretched elementor-section-height-default elementor-section-height-default sc_fly_static\" data-id=\"2694f53\" data-element_type=\"section\" data-e-type=\"section\" data-settings=\"{&quot;stretch_section&quot;:&quot;section-stretched&quot;}\">\n\t\t\t\t\t\t<div class=\"elementor-container elementor-column-gap-extended\">\n\t\t\t\t\t<div class=\"elementor-column elementor-col-100 elementor-top-column elementor-element elementor-element-854dc70 sc_content_align_inherit sc_layouts_column_icons_position_left sc_fly_static\" data-id=\"854dc70\" data-element_type=\"column\" data-e-type=\"column\">\n\t\t\t<div class=\"elementor-widget-wrap elementor-element-populated\">\n\t\t\t\t\t\t<div class=\"elementor-element elementor-element-5cc865c sc_fly_static elementor-widget elementor-widget-image\" data-id=\"5cc865c\" data-element_type=\"widget\" data-e-type=\"widget\" data-widget_type=\"image.default\">\n\t\t\t\t<div class=\"elementor-widget-container\">\n\t\t\t\t\t\t\t\t\t\t\t\t\t\t\t<img loading=\"lazy\" decoding=\"async\" width=\"1024\" height=\"536\" src=\"https:\/\/terezaxavier.com.br\/wp-content\/uploads\/2023\/04\/e-tempo-de-brasil-paris-franca-1024x536.jpg\" class=\"attachment-large size-large wp-image-26139\" alt=\"\" srcset=\"https:\/\/terezaxavier.com.br\/wp-content\/uploads\/2023\/04\/e-tempo-de-brasil-paris-franca-1024x536.jpg 1024w, https:\/\/terezaxavier.com.br\/wp-content\/uploads\/2023\/04\/e-tempo-de-brasil-paris-franca-300x157.jpg 300w, https:\/\/terezaxavier.com.br\/wp-content\/uploads\/2023\/04\/e-tempo-de-brasil-paris-franca-768x402.jpg 768w, https:\/\/terezaxavier.com.br\/wp-content\/uploads\/2023\/04\/e-tempo-de-brasil-paris-franca-1536x804.jpg 1536w, https:\/\/terezaxavier.com.br\/wp-content\/uploads\/2023\/04\/e-tempo-de-brasil-paris-franca-2048x1072.jpg 2048w, https:\/\/terezaxavier.com.br\/wp-content\/uploads\/2023\/04\/e-tempo-de-brasil-paris-franca-370x194.jpg 370w, https:\/\/terezaxavier.com.br\/wp-content\/uploads\/2023\/04\/e-tempo-de-brasil-paris-franca-840x440.jpg 840w, https:\/\/terezaxavier.com.br\/wp-content\/uploads\/2023\/04\/e-tempo-de-brasil-paris-franca-410x215.jpg 410w, https:\/\/terezaxavier.com.br\/wp-content\/uploads\/2023\/04\/e-tempo-de-brasil-paris-franca-600x314.jpg 600w\" sizes=\"(max-width: 1024px) 100vw, 1024px\" \/>\t\t\t\t\t\t\t\t\t\t\t\t\t\t\t<\/div>\n\t\t\t\t<\/div>\n\t\t\t\t\t<\/div>\n\t\t<\/div>\n\t\t\t\t\t<\/div>\n\t\t<\/section>\n\t\t\t\t<\/div>","protected":false},"excerpt":{"rendered":"<p>Tereza Xavier recebendo Yolande e Jean Castel na exposi\u00e7\u00e3o C&#8217;est L&#8217;Heure du Br\u00e9sil em Paris, Fran\u00e7a.\u00a0 Lorem ipsum dolor sit amet, consectetur adipiscing elit. Ut elit tellus, luctus nec ullamcorper&hellip;<\/p>","protected":false},"author":1,"featured_media":0,"parent":0,"menu_order":0,"comment_status":"closed","ping_status":"closed","template":"elementor_header_footer","meta":{"_joinchat":[],"footnotes":""},"class_list":["post-26108","page","type-page","status-publish","hentry"],"_hostinger_reach_plugin_has_subscription_block":false,"_hostinger_reach_plugin_is_elementor":false,"_links":{"self":[{"href":"https:\/\/terezaxavier.com.br\/en\/wp-json\/wp\/v2\/pages\/26108","targetHints":{"allow":["GET"]}}],"collection":[{"href":"https:\/\/terezaxavier.com.br\/en\/wp-json\/wp\/v2\/pages"}],"about":[{"href":"https:\/\/terezaxavier.com.br\/en\/wp-json\/wp\/v2\/types\/page"}],"author":[{"embeddable":true,"href":"https:\/\/terezaxavier.com.br\/en\/wp-json\/wp\/v2\/users\/1"}],"replies":[{"embeddable":true,"href":"https:\/\/terezaxavier.com.br\/en\/wp-json\/wp\/v2\/comments?post=26108"}],"version-history":[{"count":39,"href":"https:\/\/terezaxavier.com.br\/en\/wp-json\/wp\/v2\/pages\/26108\/revisions"}],"predecessor-version":[{"id":26151,"href":"https:\/\/terezaxavier.com.br\/en\/wp-json\/wp\/v2\/pages\/26108\/revisions\/26151"}],"wp:attachment":[{"href":"https:\/\/terezaxavier.com.br\/en\/wp-json\/wp\/v2\/media?parent=26108"}],"curies":[{"name":"wp","href":"https:\/\/api.w.org\/{rel}","templated":true}]}}