{"id":25812,"date":"2023-04-20T13:31:23","date_gmt":"2023-04-20T16:31:23","guid":{"rendered":"https:\/\/terezaxavier.com.br\/?page_id=25812"},"modified":"2025-05-07T14:39:12","modified_gmt":"2025-05-07T17:39:12","slug":"premios-tereza-xavier","status":"publish","type":"page","link":"https:\/\/terezaxavier.com.br\/en\/premios-tereza-xavier\/","title":{"rendered":"Pr\u00eamios Tereza Xavier"},"content":{"rendered":"<div data-elementor-type=\"wp-page\" data-elementor-id=\"25812\" class=\"elementor elementor-25812\" data-elementor-post-type=\"page\">\n\t\t\t\t\t\t<section class=\"elementor-section-with-custom-width elementor-section elementor-top-section elementor-element elementor-element-3a62f85 elementor-section-full_width elementor-section-stretched elementor-section-height-default elementor-section-height-default sc_fly_static\" data-id=\"3a62f85\" data-element_type=\"section\" data-e-type=\"section\" data-settings=\"{&quot;stretch_section&quot;:&quot;section-stretched&quot;}\">\n\t\t\t\t\t\t<div class=\"elementor-container elementor-column-gap-extended\">\n\t\t\t\t\t<div class=\"elementor-column elementor-col-100 elementor-top-column elementor-element elementor-element-7403e74 sc_content_align_inherit sc_layouts_column_icons_position_left sc_fly_static\" data-id=\"7403e74\" data-element_type=\"column\" data-e-type=\"column\">\n\t\t\t<div class=\"elementor-widget-wrap elementor-element-populated\">\n\t\t\t\t\t\t<div class=\"elementor-element elementor-element-ac141bd sc_fly_static elementor-widget elementor-widget-video\" data-id=\"ac141bd\" data-element_type=\"widget\" data-e-type=\"widget\" data-settings=\"{&quot;video_type&quot;:&quot;hosted&quot;,&quot;autoplay&quot;:&quot;yes&quot;,&quot;play_on_mobile&quot;:&quot;yes&quot;,&quot;show_image_overlay&quot;:&quot;yes&quot;,&quot;image_overlay&quot;:{&quot;url&quot;:&quot;https:\\\/\\\/terezaxavier.com.br\\\/wp-content\\\/uploads\\\/2023\\\/04\\\/premio-tereza-xavier-de-beers-scaled.jpg&quot;,&quot;id&quot;:25820,&quot;size&quot;:&quot;&quot;,&quot;alt&quot;:&quot;&quot;,&quot;source&quot;:&quot;library&quot;}}\" data-widget_type=\"video.default\">\n\t\t\t\t<div class=\"elementor-widget-container\">\n\t\t\t\t\t\t\t<div class=\"e-hosted-video elementor-wrapper elementor-open-inline\">\n\t\t\t\t\t<video class=\"elementor-video\" src=\"https:\/\/terezaxavier.com.br\/wp-content\/uploads\/2024\/05\/DIA-De-Beers-Diamond-International-Awards.mp4\" autoplay=\"\" playsinline=\"\" controlslist=\"nodownload\"><\/video>\n\t\t\t\t\t\t<div class=\"elementor-custom-embed-image-overlay\" style=\"background-image: url(https:\/\/terezaxavier.com.br\/wp-content\/uploads\/2023\/04\/premio-tereza-xavier-de-beers-scaled.jpg);\">\n\t\t\t\t\t\t\t\t\t\t\t\t\t\t\t\t<div class=\"elementor-custom-embed-play\" role=\"button\" aria-label=\"Play Video\" tabindex=\"0\" data-no-translation-aria-label=\"\">\n\t\t\t\t\t\t\t<svg aria-hidden=\"true\" class=\"e-font-icon-svg e-eicon-play\" viewbox=\"0 0 1000 1000\" xmlns=\"http:\/\/www.w3.org\/2000\/svg\"><path d=\"M838 162C746 71 633 25 500 25 371 25 258 71 163 162 71 254 25 367 25 500 25 633 71 746 163 837 254 929 367 979 500 979 633 979 746 933 838 837 929 746 975 633 975 500 975 367 929 254 838 162M808 192C892 279 933 379 933 500 933 621 892 725 808 808 725 892 621 938 500 938 379 938 279 896 196 808 113 725 67 621 67 500 67 379 108 279 196 192 279 108 383 62 500 62 621 62 721 108 808 192M438 392V642L642 517 438 392Z\"><\/path><\/svg>\t\t\t\t\t\t<\/div>\n\t\t\t\t\t\t\t\t\t<\/div>\n\t\t\t\t\t<\/div>\n\t\t\t\t\t\t<\/div>\n\t\t\t\t<\/div>\n\t\t\t\t<div class=\"elementor-element elementor-element-0480af5 sc_fly_static elementor-widget elementor-widget-spacer\" data-id=\"0480af5\" data-element_type=\"widget\" data-e-type=\"widget\" data-widget_type=\"spacer.default\">\n\t\t\t\t<div class=\"elementor-widget-container\">\n\t\t\t\t\t\t\t<div class=\"elementor-spacer\">\n\t\t\t<div class=\"elementor-spacer-inner\"><\/div>\n\t\t<\/div>\n\t\t\t\t\t\t<\/div>\n\t\t\t\t<\/div>\n\t\t\t\t<div class=\"elementor-element elementor-element-da8ce5a sc_fly_static elementor-widget elementor-widget-heading\" data-id=\"da8ce5a\" data-element_type=\"widget\" data-e-type=\"widget\" data-widget_type=\"heading.default\">\n\t\t\t\t<div class=\"elementor-widget-container\">\n\t\t\t\t\t<h2 class=\"elementor-heading-title elementor-size-default\">De Beers Diamonds International Awards 1998<\/h2>\t\t\t\t<\/div>\n\t\t\t\t<\/div>\n\t\t\t\t<div class=\"elementor-element elementor-element-b14f33e sc_fly_static elementor-widget elementor-widget-spacer\" data-id=\"b14f33e\" data-element_type=\"widget\" data-e-type=\"widget\" data-widget_type=\"spacer.default\">\n\t\t\t\t<div class=\"elementor-widget-container\">\n\t\t\t\t\t\t\t<div class=\"elementor-spacer\">\n\t\t\t<div class=\"elementor-spacer-inner\"><\/div>\n\t\t<\/div>\n\t\t\t\t\t\t<\/div>\n\t\t\t\t<\/div>\n\t\t\t\t<div class=\"elementor-element elementor-element-edca95e sc_fly_static elementor-widget elementor-widget-text-editor\" data-id=\"edca95e\" data-element_type=\"widget\" data-e-type=\"widget\" data-widget_type=\"text-editor.default\">\n\t\t\t\t<div class=\"elementor-widget-container\">\n\t\t\t\t\t\t\t\t\t<blockquote><p style=\"text-align: center;\"><em>O Oscar da Joalheria<\/em><\/p><\/blockquote>\t\t\t\t\t\t\t\t<\/div>\n\t\t\t\t<\/div>\n\t\t\t\t<div class=\"elementor-element elementor-element-29deef7 sc_fly_static elementor-widget elementor-widget-spacer\" data-id=\"29deef7\" data-element_type=\"widget\" data-e-type=\"widget\" data-widget_type=\"spacer.default\">\n\t\t\t\t<div class=\"elementor-widget-container\">\n\t\t\t\t\t\t\t<div class=\"elementor-spacer\">\n\t\t\t<div class=\"elementor-spacer-inner\"><\/div>\n\t\t<\/div>\n\t\t\t\t\t\t<\/div>\n\t\t\t\t<\/div>\n\t\t\t\t\t<\/div>\n\t\t<\/div>\n\t\t\t\t\t<\/div>\n\t\t<\/section>\n\t\t\t\t<section class=\"elementor-section elementor-top-section elementor-element elementor-element-cc6f75a elementor-section-full_width elementor-section-stretched elementor-section-height-default elementor-section-height-default sc_fly_static\" data-id=\"cc6f75a\" data-element_type=\"section\" data-e-type=\"section\" data-settings=\"{&quot;stretch_section&quot;:&quot;section-stretched&quot;}\">\n\t\t\t\t\t\t<div class=\"elementor-container elementor-column-gap-extended\">\n\t\t\t\t\t<div class=\"elementor-column elementor-col-50 elementor-top-column elementor-element elementor-element-ec8fa49 sc_content_align_inherit sc_layouts_column_icons_position_left sc_fly_static\" data-id=\"ec8fa49\" data-element_type=\"column\" data-e-type=\"column\">\n\t\t\t<div class=\"elementor-widget-wrap elementor-element-populated\">\n\t\t\t\t\t\t<div class=\"elementor-element elementor-element-ba73be6 sc_fly_static elementor-widget elementor-widget-image\" data-id=\"ba73be6\" data-element_type=\"widget\" data-e-type=\"widget\" data-widget_type=\"image.default\">\n\t\t\t\t<div class=\"elementor-widget-container\">\n\t\t\t\t\t\t\t\t\t\t\t\t\t\t\t<img fetchpriority=\"high\" decoding=\"async\" width=\"768\" height=\"1024\" src=\"https:\/\/terezaxavier.com.br\/wp-content\/uploads\/2023\/04\/pulseira-talisma-premio-de-beers-alta-joalheria-768x1024.jpg\" class=\"attachment-large size-large wp-image-25904\" alt=\"\" srcset=\"https:\/\/terezaxavier.com.br\/wp-content\/uploads\/2023\/04\/pulseira-talisma-premio-de-beers-alta-joalheria-768x1024.jpg 768w, https:\/\/terezaxavier.com.br\/wp-content\/uploads\/2023\/04\/pulseira-talisma-premio-de-beers-alta-joalheria-225x300.jpg 225w, https:\/\/terezaxavier.com.br\/wp-content\/uploads\/2023\/04\/pulseira-talisma-premio-de-beers-alta-joalheria-370x493.jpg 370w, https:\/\/terezaxavier.com.br\/wp-content\/uploads\/2023\/04\/pulseira-talisma-premio-de-beers-alta-joalheria-840x1120.jpg 840w, https:\/\/terezaxavier.com.br\/wp-content\/uploads\/2023\/04\/pulseira-talisma-premio-de-beers-alta-joalheria-410x547.jpg 410w, https:\/\/terezaxavier.com.br\/wp-content\/uploads\/2023\/04\/pulseira-talisma-premio-de-beers-alta-joalheria-600x800.jpg 600w, https:\/\/terezaxavier.com.br\/wp-content\/uploads\/2023\/04\/pulseira-talisma-premio-de-beers-alta-joalheria.jpg 960w\" sizes=\"(max-width: 768px) 100vw, 768px\" \/>\t\t\t\t\t\t\t\t\t\t\t\t\t\t\t<\/div>\n\t\t\t\t<\/div>\n\t\t\t\t\t<\/div>\n\t\t<\/div>\n\t\t\t\t<div class=\"elementor-column elementor-col-50 elementor-top-column elementor-element elementor-element-1409d9a sc_content_align_inherit sc_layouts_column_icons_position_left sc_fly_static\" data-id=\"1409d9a\" data-element_type=\"column\" data-e-type=\"column\">\n\t\t\t<div class=\"elementor-widget-wrap elementor-element-populated\">\n\t\t\t\t\t\t<div class=\"elementor-element elementor-element-76d1cd2 sc_fly_static elementor-widget elementor-widget-image\" data-id=\"76d1cd2\" data-element_type=\"widget\" data-e-type=\"widget\" data-widget_type=\"image.default\">\n\t\t\t\t<div class=\"elementor-widget-container\">\n\t\t\t\t\t\t\t\t\t\t\t\t\t\t\t<img decoding=\"async\" width=\"768\" height=\"1024\" src=\"https:\/\/terezaxavier.com.br\/wp-content\/uploads\/2023\/04\/pulseira-talisma-com-diamantes-premio-768x1024.jpg\" class=\"attachment-large size-large wp-image-25915\" alt=\"\" srcset=\"https:\/\/terezaxavier.com.br\/wp-content\/uploads\/2023\/04\/pulseira-talisma-com-diamantes-premio-768x1024.jpg 768w, https:\/\/terezaxavier.com.br\/wp-content\/uploads\/2023\/04\/pulseira-talisma-com-diamantes-premio-225x300.jpg 225w, https:\/\/terezaxavier.com.br\/wp-content\/uploads\/2023\/04\/pulseira-talisma-com-diamantes-premio-370x493.jpg 370w, https:\/\/terezaxavier.com.br\/wp-content\/uploads\/2023\/04\/pulseira-talisma-com-diamantes-premio-840x1120.jpg 840w, https:\/\/terezaxavier.com.br\/wp-content\/uploads\/2023\/04\/pulseira-talisma-com-diamantes-premio-410x547.jpg 410w, https:\/\/terezaxavier.com.br\/wp-content\/uploads\/2023\/04\/pulseira-talisma-com-diamantes-premio-600x800.jpg 600w, https:\/\/terezaxavier.com.br\/wp-content\/uploads\/2023\/04\/pulseira-talisma-com-diamantes-premio.jpg 960w\" sizes=\"(max-width: 768px) 100vw, 768px\" \/>\t\t\t\t\t\t\t\t\t\t\t\t\t\t\t<\/div>\n\t\t\t\t<\/div>\n\t\t\t\t\t<\/div>\n\t\t<\/div>\n\t\t\t\t\t<\/div>\n\t\t<\/section>\n\t\t\t\t<section class=\"elementor-section elementor-top-section elementor-element elementor-element-44cc8e1 elementor-section-boxed elementor-section-height-default elementor-section-height-default sc_fly_static\" data-id=\"44cc8e1\" data-element_type=\"section\" data-e-type=\"section\">\n\t\t\t\t\t\t<div class=\"elementor-container elementor-column-gap-extended\">\n\t\t\t\t\t<div class=\"elementor-column elementor-col-100 elementor-top-column elementor-element elementor-element-1204540 sc_content_align_inherit sc_layouts_column_icons_position_left sc_fly_static\" data-id=\"1204540\" data-element_type=\"column\" data-e-type=\"column\">\n\t\t\t<div class=\"elementor-widget-wrap elementor-element-populated\">\n\t\t\t\t\t\t<div class=\"elementor-element elementor-element-f94b820 sc_fly_static elementor-widget elementor-widget-spacer\" data-id=\"f94b820\" data-element_type=\"widget\" data-e-type=\"widget\" data-widget_type=\"spacer.default\">\n\t\t\t\t<div class=\"elementor-widget-container\">\n\t\t\t\t\t\t\t<div class=\"elementor-spacer\">\n\t\t\t<div class=\"elementor-spacer-inner\"><\/div>\n\t\t<\/div>\n\t\t\t\t\t\t<\/div>\n\t\t\t\t<\/div>\n\t\t\t\t<div class=\"elementor-element elementor-element-c9c8e14 sc_fly_static elementor-widget elementor-widget-spacer\" data-id=\"c9c8e14\" data-element_type=\"widget\" data-e-type=\"widget\" data-widget_type=\"spacer.default\">\n\t\t\t\t<div class=\"elementor-widget-container\">\n\t\t\t\t\t\t\t<div class=\"elementor-spacer\">\n\t\t\t<div class=\"elementor-spacer-inner\"><\/div>\n\t\t<\/div>\n\t\t\t\t\t\t<\/div>\n\t\t\t\t<\/div>\n\t\t\t\t<div class=\"elementor-element elementor-element-abc17e4 sc_fly_static elementor-widget elementor-widget-audio\" data-id=\"abc17e4\" data-element_type=\"widget\" data-e-type=\"widget\" data-widget_type=\"audio.default\">\n\t\t\t\t<div class=\"elementor-widget-container\">\n\t\t\t\t\t\t\t\t<div class=\"elementor-soundcloud-wrapper\">\n\t\t\t\t<iframe width=\"1600\" height=\"200\" frameborder=\"no\" src=\"https:\/\/w.soundcloud.com\/player\/?visual=false&#038;url=https%3A%2F%2Fapi.soundcloud.com%2Ftracks%2F1517180650&#038;show_artwork=true&#038;maxheight=1000&#038;maxwidth=1600&#038;auto_play=false&#038;buying=true&#038;liking=true&#038;download=true&#038;sharing=true&#038;show_comments=true&#038;show_playcount=true&#038;show_user=true&#038;color=E90808\"><\/iframe>\t\t\t<\/div>\n\t\t\t\t\t\t\t<\/div>\n\t\t\t\t<\/div>\n\t\t\t\t\t<\/div>\n\t\t<\/div>\n\t\t\t\t\t<\/div>\n\t\t<\/section>\n\t\t\t\t<section class=\"elementor-section elementor-top-section elementor-element elementor-element-823284d elementor-section-boxed elementor-section-height-default elementor-section-height-default sc_fly_static\" data-id=\"823284d\" data-element_type=\"section\" data-e-type=\"section\">\n\t\t\t\t\t\t<div class=\"elementor-container elementor-column-gap-extended\">\n\t\t\t\t\t<div class=\"elementor-column elementor-col-100 elementor-top-column elementor-element elementor-element-45f2d7e sc_content_align_inherit sc_layouts_column_icons_position_left sc_fly_static\" data-id=\"45f2d7e\" data-element_type=\"column\" data-e-type=\"column\">\n\t\t\t<div class=\"elementor-widget-wrap elementor-element-populated\">\n\t\t\t\t\t\t<div class=\"elementor-element elementor-element-cbefe59 sc_fly_static elementor-widget elementor-widget-spacer\" data-id=\"cbefe59\" data-element_type=\"widget\" data-e-type=\"widget\" data-widget_type=\"spacer.default\">\n\t\t\t\t<div class=\"elementor-widget-container\">\n\t\t\t\t\t\t\t<div class=\"elementor-spacer\">\n\t\t\t<div class=\"elementor-spacer-inner\"><\/div>\n\t\t<\/div>\n\t\t\t\t\t\t<\/div>\n\t\t\t\t<\/div>\n\t\t\t\t\t<\/div>\n\t\t<\/div>\n\t\t\t\t\t<\/div>\n\t\t<\/section>\n\t\t\t\t<section class=\"elementor-section elementor-top-section elementor-element elementor-element-a34849f elementor-section-boxed elementor-section-height-default elementor-section-height-default sc_fly_static\" data-id=\"a34849f\" data-element_type=\"section\" data-e-type=\"section\">\n\t\t\t\t\t\t<div class=\"elementor-container elementor-column-gap-extended\">\n\t\t\t\t\t<div class=\"elementor-column elementor-col-33 elementor-top-column elementor-element elementor-element-b81c0e6 sc_content_align_inherit sc_layouts_column_icons_position_left sc_fly_static\" data-id=\"b81c0e6\" data-element_type=\"column\" data-e-type=\"column\">\n\t\t\t<div class=\"elementor-widget-wrap\">\n\t\t\t\t\t\t\t<\/div>\n\t\t<\/div>\n\t\t\t\t<div class=\"elementor-column elementor-col-33 elementor-top-column elementor-element elementor-element-b9ca6fd sc_content_align_inherit sc_layouts_column_icons_position_left sc_fly_static\" data-id=\"b9ca6fd\" data-element_type=\"column\" data-e-type=\"column\" data-settings=\"{&quot;background_background&quot;:&quot;classic&quot;}\">\n\t\t\t<div class=\"elementor-widget-wrap elementor-element-populated\">\n\t\t\t\t\t\t<div class=\"elementor-element elementor-element-4dc56b1 sc_fly_static elementor-widget elementor-widget-text-editor\" data-id=\"4dc56b1\" data-element_type=\"widget\" data-e-type=\"widget\" data-widget_type=\"text-editor.default\">\n\t\t\t\t<div class=\"elementor-widget-container\">\n\t\t\t\t\t\t\t\t\t<blockquote><p style=\"text-align: center;\">Boi de Palha e Diamante<\/p><p style=\"text-align: center;\">(Tereza Chave \u00e9)<\/p><p style=\"text-align: center;\">O ouro o brilhante<br \/>na palha o diamante<br \/>Tereza o que \u00e9?<br \/>a j\u00f3ia mais rara<br \/>o boi mais bonito<br \/>Tereza qual \u00e9?<\/p><p style=\"text-align: center;\">A \u00e1gua marinha<br \/>a lapizulinha<br \/>o canto do guizo<br \/>o som do tambor<br \/>a for\u00e7a do \u00edndio<br \/>mostrar \u00e9 preciso<\/p><p style=\"text-align: center;\">Um p\u00e9 de urso<br \/>perdido no mar<br \/>de palha o coral<br \/>beleza sem par<br \/>um brilho na testa<br \/>Tereza \u00e9 a festa<br \/>a luz do luar<\/p><p style=\"text-align: center;\">No azul bem profundo<br \/>do mar<br \/>no musgo da \u00e1gata l\u00e1<br \/>pendura o chocalho que n\u00e3o d\u00e1 trabalho<br \/>pra se enfeitar<\/p><p style=\"text-align: center;\">O ouro e o brilhante<br \/>na palha o diamante<br \/>o pr\u00eamio maior<br \/>e todo o universo<br \/>conspira no verso<br \/>do m\u00e1gico sol<\/p><p style=\"text-align: center;\">Me diz bem aqui<br \/>qual \u00e9 o segredo de tanta beleza !<br \/>est\u00e1 na esmeralda?<br \/>est\u00e1 no rubi?<br \/>est\u00e1 na turquesa?<\/p><p style=\"text-align: center;\">Est\u00e1 na rom\u00e3<br \/>na doce aventura<br \/>da aventurina<br \/>seu c\u00e9u estrelado <br \/>reflete o sorriso<br \/>da estrela menina<\/p><p style=\"text-align: center;\">O boi diamantino<br \/>j\u00e1 est\u00e1<br \/>na palha menino <br \/>a cantar<br \/>depois virou sino<br \/>virou passarinho<br \/>danou-se a voar!\u00a0<\/p><p style=\"text-align: center;\">Tereza \u00e9 beleza<br \/>mulher<br \/>Tereza \u00e9 tigresa<br \/>n\u00e3o \u00e9?<\/p><p style=\"text-align: center;\">Tereza \u00e9 certeza <br \/>Da luz da riqueza<br \/>Tereza Chave \u00e9!<\/p><p style=\"text-align: center;\">\u00a0<\/p><\/blockquote>\t\t\t\t\t\t\t\t<\/div>\n\t\t\t\t<\/div>\n\t\t\t\t\t<\/div>\n\t\t<\/div>\n\t\t\t\t<div class=\"elementor-column elementor-col-33 elementor-top-column elementor-element elementor-element-14ffad1 sc_content_align_inherit sc_layouts_column_icons_position_left sc_fly_static\" data-id=\"14ffad1\" data-element_type=\"column\" data-e-type=\"column\">\n\t\t\t<div class=\"elementor-widget-wrap\">\n\t\t\t\t\t\t\t<\/div>\n\t\t<\/div>\n\t\t\t\t\t<\/div>\n\t\t<\/section>\n\t\t\t\t<\/div>","protected":false},"excerpt":{"rendered":"<p>https:\/\/terezaxavier.com.br\/wp-content\/uploads\/2024\/05\/DIA-De-Beers-Diamond-International-Awards.mp4 De Beers Diamonds International Awards 1998 O Oscar da Joalheria Boi de Palha e Diamante (Tereza Chave \u00e9) O ouro o brilhantena palha o diamanteTereza o que \u00e9?a j\u00f3ia&hellip;<\/p>","protected":false},"author":1,"featured_media":25820,"parent":0,"menu_order":0,"comment_status":"closed","ping_status":"closed","template":"elementor_header_footer","meta":{"_joinchat":[],"footnotes":""},"class_list":["post-25812","page","type-page","status-publish","has-post-thumbnail","hentry"],"_hostinger_reach_plugin_has_subscription_block":false,"_hostinger_reach_plugin_is_elementor":false,"_links":{"self":[{"href":"https:\/\/terezaxavier.com.br\/en\/wp-json\/wp\/v2\/pages\/25812","targetHints":{"allow":["GET"]}}],"collection":[{"href":"https:\/\/terezaxavier.com.br\/en\/wp-json\/wp\/v2\/pages"}],"about":[{"href":"https:\/\/terezaxavier.com.br\/en\/wp-json\/wp\/v2\/types\/page"}],"author":[{"embeddable":true,"href":"https:\/\/terezaxavier.com.br\/en\/wp-json\/wp\/v2\/users\/1"}],"replies":[{"embeddable":true,"href":"https:\/\/terezaxavier.com.br\/en\/wp-json\/wp\/v2\/comments?post=25812"}],"version-history":[{"count":181,"href":"https:\/\/terezaxavier.com.br\/en\/wp-json\/wp\/v2\/pages\/25812\/revisions"}],"predecessor-version":[{"id":44688,"href":"https:\/\/terezaxavier.com.br\/en\/wp-json\/wp\/v2\/pages\/25812\/revisions\/44688"}],"wp:featuredmedia":[{"embeddable":true,"href":"https:\/\/terezaxavier.com.br\/en\/wp-json\/wp\/v2\/media\/25820"}],"wp:attachment":[{"href":"https:\/\/terezaxavier.com.br\/en\/wp-json\/wp\/v2\/media?parent=25812"}],"curies":[{"name":"wp","href":"https:\/\/api.w.org\/{rel}","templated":true}]}}