{"id":25209,"date":"2023-04-12T14:47:01","date_gmt":"2023-04-12T17:47:01","guid":{"rendered":"https:\/\/terezaxavier.com.br\/?page_id=25209"},"modified":"2025-05-07T15:49:45","modified_gmt":"2025-05-07T18:49:45","slug":"colecao-diamantes-multicoloridos-alta-joalheria","status":"publish","type":"page","link":"https:\/\/terezaxavier.com.br\/en\/colecao-diamantes-multicoloridos-alta-joalheria\/","title":{"rendered":"Cole\u00e7\u00e3o Diamantes Multicoloridos Alta Joalheria"},"content":{"rendered":"<div data-elementor-type=\"wp-page\" data-elementor-id=\"25209\" class=\"elementor elementor-25209\" data-elementor-post-type=\"page\">\n\t\t\t\t\t\t<section class=\"elementor-section elementor-top-section elementor-element elementor-element-ae61e57 elementor-section-full_width elementor-section-stretched elementor-section-height-default elementor-section-height-default sc_fly_static\" data-id=\"ae61e57\" data-element_type=\"section\" data-e-type=\"section\" data-settings=\"{&quot;stretch_section&quot;:&quot;section-stretched&quot;}\">\n\t\t\t\t\t\t<div class=\"elementor-container elementor-column-gap-extended\">\n\t\t\t\t\t<div class=\"elementor-column elementor-col-100 elementor-top-column elementor-element elementor-element-0f2fde2 sc_content_align_inherit sc_layouts_column_icons_position_left sc_fly_static\" data-id=\"0f2fde2\" data-element_type=\"column\" data-e-type=\"column\">\n\t\t\t<div class=\"elementor-widget-wrap elementor-element-populated\">\n\t\t\t\t\t\t<div class=\"elementor-element elementor-element-08858c4 sc_fly_static elementor-widget elementor-widget-image\" data-id=\"08858c4\" data-element_type=\"widget\" data-e-type=\"widget\" data-widget_type=\"image.default\">\n\t\t\t\t<div class=\"elementor-widget-container\">\n\t\t\t\t\t\t\t\t\t\t\t\t\t\t\t<img fetchpriority=\"high\" decoding=\"async\" width=\"1024\" height=\"728\" src=\"https:\/\/terezaxavier.com.br\/wp-content\/uploads\/2023\/04\/anel-diamante-opalecente-e-diamante-colorido-alta-joalheria-1024x728.jpg\" class=\"attachment-large size-large wp-image-25217\" alt=\"\" srcset=\"https:\/\/terezaxavier.com.br\/wp-content\/uploads\/2023\/04\/anel-diamante-opalecente-e-diamante-colorido-alta-joalheria-1024x728.jpg 1024w, https:\/\/terezaxavier.com.br\/wp-content\/uploads\/2023\/04\/anel-diamante-opalecente-e-diamante-colorido-alta-joalheria-300x213.jpg 300w, https:\/\/terezaxavier.com.br\/wp-content\/uploads\/2023\/04\/anel-diamante-opalecente-e-diamante-colorido-alta-joalheria-768x546.jpg 768w, https:\/\/terezaxavier.com.br\/wp-content\/uploads\/2023\/04\/anel-diamante-opalecente-e-diamante-colorido-alta-joalheria-1536x1092.jpg 1536w, https:\/\/terezaxavier.com.br\/wp-content\/uploads\/2023\/04\/anel-diamante-opalecente-e-diamante-colorido-alta-joalheria-2048x1456.jpg 2048w, https:\/\/terezaxavier.com.br\/wp-content\/uploads\/2023\/04\/anel-diamante-opalecente-e-diamante-colorido-alta-joalheria-370x263.jpg 370w, https:\/\/terezaxavier.com.br\/wp-content\/uploads\/2023\/04\/anel-diamante-opalecente-e-diamante-colorido-alta-joalheria-840x597.jpg 840w, https:\/\/terezaxavier.com.br\/wp-content\/uploads\/2023\/04\/anel-diamante-opalecente-e-diamante-colorido-alta-joalheria-410x291.jpg 410w, https:\/\/terezaxavier.com.br\/wp-content\/uploads\/2023\/04\/anel-diamante-opalecente-e-diamante-colorido-alta-joalheria-600x427.jpg 600w\" sizes=\"(max-width: 1024px) 100vw, 1024px\" \/>\t\t\t\t\t\t\t\t\t\t\t\t\t\t\t<\/div>\n\t\t\t\t<\/div>\n\t\t\t\t<div class=\"elementor-element elementor-element-d9f99c8 sc_fly_static elementor-widget elementor-widget-spacer\" data-id=\"d9f99c8\" data-element_type=\"widget\" data-e-type=\"widget\" data-widget_type=\"spacer.default\">\n\t\t\t\t<div class=\"elementor-widget-container\">\n\t\t\t\t\t\t\t<div class=\"elementor-spacer\">\n\t\t\t<div class=\"elementor-spacer-inner\"><\/div>\n\t\t<\/div>\n\t\t\t\t\t\t<\/div>\n\t\t\t\t<\/div>\n\t\t\t\t<div class=\"elementor-element elementor-element-953c1cc sc_fly_static elementor-widget elementor-widget-heading\" data-id=\"953c1cc\" data-element_type=\"widget\" data-e-type=\"widget\" data-widget_type=\"heading.default\">\n\t\t\t\t<div class=\"elementor-widget-container\">\n\t\t\t\t\t<h2 class=\"elementor-heading-title elementor-size-default\">Cole\u00e7\u00e3o Diamantes Multicoloridos<\/h2>\t\t\t\t<\/div>\n\t\t\t\t<\/div>\n\t\t\t\t<div class=\"elementor-element elementor-element-7780fc3 sc_fly_static elementor-widget elementor-widget-text-editor\" data-id=\"7780fc3\" data-element_type=\"widget\" data-e-type=\"widget\" data-widget_type=\"text-editor.default\">\n\t\t\t\t<div class=\"elementor-widget-container\">\n\t\t\t\t\t\t\t\t\t<blockquote><p style=\"text-align: center;\">Lorem ipsum dolor sit amet, consectetur adipiscing elit. Ut elit tellus, luctus nec ullamcorper mattis, pulvinar dapibus leo.<\/p><\/blockquote>\t\t\t\t\t\t\t\t<\/div>\n\t\t\t\t<\/div>\n\t\t\t\t<div class=\"elementor-element elementor-element-96c3792 sc_fly_static elementor-widget elementor-widget-spacer\" data-id=\"96c3792\" data-element_type=\"widget\" data-e-type=\"widget\" data-widget_type=\"spacer.default\">\n\t\t\t\t<div class=\"elementor-widget-container\">\n\t\t\t\t\t\t\t<div class=\"elementor-spacer\">\n\t\t\t<div class=\"elementor-spacer-inner\"><\/div>\n\t\t<\/div>\n\t\t\t\t\t\t<\/div>\n\t\t\t\t<\/div>\n\t\t\t\t<div class=\"elementor-element elementor-element-9a8bebb sc_fly_static elementor-widget elementor-widget-text-editor\" data-id=\"9a8bebb\" data-element_type=\"widget\" data-e-type=\"widget\" data-widget_type=\"text-editor.default\">\n\t\t\t\t<div class=\"elementor-widget-container\">\n\t\t\t\t\t\t\t\t\t<p style=\"text-align: center;\"><span style=\"color: #000000;\">Os Diamantes Coloridos s\u00e3o encantadores, e s\u00e3o paix\u00e3o de Tereza Xavier que est\u00e1 sempre garimpando Diamantes raros surpreendentes, presentes do Reino Mineral. Diamantes de todas as cores, opalescentes, prateados, dourados, preciosos efeitos especiais da abund\u00e2ncia da natureza.<\/span><\/p>\t\t\t\t\t\t\t\t<\/div>\n\t\t\t\t<\/div>\n\t\t\t\t<div class=\"elementor-element elementor-element-db8a268 sc_fly_static elementor-widget elementor-widget-spacer\" data-id=\"db8a268\" data-element_type=\"widget\" data-e-type=\"widget\" data-widget_type=\"spacer.default\">\n\t\t\t\t<div class=\"elementor-widget-container\">\n\t\t\t\t\t\t\t<div class=\"elementor-spacer\">\n\t\t\t<div class=\"elementor-spacer-inner\"><\/div>\n\t\t<\/div>\n\t\t\t\t\t\t<\/div>\n\t\t\t\t<\/div>\n\t\t\t\t\t<\/div>\n\t\t<\/div>\n\t\t\t\t\t<\/div>\n\t\t<\/section>\n\t\t\t\t<section class=\"elementor-section elementor-top-section elementor-element elementor-element-d0775c3 elementor-section-full_width elementor-section-stretched elementor-section-height-default elementor-section-height-default sc_fly_static\" data-id=\"d0775c3\" data-element_type=\"section\" data-e-type=\"section\" data-settings=\"{&quot;stretch_section&quot;:&quot;section-stretched&quot;}\">\n\t\t\t\t\t\t<div class=\"elementor-container elementor-column-gap-extended\">\n\t\t\t\t\t<div class=\"elementor-column elementor-col-50 elementor-top-column elementor-element elementor-element-a024c63 sc_content_align_inherit sc_layouts_column_icons_position_left sc_fly_static\" data-id=\"a024c63\" data-element_type=\"column\" data-e-type=\"column\">\n\t\t\t<div class=\"elementor-widget-wrap elementor-element-populated\">\n\t\t\t\t\t\t<div class=\"elementor-element elementor-element-7e65ca2 sc_fly_static elementor-widget elementor-widget-image\" data-id=\"7e65ca2\" data-element_type=\"widget\" data-e-type=\"widget\" data-widget_type=\"image.default\">\n\t\t\t\t<div class=\"elementor-widget-container\">\n\t\t\t\t\t\t\t\t\t\t\t\t\t\t\t<img decoding=\"async\" width=\"1024\" height=\"730\" src=\"https:\/\/terezaxavier.com.br\/wp-content\/uploads\/2023\/04\/ear-cuffin-diamantes-brancos-e-ear-cuffin-diamantes-negros-alta-joalheria-1-1024x730.jpg\" class=\"attachment-large size-large wp-image-25242\" alt=\"\" srcset=\"https:\/\/terezaxavier.com.br\/wp-content\/uploads\/2023\/04\/ear-cuffin-diamantes-brancos-e-ear-cuffin-diamantes-negros-alta-joalheria-1-1024x730.jpg 1024w, https:\/\/terezaxavier.com.br\/wp-content\/uploads\/2023\/04\/ear-cuffin-diamantes-brancos-e-ear-cuffin-diamantes-negros-alta-joalheria-1-300x214.jpg 300w, https:\/\/terezaxavier.com.br\/wp-content\/uploads\/2023\/04\/ear-cuffin-diamantes-brancos-e-ear-cuffin-diamantes-negros-alta-joalheria-1-768x548.jpg 768w, https:\/\/terezaxavier.com.br\/wp-content\/uploads\/2023\/04\/ear-cuffin-diamantes-brancos-e-ear-cuffin-diamantes-negros-alta-joalheria-1-1536x1095.jpg 1536w, https:\/\/terezaxavier.com.br\/wp-content\/uploads\/2023\/04\/ear-cuffin-diamantes-brancos-e-ear-cuffin-diamantes-negros-alta-joalheria-1-2048x1460.jpg 2048w, https:\/\/terezaxavier.com.br\/wp-content\/uploads\/2023\/04\/ear-cuffin-diamantes-brancos-e-ear-cuffin-diamantes-negros-alta-joalheria-1-370x264.jpg 370w, https:\/\/terezaxavier.com.br\/wp-content\/uploads\/2023\/04\/ear-cuffin-diamantes-brancos-e-ear-cuffin-diamantes-negros-alta-joalheria-1-840x599.jpg 840w, https:\/\/terezaxavier.com.br\/wp-content\/uploads\/2023\/04\/ear-cuffin-diamantes-brancos-e-ear-cuffin-diamantes-negros-alta-joalheria-1-410x292.jpg 410w, https:\/\/terezaxavier.com.br\/wp-content\/uploads\/2023\/04\/ear-cuffin-diamantes-brancos-e-ear-cuffin-diamantes-negros-alta-joalheria-1-600x428.jpg 600w\" sizes=\"(max-width: 1024px) 100vw, 1024px\" \/>\t\t\t\t\t\t\t\t\t\t\t\t\t\t\t<\/div>\n\t\t\t\t<\/div>\n\t\t\t\t\t<\/div>\n\t\t<\/div>\n\t\t\t\t<div class=\"elementor-column elementor-col-50 elementor-top-column elementor-element elementor-element-d3e4d01 sc_content_align_inherit sc_layouts_column_icons_position_left sc_fly_static\" data-id=\"d3e4d01\" data-element_type=\"column\" data-e-type=\"column\">\n\t\t\t<div class=\"elementor-widget-wrap elementor-element-populated\">\n\t\t\t\t\t\t<div class=\"elementor-element elementor-element-a1b59c0 sc_fly_static elementor-widget elementor-widget-image\" data-id=\"a1b59c0\" data-element_type=\"widget\" data-e-type=\"widget\" data-widget_type=\"image.default\">\n\t\t\t\t<div class=\"elementor-widget-container\">\n\t\t\t\t\t\t\t\t\t\t\t\t\t\t\t<img decoding=\"async\" width=\"1024\" height=\"730\" src=\"https:\/\/terezaxavier.com.br\/wp-content\/uploads\/2023\/04\/argola-diamantes-coloridos-alta-joalheria-1024x730.jpg\" class=\"attachment-large size-large wp-image-25239\" alt=\"\" srcset=\"https:\/\/terezaxavier.com.br\/wp-content\/uploads\/2023\/04\/argola-diamantes-coloridos-alta-joalheria-1024x730.jpg 1024w, https:\/\/terezaxavier.com.br\/wp-content\/uploads\/2023\/04\/argola-diamantes-coloridos-alta-joalheria-300x214.jpg 300w, https:\/\/terezaxavier.com.br\/wp-content\/uploads\/2023\/04\/argola-diamantes-coloridos-alta-joalheria-768x548.jpg 768w, https:\/\/terezaxavier.com.br\/wp-content\/uploads\/2023\/04\/argola-diamantes-coloridos-alta-joalheria-1536x1095.jpg 1536w, https:\/\/terezaxavier.com.br\/wp-content\/uploads\/2023\/04\/argola-diamantes-coloridos-alta-joalheria-2048x1460.jpg 2048w, https:\/\/terezaxavier.com.br\/wp-content\/uploads\/2023\/04\/argola-diamantes-coloridos-alta-joalheria-370x264.jpg 370w, https:\/\/terezaxavier.com.br\/wp-content\/uploads\/2023\/04\/argola-diamantes-coloridos-alta-joalheria-840x599.jpg 840w, https:\/\/terezaxavier.com.br\/wp-content\/uploads\/2023\/04\/argola-diamantes-coloridos-alta-joalheria-410x292.jpg 410w, https:\/\/terezaxavier.com.br\/wp-content\/uploads\/2023\/04\/argola-diamantes-coloridos-alta-joalheria-600x428.jpg 600w\" sizes=\"(max-width: 1024px) 100vw, 1024px\" \/>\t\t\t\t\t\t\t\t\t\t\t\t\t\t\t<\/div>\n\t\t\t\t<\/div>\n\t\t\t\t\t<\/div>\n\t\t<\/div>\n\t\t\t\t\t<\/div>\n\t\t<\/section>\n\t\t\t\t<section class=\"elementor-section elementor-top-section elementor-element elementor-element-ecc2994 elementor-section-boxed elementor-section-height-default elementor-section-height-default sc_fly_static\" data-id=\"ecc2994\" data-element_type=\"section\" data-e-type=\"section\">\n\t\t\t\t\t\t<div class=\"elementor-container elementor-column-gap-extended\">\n\t\t\t\t\t<div class=\"elementor-column elementor-col-100 elementor-top-column elementor-element elementor-element-c363fbe sc_content_align_inherit sc_layouts_column_icons_position_left sc_fly_static\" data-id=\"c363fbe\" data-element_type=\"column\" data-e-type=\"column\">\n\t\t\t<div class=\"elementor-widget-wrap elementor-element-populated\">\n\t\t\t\t\t\t<div class=\"elementor-element elementor-element-853681c sc_fly_static elementor-widget elementor-widget-spacer\" data-id=\"853681c\" data-element_type=\"widget\" data-e-type=\"widget\" data-widget_type=\"spacer.default\">\n\t\t\t\t<div class=\"elementor-widget-container\">\n\t\t\t\t\t\t\t<div class=\"elementor-spacer\">\n\t\t\t<div class=\"elementor-spacer-inner\"><\/div>\n\t\t<\/div>\n\t\t\t\t\t\t<\/div>\n\t\t\t\t<\/div>\n\t\t\t\t\t<\/div>\n\t\t<\/div>\n\t\t\t\t\t<\/div>\n\t\t<\/section>\n\t\t\t\t<section class=\"elementor-section elementor-top-section elementor-element elementor-element-09995e7 elementor-section-boxed elementor-section-height-default elementor-section-height-default sc_fly_static\" data-id=\"09995e7\" data-element_type=\"section\" data-e-type=\"section\">\n\t\t\t\t\t\t<div class=\"elementor-container elementor-column-gap-extended\">\n\t\t\t\t\t<div class=\"elementor-column elementor-col-100 elementor-top-column elementor-element elementor-element-40feb11 sc_content_align_inherit sc_layouts_column_icons_position_left sc_fly_static\" data-id=\"40feb11\" data-element_type=\"column\" data-e-type=\"column\">\n\t\t\t<div class=\"elementor-widget-wrap elementor-element-populated\">\n\t\t\t\t\t\t<div class=\"elementor-element elementor-element-3c3b8c5 sc_fly_static elementor-widget elementor-widget-text-editor\" data-id=\"3c3b8c5\" data-element_type=\"widget\" data-e-type=\"widget\" data-widget_type=\"text-editor.default\">\n\t\t\t\t<div class=\"elementor-widget-container\">\n\t\t\t\t\t\t\t\t\t<blockquote><p style=\"text-align: center;\">Lorem ipsum dolor sit amet, consectetur adipiscing elit. Ut elit tellus, luctus nec ullamcorper mattis, pulvinar dapibus leo.<\/p><\/blockquote>\t\t\t\t\t\t\t\t<\/div>\n\t\t\t\t<\/div>\n\t\t\t\t<div class=\"elementor-element elementor-element-aa9ccf1 sc_fly_static elementor-widget elementor-widget-spacer\" data-id=\"aa9ccf1\" data-element_type=\"widget\" data-e-type=\"widget\" data-widget_type=\"spacer.default\">\n\t\t\t\t<div class=\"elementor-widget-container\">\n\t\t\t\t\t\t\t<div class=\"elementor-spacer\">\n\t\t\t<div class=\"elementor-spacer-inner\"><\/div>\n\t\t<\/div>\n\t\t\t\t\t\t<\/div>\n\t\t\t\t<\/div>\n\t\t\t\t\t<\/div>\n\t\t<\/div>\n\t\t\t\t\t<\/div>\n\t\t<\/section>\n\t\t\t\t<section class=\"elementor-section elementor-top-section elementor-element elementor-element-3179b43 elementor-section-full_width elementor-section-stretched elementor-section-height-default elementor-section-height-default sc_fly_static\" data-id=\"3179b43\" data-element_type=\"section\" data-e-type=\"section\" data-settings=\"{&quot;stretch_section&quot;:&quot;section-stretched&quot;}\">\n\t\t\t\t\t\t<div class=\"elementor-container elementor-column-gap-extended\">\n\t\t\t\t\t<div class=\"elementor-column elementor-col-100 elementor-top-column elementor-element elementor-element-211c9a0 sc_content_align_inherit sc_layouts_column_icons_position_left sc_fly_static\" data-id=\"211c9a0\" data-element_type=\"column\" data-e-type=\"column\">\n\t\t\t<div class=\"elementor-widget-wrap elementor-element-populated\">\n\t\t\t\t\t\t<div class=\"elementor-element elementor-element-763c42c sc_fly_static elementor-widget elementor-widget-image\" data-id=\"763c42c\" data-element_type=\"widget\" data-e-type=\"widget\" data-widget_type=\"image.default\">\n\t\t\t\t<div class=\"elementor-widget-container\">\n\t\t\t\t\t\t\t\t\t\t\t\t\t\t\t<img loading=\"lazy\" decoding=\"async\" width=\"1024\" height=\"681\" src=\"https:\/\/terezaxavier.com.br\/wp-content\/uploads\/2023\/04\/aneis-diamantes-coloridos-superficie-alta-joalheria-1024x681.jpg\" class=\"attachment-large size-large wp-image-25249\" alt=\"\" srcset=\"https:\/\/terezaxavier.com.br\/wp-content\/uploads\/2023\/04\/aneis-diamantes-coloridos-superficie-alta-joalheria-1024x681.jpg 1024w, https:\/\/terezaxavier.com.br\/wp-content\/uploads\/2023\/04\/aneis-diamantes-coloridos-superficie-alta-joalheria-300x199.jpg 300w, https:\/\/terezaxavier.com.br\/wp-content\/uploads\/2023\/04\/aneis-diamantes-coloridos-superficie-alta-joalheria-768x511.jpg 768w, https:\/\/terezaxavier.com.br\/wp-content\/uploads\/2023\/04\/aneis-diamantes-coloridos-superficie-alta-joalheria-1536x1021.jpg 1536w, https:\/\/terezaxavier.com.br\/wp-content\/uploads\/2023\/04\/aneis-diamantes-coloridos-superficie-alta-joalheria-2048x1362.jpg 2048w, https:\/\/terezaxavier.com.br\/wp-content\/uploads\/2023\/04\/aneis-diamantes-coloridos-superficie-alta-joalheria-370x246.jpg 370w, https:\/\/terezaxavier.com.br\/wp-content\/uploads\/2023\/04\/aneis-diamantes-coloridos-superficie-alta-joalheria-840x559.jpg 840w, https:\/\/terezaxavier.com.br\/wp-content\/uploads\/2023\/04\/aneis-diamantes-coloridos-superficie-alta-joalheria-410x273.jpg 410w, https:\/\/terezaxavier.com.br\/wp-content\/uploads\/2023\/04\/aneis-diamantes-coloridos-superficie-alta-joalheria-600x399.jpg 600w\" sizes=\"(max-width: 1024px) 100vw, 1024px\" \/>\t\t\t\t\t\t\t\t\t\t\t\t\t\t\t<\/div>\n\t\t\t\t<\/div>\n\t\t\t\t\t<\/div>\n\t\t<\/div>\n\t\t\t\t\t<\/div>\n\t\t<\/section>\n\t\t\t\t<\/div>","protected":false},"excerpt":{"rendered":"<p>Cole\u00e7\u00e3o Diamantes Multicoloridos Lorem ipsum dolor sit amet, consectetur adipiscing elit. Ut elit tellus, luctus nec ullamcorper mattis, pulvinar dapibus leo. Os Diamantes Coloridos s\u00e3o encantadores, e s\u00e3o paix\u00e3o de&hellip;<\/p>","protected":false},"author":1,"featured_media":0,"parent":0,"menu_order":0,"comment_status":"closed","ping_status":"closed","template":"elementor_header_footer","meta":{"_joinchat":[],"footnotes":""},"class_list":["post-25209","page","type-page","status-publish","hentry"],"_hostinger_reach_plugin_has_subscription_block":false,"_hostinger_reach_plugin_is_elementor":false,"_links":{"self":[{"href":"https:\/\/terezaxavier.com.br\/en\/wp-json\/wp\/v2\/pages\/25209","targetHints":{"allow":["GET"]}}],"collection":[{"href":"https:\/\/terezaxavier.com.br\/en\/wp-json\/wp\/v2\/pages"}],"about":[{"href":"https:\/\/terezaxavier.com.br\/en\/wp-json\/wp\/v2\/types\/page"}],"author":[{"embeddable":true,"href":"https:\/\/terezaxavier.com.br\/en\/wp-json\/wp\/v2\/users\/1"}],"replies":[{"embeddable":true,"href":"https:\/\/terezaxavier.com.br\/en\/wp-json\/wp\/v2\/comments?post=25209"}],"version-history":[{"count":50,"href":"https:\/\/terezaxavier.com.br\/en\/wp-json\/wp\/v2\/pages\/25209\/revisions"}],"predecessor-version":[{"id":45110,"href":"https:\/\/terezaxavier.com.br\/en\/wp-json\/wp\/v2\/pages\/25209\/revisions\/45110"}],"wp:attachment":[{"href":"https:\/\/terezaxavier.com.br\/en\/wp-json\/wp\/v2\/media?parent=25209"}],"curies":[{"name":"wp","href":"https:\/\/api.w.org\/{rel}","templated":true}]}}