{"id":24756,"date":"2023-04-06T13:09:46","date_gmt":"2023-04-06T16:09:46","guid":{"rendered":"https:\/\/terezaxavier.com.br\/?page_id=24756"},"modified":"2025-07-24T15:19:23","modified_gmt":"2025-07-24T18:19:23","slug":"colecao-voiles-saint-tropez-textil-alta-joalheria","status":"publish","type":"page","link":"https:\/\/terezaxavier.com.br\/en\/colecao-voiles-saint-tropez-textil-alta-joalheria\/","title":{"rendered":"Cole\u00e7\u00e3o Voiles de Saint Tropez Alta Joalheria T\u00eaxtil"},"content":{"rendered":"<div data-elementor-type=\"wp-page\" data-elementor-id=\"24756\" class=\"elementor elementor-24756\" data-elementor-post-type=\"page\">\n\t\t\t\t\t\t<section class=\"elementor-section elementor-top-section elementor-element elementor-element-5c36e9a elementor-section-full_width elementor-section-stretched elementor-section-height-default elementor-section-height-default sc_fly_static\" data-id=\"5c36e9a\" data-element_type=\"section\" data-e-type=\"section\" data-settings=\"{&quot;stretch_section&quot;:&quot;section-stretched&quot;}\">\n\t\t\t\t\t\t<div class=\"elementor-container elementor-column-gap-extended\">\n\t\t\t\t\t<div class=\"elementor-column elementor-col-100 elementor-top-column elementor-element elementor-element-22afb36 sc_content_align_inherit sc_layouts_column_icons_position_left sc_fly_static\" data-id=\"22afb36\" data-element_type=\"column\" data-e-type=\"column\">\n\t\t\t<div class=\"elementor-widget-wrap elementor-element-populated\">\n\t\t\t\t\t\t<div class=\"elementor-element elementor-element-5b16a7d sc_fly_static elementor-widget elementor-widget-image\" data-id=\"5b16a7d\" data-element_type=\"widget\" data-e-type=\"widget\" data-widget_type=\"image.default\">\n\t\t\t\t<div class=\"elementor-widget-container\">\n\t\t\t\t\t\t\t\t\t\t\t\t\t\t\t<img fetchpriority=\"high\" decoding=\"async\" width=\"1024\" height=\"683\" src=\"https:\/\/terezaxavier.com.br\/wp-content\/uploads\/2023\/04\/voiles-saint-tropez-1024x683.jpg\" class=\"attachment-large size-large wp-image-24768\" alt=\"\" srcset=\"https:\/\/terezaxavier.com.br\/wp-content\/uploads\/2023\/04\/voiles-saint-tropez-1024x683.jpg 1024w, https:\/\/terezaxavier.com.br\/wp-content\/uploads\/2023\/04\/voiles-saint-tropez-300x200.jpg 300w, https:\/\/terezaxavier.com.br\/wp-content\/uploads\/2023\/04\/voiles-saint-tropez-768x513.jpg 768w, https:\/\/terezaxavier.com.br\/wp-content\/uploads\/2023\/04\/voiles-saint-tropez-1536x1025.jpg 1536w, https:\/\/terezaxavier.com.br\/wp-content\/uploads\/2023\/04\/voiles-saint-tropez-2048x1367.jpg 2048w, https:\/\/terezaxavier.com.br\/wp-content\/uploads\/2023\/04\/voiles-saint-tropez-370x247.jpg 370w, https:\/\/terezaxavier.com.br\/wp-content\/uploads\/2023\/04\/voiles-saint-tropez-840x561.jpg 840w, https:\/\/terezaxavier.com.br\/wp-content\/uploads\/2023\/04\/voiles-saint-tropez-410x274.jpg 410w, https:\/\/terezaxavier.com.br\/wp-content\/uploads\/2023\/04\/voiles-saint-tropez-600x400.jpg 600w\" sizes=\"(max-width: 1024px) 100vw, 1024px\" \/>\t\t\t\t\t\t\t\t\t\t\t\t\t\t\t<\/div>\n\t\t\t\t<\/div>\n\t\t\t\t<div class=\"elementor-element elementor-element-60777e8 sc_fly_static elementor-widget elementor-widget-spacer\" data-id=\"60777e8\" data-element_type=\"widget\" data-e-type=\"widget\" data-widget_type=\"spacer.default\">\n\t\t\t\t<div class=\"elementor-widget-container\">\n\t\t\t\t\t\t\t<div class=\"elementor-spacer\">\n\t\t\t<div class=\"elementor-spacer-inner\"><\/div>\n\t\t<\/div>\n\t\t\t\t\t\t<\/div>\n\t\t\t\t<\/div>\n\t\t\t\t<div class=\"elementor-element elementor-element-f6c4676 sc_fly_static elementor-widget elementor-widget-heading\" data-id=\"f6c4676\" data-element_type=\"widget\" data-e-type=\"widget\" data-widget_type=\"heading.default\">\n\t\t\t\t<div class=\"elementor-widget-container\">\n\t\t\t\t\t<h2 class=\"elementor-heading-title elementor-size-default\">Voiles de St Tropez<\/h2>\t\t\t\t<\/div>\n\t\t\t\t<\/div>\n\t\t\t\t<div class=\"elementor-element elementor-element-6921cd2 sc_fly_static elementor-widget elementor-widget-text-editor\" data-id=\"6921cd2\" data-element_type=\"widget\" data-e-type=\"widget\" data-widget_type=\"text-editor.default\">\n\t\t\t\t<div class=\"elementor-widget-container\">\n\t\t\t\t\t\t\t\t\t<blockquote><p style=\"text-align: center;\">The concept f this Collection came up in sunny Saint Tropez, on the occasion of the launching of the 2014 Saint Tropez Collection. The idea was creating waterproof bracelets.\n\nNavigating in the sea of sailboat hardware and gear of Saint Tropez.\nTereza Xavier found and brought delicate multicolored sailboat lines, together with little cotters, connectors, hooks and claps. The mind and the hands of the artist added Precious Stones to sailboat gear. This unthought of mix turned into beautiful women\u00b4s and men\u00b4s bracelets.\nThe Voiles of Saint Tropez bracelets have arrived, wishing good luck and good winds to The Regatta and welcoming The Olympic Games to Rio de Janeiro. A must have.<\/p><\/blockquote>\t\t\t\t\t\t\t\t<\/div>\n\t\t\t\t<\/div>\n\t\t\t\t<div class=\"elementor-element elementor-element-57a99ba sc_fly_static elementor-widget elementor-widget-spacer\" data-id=\"57a99ba\" data-element_type=\"widget\" data-e-type=\"widget\" data-widget_type=\"spacer.default\">\n\t\t\t\t<div class=\"elementor-widget-container\">\n\t\t\t\t\t\t\t<div class=\"elementor-spacer\">\n\t\t\t<div class=\"elementor-spacer-inner\"><\/div>\n\t\t<\/div>\n\t\t\t\t\t\t<\/div>\n\t\t\t\t<\/div>\n\t\t\t\t<div class=\"elementor-element elementor-element-3df7137 sc_fly_static elementor-widget elementor-widget-text-editor\" data-id=\"3df7137\" data-element_type=\"widget\" data-e-type=\"widget\" data-widget_type=\"text-editor.default\">\n\t\t\t\t<div class=\"elementor-widget-container\">\n\t\t\t\t\t\t\t\t\t<blockquote><p style=\"text-align: center;\"><em>Bons Ventos!<\/em><\/p><\/blockquote>\t\t\t\t\t\t\t\t<\/div>\n\t\t\t\t<\/div>\n\t\t\t\t<div class=\"elementor-element elementor-element-b809cdc sc_fly_static elementor-widget elementor-widget-spacer\" data-id=\"b809cdc\" data-element_type=\"widget\" data-e-type=\"widget\" data-widget_type=\"spacer.default\">\n\t\t\t\t<div class=\"elementor-widget-container\">\n\t\t\t\t\t\t\t<div class=\"elementor-spacer\">\n\t\t\t<div class=\"elementor-spacer-inner\"><\/div>\n\t\t<\/div>\n\t\t\t\t\t\t<\/div>\n\t\t\t\t<\/div>\n\t\t\t\t\t<\/div>\n\t\t<\/div>\n\t\t\t\t\t<\/div>\n\t\t<\/section>\n\t\t\t\t<section class=\"elementor-section-with-custom-width elementor-section elementor-top-section elementor-element elementor-element-7733a0d elementor-section-full_width elementor-section-stretched elementor-section-height-default elementor-section-height-default sc_fly_static\" data-id=\"7733a0d\" data-element_type=\"section\" data-e-type=\"section\" data-settings=\"{&quot;stretch_section&quot;:&quot;section-stretched&quot;}\">\n\t\t\t\t\t\t<div class=\"elementor-container elementor-column-gap-extended\">\n\t\t\t\t\t<div class=\"elementor-column elementor-col-100 elementor-top-column elementor-element elementor-element-77a6158 sc_content_align_inherit sc_layouts_column_icons_position_left sc_fly_static\" data-id=\"77a6158\" data-element_type=\"column\" data-e-type=\"column\">\n\t\t\t<div class=\"elementor-widget-wrap elementor-element-populated\">\n\t\t\t\t\t\t<div class=\"elementor-element elementor-element-b2459b5 sc_fly_static elementor-widget elementor-widget-image\" data-id=\"b2459b5\" data-element_type=\"widget\" data-e-type=\"widget\" data-widget_type=\"image.default\">\n\t\t\t\t<div class=\"elementor-widget-container\">\n\t\t\t\t\t\t\t\t\t\t\t\t\t\t\t<img decoding=\"async\" width=\"1024\" height=\"683\" src=\"https:\/\/terezaxavier.com.br\/wp-content\/uploads\/2023\/04\/colecao-voiles-saint-tropez-pulseiras-1024x683.jpg\" class=\"attachment-large size-large wp-image-24764\" alt=\"\" srcset=\"https:\/\/terezaxavier.com.br\/wp-content\/uploads\/2023\/04\/colecao-voiles-saint-tropez-pulseiras-1024x683.jpg 1024w, https:\/\/terezaxavier.com.br\/wp-content\/uploads\/2023\/04\/colecao-voiles-saint-tropez-pulseiras-300x200.jpg 300w, https:\/\/terezaxavier.com.br\/wp-content\/uploads\/2023\/04\/colecao-voiles-saint-tropez-pulseiras-768x513.jpg 768w, https:\/\/terezaxavier.com.br\/wp-content\/uploads\/2023\/04\/colecao-voiles-saint-tropez-pulseiras-1536x1025.jpg 1536w, https:\/\/terezaxavier.com.br\/wp-content\/uploads\/2023\/04\/colecao-voiles-saint-tropez-pulseiras-2048x1367.jpg 2048w, https:\/\/terezaxavier.com.br\/wp-content\/uploads\/2023\/04\/colecao-voiles-saint-tropez-pulseiras-370x247.jpg 370w, https:\/\/terezaxavier.com.br\/wp-content\/uploads\/2023\/04\/colecao-voiles-saint-tropez-pulseiras-840x561.jpg 840w, https:\/\/terezaxavier.com.br\/wp-content\/uploads\/2023\/04\/colecao-voiles-saint-tropez-pulseiras-410x274.jpg 410w, https:\/\/terezaxavier.com.br\/wp-content\/uploads\/2023\/04\/colecao-voiles-saint-tropez-pulseiras-600x400.jpg 600w\" sizes=\"(max-width: 1024px) 100vw, 1024px\" \/>\t\t\t\t\t\t\t\t\t\t\t\t\t\t\t<\/div>\n\t\t\t\t<\/div>\n\t\t\t\t\t<\/div>\n\t\t<\/div>\n\t\t\t\t\t<\/div>\n\t\t<\/section>\n\t\t\t\t<\/div>","protected":false},"excerpt":{"rendered":"<p>Voiles de St Tropez Ap\u00f3s exper\u00eanciar o evento Voiles de Saint Tropez, Tereza Xavier decidiu confeccionar pulseiras com materiais n\u00e1uticos e pequenas pe\u00e7as usadas em veleiros, pe\u00e7as super especiais \u00e0&hellip;<\/p>","protected":false},"author":1,"featured_media":0,"parent":0,"menu_order":0,"comment_status":"closed","ping_status":"closed","template":"elementor_header_footer","meta":{"_joinchat":[],"footnotes":""},"class_list":["post-24756","page","type-page","status-publish","hentry"],"_hostinger_reach_plugin_has_subscription_block":false,"_hostinger_reach_plugin_is_elementor":false,"_links":{"self":[{"href":"https:\/\/terezaxavier.com.br\/en\/wp-json\/wp\/v2\/pages\/24756","targetHints":{"allow":["GET"]}}],"collection":[{"href":"https:\/\/terezaxavier.com.br\/en\/wp-json\/wp\/v2\/pages"}],"about":[{"href":"https:\/\/terezaxavier.com.br\/en\/wp-json\/wp\/v2\/types\/page"}],"author":[{"embeddable":true,"href":"https:\/\/terezaxavier.com.br\/en\/wp-json\/wp\/v2\/users\/1"}],"replies":[{"embeddable":true,"href":"https:\/\/terezaxavier.com.br\/en\/wp-json\/wp\/v2\/comments?post=24756"}],"version-history":[{"count":57,"href":"https:\/\/terezaxavier.com.br\/en\/wp-json\/wp\/v2\/pages\/24756\/revisions"}],"predecessor-version":[{"id":42982,"href":"https:\/\/terezaxavier.com.br\/en\/wp-json\/wp\/v2\/pages\/24756\/revisions\/42982"}],"wp:attachment":[{"href":"https:\/\/terezaxavier.com.br\/en\/wp-json\/wp\/v2\/media?parent=24756"}],"curies":[{"name":"wp","href":"https:\/\/api.w.org\/{rel}","templated":true}]}}